{"id":32074,"date":"2024-04-12T21:18:28","date_gmt":"2024-04-12T22:18:28","guid":{"rendered":"https:\/\/oragarden.de\/?post_type=product&#038;p=32074"},"modified":"2025-10-24T13:24:14","modified_gmt":"2025-10-24T14:24:14","slug":"kolibri-home-kunststoff-balkonpflanzer-weiss-mit-aufhaengesystem-36-cm-breit","status":"publish","type":"product","link":"https:\/\/oragarden.de\/en\/product\/kolibri-home-kunststoff-balkonpflanzer-weiss-mit-aufhaengesystem-36-cm-breit\/","title":{"rendered":"Kolibri Home Kunststoff-Balkonpflanzer wei\u00df mit Aufh\u00e4ngesystem &#8211; 36 cm breit"},"content":{"rendered":"Dieser Balkon-Pflanzk\u00fcbel wird Ihren Balkon versch\u00f6nern! Mit diesem Balkon-Pflanzgef\u00e4\u00df sorgen Sie daf\u00fcr, dass Ihr Balkon oder Ihr Zaun strahlend aussieht. Der Balkon-Pflanzk\u00fcbel in Kombination mit einer sch\u00f6nen Pflanze schafft eine anmutige Erg\u00e4nzung f\u00fcr Ihren Balkon oder Zaun. Der Balkon-Pflanzk\u00fcbel ist mit einem Wasserreservoir ausgestattet. Au\u00dferdem verf\u00fcgt das Pflanzgef\u00e4\u00df \u00fcber ein praktisches System, mit dem es fest verankert werden kann. Der Balkon-Pflanzk\u00fcbel ist in den Farben Wei\u00df und Taupe erh\u00e4ltlich und hat eine Topfgr\u00f6\u00dfe von 12 cm. Der Beh\u00e4lter hat eine Breite von 36 cm, eine L\u00e4nge von 23 cm und eine H\u00f6he von 19 cm.","protected":false},"excerpt":{"rendered":"<p>Dieser Balkon-Pflanzk\u00fcbel wird Ihren Balkon versch\u00f6nern! Mit diesem Balkon-Pflanzgef\u00e4\u00df sorgen Sie daf\u00fcr, dass Ihr Balkon oder Ihr Zaun strahlend aussieht. Der Balkon-Pflanzk\u00fcbel in Kombination mit einer sch\u00f6nen Pflanze schafft eine anmutige Erg\u00e4nzung f\u00fcr Ihren Balkon oder Zaun. Der Balkon-Pflanzk\u00fcbel ist mit einem Wasserreservoir ausgestattet. Au\u00dferdem verf\u00fcgt das Pflanzgef\u00e4\u00df \u00fcber ein praktisches System, mit dem es [&hellip;]<\/p>\n","protected":false},"author":1,"featured_media":32075,"comment_status":"open","ping_status":"closed","template":"","meta":{"inline_featured_image":false},"pwb-brand":[5097],"product_cat":[6596],"product_tag":[6746],"class_list":{"0":"post-32074","1":"product","2":"type-product","3":"status-publish","4":"has-post-thumbnail","6":"pwb-brand-kolibri","7":"product_cat-cat-blumenkasten-und-balkonkasten","8":"product_tag-blumentopfe-weis","10":"first","11":"outofstock","12":"sale","13":"taxable","14":"shipping-taxable","15":"purchasable","16":"product-type-simple"},"acf":[],"gtin":"8785279220176","brands":[{"id":5097,"name":"Kolibri","slug":"kolibri"}],"_links":{"self":[{"href":"https:\/\/oragarden.de\/en\/wp-json\/wp\/v2\/product\/32074","targetHints":{"allow":["GET"]}}],"collection":[{"href":"https:\/\/oragarden.de\/en\/wp-json\/wp\/v2\/product"}],"about":[{"href":"https:\/\/oragarden.de\/en\/wp-json\/wp\/v2\/types\/product"}],"author":[{"embeddable":true,"href":"https:\/\/oragarden.de\/en\/wp-json\/wp\/v2\/users\/1"}],"replies":[{"embeddable":true,"href":"https:\/\/oragarden.de\/en\/wp-json\/wp\/v2\/comments?post=32074"}],"wp:featuredmedia":[{"embeddable":true,"href":"https:\/\/oragarden.de\/en\/wp-json\/wp\/v2\/media\/32075"}],"wp:attachment":[{"href":"https:\/\/oragarden.de\/en\/wp-json\/wp\/v2\/media?parent=32074"}],"wp:term":[{"taxonomy":"pwb-brand","embeddable":true,"href":"https:\/\/oragarden.de\/en\/wp-json\/wp\/v2\/pwb-brand?post=32074"},{"taxonomy":"product_cat","embeddable":true,"href":"https:\/\/oragarden.de\/en\/wp-json\/wp\/v2\/product_cat?post=32074"},{"taxonomy":"product_tag","embeddable":true,"href":"https:\/\/oragarden.de\/en\/wp-json\/wp\/v2\/product_tag?post=32074"}],"curies":[{"name":"wp","href":"https:\/\/api.w.org\/{rel}","templated":true}]}}