{"id":31617,"date":"2024-05-28T17:25:36","date_gmt":"2024-05-28T18:25:36","guid":{"rendered":"https:\/\/oragarden.de\/?post_type=product&#038;p=31617"},"modified":"2025-10-24T13:23:26","modified_gmt":"2025-10-24T14:23:26","slug":"green-boutiq-kunstpflanze-areca-lutescens-goldpalme-180-cm","status":"publish","type":"product","link":"https:\/\/oragarden.de\/en\/product\/green-boutiq-kunstpflanze-areca-lutescens-goldpalme-180-cm\/","title":{"rendered":"Green Boutiq Kunstpflanze Areca Lutescens (Goldpalme) &#8211; 180 cm"},"content":{"rendered":"<h2>W\u00e4hlen Sie diese immergr\u00fcne Kunst-Goldpalme (Areca Lutescens)<\/h2>\r\nDie Areca Lutescens, in den Niederlanden auch Goldpalm genannt, stammt urspr\u00fcnglich aus Madagaskar. Wenn eine echte Areca Lutescens in voller Sonne steht, werden die Bl\u00e4tter gelb. Aber das passiert nicht bei dieser sch\u00f6nen Kunstpalme, sie bleibt immer frisch und tropisch gr\u00fcn. Mit einer H\u00f6he von 180 Zentimetern ist diese Kunst-Goldpalm ein imposanter Blickfang in jedem Raum, in dem Sie sie platzieren. Ein sehr sch\u00f6ner Kauf, an dem Sie lange Freude haben werden.\r\n<h2>Kunstpflanzen machen \u00fcberall eine gute Figur<\/h2>\r\nOb Sie unsere Kunstpflanzen in einem sonnigen Wohnzimmer, einer schattigen Ecke oder einem fensterlosen B\u00fcro platzieren, sie gedeihen \u00fcberall gut. Kunstpflanzen ben\u00f6tigen kein Sonnenlicht und k\u00f6nnen in Umgebungen gedeihen, in denen echte Pflanzen es schwer h\u00e4tten. Schaffen Sie eine gr\u00fcne Oase in R\u00e4umen, in denen nat\u00fcrliches Licht begrenzt ist, und f\u00fcgen Sie jeder Umgebung einen Hauch von Lebendigkeit hinzu. Mit Kunstpflanzen k\u00f6nnen Sie \u00fcberall eine gr\u00fcne Atmosph\u00e4re genie\u00dfen.","protected":false},"excerpt":{"rendered":"<p>W\u00e4hlen Sie diese immergr\u00fcne Kunst-Goldpalme (Areca Lutescens) Die Areca Lutescens, in den Niederlanden auch Goldpalm genannt, stammt urspr\u00fcnglich aus Madagaskar. Wenn eine echte Areca Lutescens in voller Sonne steht, werden die Bl\u00e4tter gelb. Aber das passiert nicht bei dieser sch\u00f6nen Kunstpalme, sie bleibt immer frisch und tropisch gr\u00fcn. Mit einer H\u00f6he von 180 Zentimetern ist [&hellip;]<\/p>\n","protected":false},"author":1,"featured_media":31618,"comment_status":"open","ping_status":"closed","template":"","meta":{"inline_featured_image":false},"pwb-brand":[4039],"product_cat":[4038],"product_tag":[],"class_list":{"0":"post-31617","1":"product","2":"type-product","3":"status-publish","4":"has-post-thumbnail","6":"pwb-brand-green-boutiq","7":"product_cat-cat-kunstpflanzen","9":"first","10":"outofstock","11":"sale","12":"taxable","13":"shipping-taxable","14":"purchasable","15":"product-type-simple"},"acf":[],"gtin":"8720872540115","brands":[{"id":4039,"name":"Green Boutiq","slug":"green-boutiq"}],"_links":{"self":[{"href":"https:\/\/oragarden.de\/en\/wp-json\/wp\/v2\/product\/31617","targetHints":{"allow":["GET"]}}],"collection":[{"href":"https:\/\/oragarden.de\/en\/wp-json\/wp\/v2\/product"}],"about":[{"href":"https:\/\/oragarden.de\/en\/wp-json\/wp\/v2\/types\/product"}],"author":[{"embeddable":true,"href":"https:\/\/oragarden.de\/en\/wp-json\/wp\/v2\/users\/1"}],"replies":[{"embeddable":true,"href":"https:\/\/oragarden.de\/en\/wp-json\/wp\/v2\/comments?post=31617"}],"wp:featuredmedia":[{"embeddable":true,"href":"https:\/\/oragarden.de\/en\/wp-json\/wp\/v2\/media\/31618"}],"wp:attachment":[{"href":"https:\/\/oragarden.de\/en\/wp-json\/wp\/v2\/media?parent=31617"}],"wp:term":[{"taxonomy":"pwb-brand","embeddable":true,"href":"https:\/\/oragarden.de\/en\/wp-json\/wp\/v2\/pwb-brand?post=31617"},{"taxonomy":"product_cat","embeddable":true,"href":"https:\/\/oragarden.de\/en\/wp-json\/wp\/v2\/product_cat?post=31617"},{"taxonomy":"product_tag","embeddable":true,"href":"https:\/\/oragarden.de\/en\/wp-json\/wp\/v2\/product_tag?post=31617"}],"curies":[{"name":"wp","href":"https:\/\/api.w.org\/{rel}","templated":true}]}}