{"id":31610,"date":"2024-05-28T17:25:36","date_gmt":"2024-05-28T18:25:36","guid":{"rendered":"https:\/\/oragarden.de\/?post_type=product&#038;p=31610"},"modified":"2025-10-24T13:23:25","modified_gmt":"2025-10-24T14:23:25","slug":"green-boutiq-kunstpflanze-zamioculcas-zimmerpalme-110-cm","status":"publish","type":"product","link":"https:\/\/oragarden.de\/en\/product\/green-boutiq-kunstpflanze-zamioculcas-zimmerpalme-110-cm\/","title":{"rendered":"Green Boutiq Kunstpflanze Zamioculcas (Zimmerpalme) &#8211; 110 cm"},"content":{"rendered":"<h2>&#8220;Genie\u00dfen Sie diese wundersch\u00f6ne Kunstpflanze Zamioculcas (Zimmerpalme)&#8221;<\/h2>\r\nDiese herrlichen k\u00fcnstlichen Zamioculcas mit ihren sch\u00f6nen ovalen Bl\u00e4ttern k\u00f6nnen nicht von echten Pflanzen unterschieden werden. Eine echte Zamioculcas kann manchmal unkontrolliert wachsen und sich durch zu viel Sonnenlicht biegen, aber die St\u00e4ngel dieser k\u00fcnstlichen Pflanze bleiben immer aufrecht. Die afrikanische Pflanze ist auch unter den Namen &#8220;Zimmerpalme&#8221; oder &#8220;ZZ-Pflanze&#8221; bekannt und wird immer h\u00e4ufiger gesehen. Sie sieht gro\u00dfartig im Wohnzimmer, Flur oder B\u00fcro aus. Es gibt diese Kunstpflanze auch in einer gr\u00f6\u00dferen \/ kleineren Version.\r\n<h3>Unbegrenzte Vielfalt mit Kunstpflanzen<\/h3>\r\nMit unserer umfangreichen Sammlung von Kunstpflanzen k\u00f6nnen Sie endlos in Pflanzenarten und Stilen variieren. Egal, ob Sie \u00fcppige Farne, exotische Palmen oder sch\u00f6ne, bunte Pflanzen m\u00f6gen, wir haben f\u00fcr jeden etwas dabei. Gestalten Sie ein tropisches Paradies in Ihrem Wohnzimmer, eine friedliche Oase in Ihrem Schlafzimmer oder eine minimalistische gr\u00fcne Ecke in Ihrem B\u00fcro. Mit Kunstpflanzen k\u00f6nnen Sie Ihr Interieur an Ihren pers\u00f6nlichen Geschmack und Stil anpassen. Entdecken Sie die vielen M\u00f6glichkeiten und lassen Sie Ihrer Kreativit\u00e4t mit unserem Sortiment freien Lauf.","protected":false},"excerpt":{"rendered":"<p>&#8220;Genie\u00dfen Sie diese wundersch\u00f6ne Kunstpflanze Zamioculcas (Zimmerpalme)&#8221; Diese herrlichen k\u00fcnstlichen Zamioculcas mit ihren sch\u00f6nen ovalen Bl\u00e4ttern k\u00f6nnen nicht von echten Pflanzen unterschieden werden. Eine echte Zamioculcas kann manchmal unkontrolliert wachsen und sich durch zu viel Sonnenlicht biegen, aber die St\u00e4ngel dieser k\u00fcnstlichen Pflanze bleiben immer aufrecht. Die afrikanische Pflanze ist auch unter den Namen &#8220;Zimmerpalme&#8221; [&hellip;]<\/p>\n","protected":false},"author":1,"featured_media":31611,"comment_status":"open","ping_status":"closed","template":"","meta":{"inline_featured_image":false},"pwb-brand":[4039],"product_cat":[4038],"product_tag":[],"class_list":{"0":"post-31610","1":"product","2":"type-product","3":"status-publish","4":"has-post-thumbnail","6":"pwb-brand-green-boutiq","7":"product_cat-cat-kunstpflanzen","9":"first","10":"outofstock","11":"sale","12":"taxable","13":"shipping-taxable","14":"purchasable","15":"product-type-simple"},"acf":[],"gtin":"8720872540900","brands":[{"id":4039,"name":"Green Boutiq","slug":"green-boutiq"}],"_links":{"self":[{"href":"https:\/\/oragarden.de\/en\/wp-json\/wp\/v2\/product\/31610","targetHints":{"allow":["GET"]}}],"collection":[{"href":"https:\/\/oragarden.de\/en\/wp-json\/wp\/v2\/product"}],"about":[{"href":"https:\/\/oragarden.de\/en\/wp-json\/wp\/v2\/types\/product"}],"author":[{"embeddable":true,"href":"https:\/\/oragarden.de\/en\/wp-json\/wp\/v2\/users\/1"}],"replies":[{"embeddable":true,"href":"https:\/\/oragarden.de\/en\/wp-json\/wp\/v2\/comments?post=31610"}],"wp:featuredmedia":[{"embeddable":true,"href":"https:\/\/oragarden.de\/en\/wp-json\/wp\/v2\/media\/31611"}],"wp:attachment":[{"href":"https:\/\/oragarden.de\/en\/wp-json\/wp\/v2\/media?parent=31610"}],"wp:term":[{"taxonomy":"pwb-brand","embeddable":true,"href":"https:\/\/oragarden.de\/en\/wp-json\/wp\/v2\/pwb-brand?post=31610"},{"taxonomy":"product_cat","embeddable":true,"href":"https:\/\/oragarden.de\/en\/wp-json\/wp\/v2\/product_cat?post=31610"},{"taxonomy":"product_tag","embeddable":true,"href":"https:\/\/oragarden.de\/en\/wp-json\/wp\/v2\/product_tag?post=31610"}],"curies":[{"name":"wp","href":"https:\/\/api.w.org\/{rel}","templated":true}]}}