{"id":31603,"date":"2024-05-28T17:25:36","date_gmt":"2024-05-28T18:25:36","guid":{"rendered":"https:\/\/oragarden.de\/?post_type=product&#038;p=31603"},"modified":"2025-10-24T13:23:25","modified_gmt":"2025-10-24T14:23:25","slug":"kunstpflanze-tropaeolum-speciosum-ostindische-kirsche-210-cm","status":"publish","type":"product","link":"https:\/\/oragarden.de\/en\/product\/kunstpflanze-tropaeolum-speciosum-ostindische-kirsche-210-cm\/","title":{"rendered":"Green Boutiq Kunstpflanze Tropaeolum Speciosum (Ostindische Kirsche) &#8211; 210 cm"},"content":{"rendered":"<h2>Bringen Sie etwas Besonderes in Ihr Zuhause mit dieser Ostindische Kirsche Kunstpflanze<\/h2>\r\nDer Tropaeolum speciosum stammt urspr\u00fcnglich aus Chile, hat sich aber inzwischen auf der ganzen Welt verbreitet. Von Neuseeland bis Schottland hat er Orte gefunden, an denen er sich wohl f\u00fchlt. Dieser sch\u00f6ne Kunstbaum verleiht jedem Raum eine angenehme Atmosph\u00e4re. Der sehr realistisch aussehende Ostindische Kirsche eignet sich besonders gut f\u00fcr das B\u00fcro. Das &#8220;fast echt&#8221; Gef\u00fchl des Baums macht die langen Innentage angenehmer. Auch sch\u00f6n in einem Wintergarten, einer gro\u00dfen Halle oder einem Wohnzimmer. Der Kunsttropaeolum speciosum ist auch in einer gr\u00f6\u00dferen oder kleineren Gr\u00f6\u00dfe erh\u00e4ltlich.\r\n<h3>Bleiben Sie flexibel mit Kunstpflanzen<\/h3>\r\nWenn Sie Ihr Interieur \u00e4ndern oder einen Raum neu gestalten m\u00f6chten, k\u00f6nnen Sie f\u00fcr Ihre Kunstpflanzen immer einen neuen Platz finden. Verschieben Sie sie in einen anderen Raum, erstellen Sie eine neue Anordnung oder f\u00fcgen Sie sie einer bestehenden Pflanzengruppe hinzu. Mit Kunstpflanzen haben Sie die Flexibilit\u00e4t, Ihr Interieur an Ihren sich \u00e4ndernden Geschmack anzupassen. Die Pflanzen von Green boutiQ verleihen jedem Raum eine frische Ausstrahlung. Entdecken Sie die vielseitigen Dekorationsm\u00f6glichkeiten unserer Kunstpflanzen.","protected":false},"excerpt":{"rendered":"<p>Bringen Sie etwas Besonderes in Ihr Zuhause mit dieser Ostindische Kirsche Kunstpflanze Der Tropaeolum speciosum stammt urspr\u00fcnglich aus Chile, hat sich aber inzwischen auf der ganzen Welt verbreitet. Von Neuseeland bis Schottland hat er Orte gefunden, an denen er sich wohl f\u00fchlt. Dieser sch\u00f6ne Kunstbaum verleiht jedem Raum eine angenehme Atmosph\u00e4re. Der sehr realistisch aussehende [&hellip;]<\/p>\n","protected":false},"author":1,"featured_media":31604,"comment_status":"open","ping_status":"closed","template":"","meta":{"inline_featured_image":false},"pwb-brand":[4039],"product_cat":[4038],"product_tag":[],"class_list":{"0":"post-31603","1":"product","2":"type-product","3":"status-publish","4":"has-post-thumbnail","6":"pwb-brand-green-boutiq","7":"product_cat-cat-kunstpflanzen","9":"first","10":"outofstock","11":"sale","12":"taxable","13":"shipping-taxable","14":"purchasable","15":"product-type-simple"},"acf":[],"gtin":"8720872540801","brands":[{"id":4039,"name":"Green Boutiq","slug":"green-boutiq"}],"_links":{"self":[{"href":"https:\/\/oragarden.de\/en\/wp-json\/wp\/v2\/product\/31603","targetHints":{"allow":["GET"]}}],"collection":[{"href":"https:\/\/oragarden.de\/en\/wp-json\/wp\/v2\/product"}],"about":[{"href":"https:\/\/oragarden.de\/en\/wp-json\/wp\/v2\/types\/product"}],"author":[{"embeddable":true,"href":"https:\/\/oragarden.de\/en\/wp-json\/wp\/v2\/users\/1"}],"replies":[{"embeddable":true,"href":"https:\/\/oragarden.de\/en\/wp-json\/wp\/v2\/comments?post=31603"}],"wp:featuredmedia":[{"embeddable":true,"href":"https:\/\/oragarden.de\/en\/wp-json\/wp\/v2\/media\/31604"}],"wp:attachment":[{"href":"https:\/\/oragarden.de\/en\/wp-json\/wp\/v2\/media?parent=31603"}],"wp:term":[{"taxonomy":"pwb-brand","embeddable":true,"href":"https:\/\/oragarden.de\/en\/wp-json\/wp\/v2\/pwb-brand?post=31603"},{"taxonomy":"product_cat","embeddable":true,"href":"https:\/\/oragarden.de\/en\/wp-json\/wp\/v2\/product_cat?post=31603"},{"taxonomy":"product_tag","embeddable":true,"href":"https:\/\/oragarden.de\/en\/wp-json\/wp\/v2\/product_tag?post=31603"}],"curies":[{"name":"wp","href":"https:\/\/api.w.org\/{rel}","templated":true}]}}