{"id":31590,"date":"2024-05-28T17:25:37","date_gmt":"2024-05-28T18:25:37","guid":{"rendered":"https:\/\/oragarden.de\/?post_type=product&#038;p=31590"},"modified":"2025-10-24T13:23:24","modified_gmt":"2025-10-24T14:23:24","slug":"green-boutiq-kunstpflanze-strelitzia-nicolai-paradiesvogelblume-180-cm","status":"publish","type":"product","link":"https:\/\/oragarden.de\/en\/product\/green-boutiq-kunstpflanze-strelitzia-nicolai-paradiesvogelblume-180-cm\/","title":{"rendered":"Green Boutiq Kunstpflanze Strelitzia Nicolai (Paradiesvogelblume) &#8211; 180 cm"},"content":{"rendered":"<h2>Genie\u00dfen Sie die gro\u00dfen Bl\u00e4tter dieser sch\u00f6nen Kunstpflanze Strelizia<\/h2>\r\nStrelitzia ist eine sch\u00f6ne Pflanze, die in den deutschen Klimabedingungen schwer zu pflegen ist. Daher kann es sinnvoll sein, sich f\u00fcr eine k\u00fcnstliche Variante zu entscheiden. Sie werden kaum einen Unterschied bemerken, da die k\u00fcnstliche Strelitzia mit ihren sch\u00f6nen Seidenbl\u00e4ttern ein fast echtes Aussehen bietet und zudem eine nachhaltige Wahl ist. Der deutsche Name &#8220;Paradiesvogelblume&#8221; bezieht sich auf die pr\u00e4chtigen Blumen, die in den Tropen an der Strelitzia wachsen. Mit lila und orange scheinen sie wie V\u00f6gel. In unseren Wohnr\u00e4umen bl\u00fcht die Paradiesvogelblume jedoch nicht, weswegen auch die k\u00fcnstliche Strelitzia ohne Bl\u00fcten geliefert wird. Trotzdem sind die gro\u00dfen Bl\u00e4tter alleine bereits ein Highlight. Unsere Strelitzia Nicolai ist auch in einer gr\u00f6\u00dferen \/ kleineren Gr\u00f6\u00dfe erh\u00e4ltlich.\r\n<h3>Bleiben Sie flexibel mit Kunstpflanzen<\/h3>\r\nWenn Sie Ihr Interieur \u00e4ndern oder einen Raum neu gestalten m\u00f6chten, k\u00f6nnen Sie f\u00fcr Ihre Kunstpflanzen immer einen neuen Platz finden. Verschieben Sie sie in einen anderen Raum, erstellen Sie eine neue Anordnung oder f\u00fcgen Sie sie einer bestehenden Pflanzengruppe hinzu. Mit Kunstpflanzen haben Sie die Flexibilit\u00e4t, Ihr Interieur an Ihren sich \u00e4ndernden Geschmack anzupassen. Die Pflanzen von Green boutiQ verleihen jedem Raum eine frische Ausstrahlung. Entdecken Sie die vielseitigen Dekorationsm\u00f6glichkeiten unserer Kunstpflanzen.","protected":false},"excerpt":{"rendered":"<p>Genie\u00dfen Sie die gro\u00dfen Bl\u00e4tter dieser sch\u00f6nen Kunstpflanze Strelizia Strelitzia ist eine sch\u00f6ne Pflanze, die in den deutschen Klimabedingungen schwer zu pflegen ist. Daher kann es sinnvoll sein, sich f\u00fcr eine k\u00fcnstliche Variante zu entscheiden. Sie werden kaum einen Unterschied bemerken, da die k\u00fcnstliche Strelitzia mit ihren sch\u00f6nen Seidenbl\u00e4ttern ein fast echtes Aussehen bietet und [&hellip;]<\/p>\n","protected":false},"author":1,"featured_media":31591,"comment_status":"open","ping_status":"closed","template":"","meta":{"inline_featured_image":false},"pwb-brand":[4039],"product_cat":[4038],"product_tag":[],"class_list":{"0":"post-31590","1":"product","2":"type-product","3":"status-publish","4":"has-post-thumbnail","6":"pwb-brand-green-boutiq","7":"product_cat-cat-kunstpflanzen","9":"first","10":"outofstock","11":"sale","12":"taxable","13":"shipping-taxable","14":"purchasable","15":"product-type-simple"},"acf":[],"gtin":"8720872540795","brands":[{"id":4039,"name":"Green Boutiq","slug":"green-boutiq"}],"_links":{"self":[{"href":"https:\/\/oragarden.de\/en\/wp-json\/wp\/v2\/product\/31590","targetHints":{"allow":["GET"]}}],"collection":[{"href":"https:\/\/oragarden.de\/en\/wp-json\/wp\/v2\/product"}],"about":[{"href":"https:\/\/oragarden.de\/en\/wp-json\/wp\/v2\/types\/product"}],"author":[{"embeddable":true,"href":"https:\/\/oragarden.de\/en\/wp-json\/wp\/v2\/users\/1"}],"replies":[{"embeddable":true,"href":"https:\/\/oragarden.de\/en\/wp-json\/wp\/v2\/comments?post=31590"}],"wp:featuredmedia":[{"embeddable":true,"href":"https:\/\/oragarden.de\/en\/wp-json\/wp\/v2\/media\/31591"}],"wp:attachment":[{"href":"https:\/\/oragarden.de\/en\/wp-json\/wp\/v2\/media?parent=31590"}],"wp:term":[{"taxonomy":"pwb-brand","embeddable":true,"href":"https:\/\/oragarden.de\/en\/wp-json\/wp\/v2\/pwb-brand?post=31590"},{"taxonomy":"product_cat","embeddable":true,"href":"https:\/\/oragarden.de\/en\/wp-json\/wp\/v2\/product_cat?post=31590"},{"taxonomy":"product_tag","embeddable":true,"href":"https:\/\/oragarden.de\/en\/wp-json\/wp\/v2\/product_tag?post=31590"}],"curies":[{"name":"wp","href":"https:\/\/api.w.org\/{rel}","templated":true}]}}