{"id":31577,"date":"2024-05-28T17:25:36","date_gmt":"2024-05-28T18:25:36","guid":{"rendered":"https:\/\/oragarden.de\/?post_type=product&#038;p=31577"},"modified":"2025-10-24T13:23:23","modified_gmt":"2025-10-24T14:23:23","slug":"kunstpflanze-polyscias-aralia-160-cm","status":"publish","type":"product","link":"https:\/\/oragarden.de\/en\/product\/kunstpflanze-polyscias-aralia-160-cm\/","title":{"rendered":"Green Boutiq Kunstpflanze Polyscias (Aralia) &#8211; 160 cm"},"content":{"rendered":"<h2>Kunstbaum Polyscias (Aralia) versch\u00f6nert jeden Raum<\/h2>\r\nDieser k\u00fcnstliche Aralia-Baum ist ein wahrer Augenschmaus, der \u00fcber den ganzen Zweig sch\u00f6ne Bl\u00e4tter hat. Auch bekannt als Polyscias, was auf Griechisch &#8220;viele Schatten&#8221; bedeutet, wegen seiner vielen Bl\u00e4tter. Ein echter Polyscias ben\u00f6tigt einen festen Platz im Haus und ist nicht an Ver\u00e4nderungen gew\u00f6hnt. Aber mit diesem k\u00fcnstlichen Baum haben Sie die Freiheit, ihn nach Belieben zu ver\u00e4ndern und zu verschieben. Er verleiht jedem Raum eine gr\u00fcne, frische Atmosph\u00e4re. Die Aralia ist in vier verschiedenen Gr\u00f6\u00dfen erh\u00e4ltlich.\r\n<h3>Genie\u00dfen Sie mit Kunstpflanzen die nat\u00fcrliche Ausstrahlung von Gr\u00fcn, ohne den Aufwand.<\/h3>\r\nBringen Sie die Sch\u00f6nheit der Natur nach drinnen mit unserer wundersch\u00f6nen Kollektion von Kunstpflanzen. Genie\u00dfen Sie die nat\u00fcrliche Ausstrahlung von Gr\u00fcn, ohne sich um die Pflege k\u00fcmmern zu m\u00fcssen. Unsere Kunstpflanzen wurden sorgf\u00e4ltig entworfen, um realistisch auszusehen und sind kaum von echten Pflanzen zu unterscheiden. Sie behalten ihre frische und lebendige Erscheinung, ohne dass Sie sie gie\u00dfen oder in die Sonne stellen m\u00fcssen. Mit unseren Kunstpflanzen k\u00f6nnen Sie in jedem Raum das ganze Jahr \u00fcber eine entspannte und gr\u00fcne Atmosph\u00e4re schaffen.","protected":false},"excerpt":{"rendered":"<p>Kunstbaum Polyscias (Aralia) versch\u00f6nert jeden Raum Dieser k\u00fcnstliche Aralia-Baum ist ein wahrer Augenschmaus, der \u00fcber den ganzen Zweig sch\u00f6ne Bl\u00e4tter hat. Auch bekannt als Polyscias, was auf Griechisch &#8220;viele Schatten&#8221; bedeutet, wegen seiner vielen Bl\u00e4tter. Ein echter Polyscias ben\u00f6tigt einen festen Platz im Haus und ist nicht an Ver\u00e4nderungen gew\u00f6hnt. Aber mit diesem k\u00fcnstlichen Baum [&hellip;]<\/p>\n","protected":false},"author":1,"featured_media":31578,"comment_status":"open","ping_status":"closed","template":"","meta":{"inline_featured_image":false},"pwb-brand":[4039],"product_cat":[4038],"product_tag":[],"class_list":{"0":"post-31577","1":"product","2":"type-product","3":"status-publish","4":"has-post-thumbnail","6":"pwb-brand-green-boutiq","7":"product_cat-cat-kunstpflanzen","9":"first","10":"outofstock","11":"sale","12":"taxable","13":"shipping-taxable","14":"purchasable","15":"product-type-simple"},"acf":[],"gtin":"8720872540665","brands":[{"id":4039,"name":"Green Boutiq","slug":"green-boutiq"}],"_links":{"self":[{"href":"https:\/\/oragarden.de\/en\/wp-json\/wp\/v2\/product\/31577","targetHints":{"allow":["GET"]}}],"collection":[{"href":"https:\/\/oragarden.de\/en\/wp-json\/wp\/v2\/product"}],"about":[{"href":"https:\/\/oragarden.de\/en\/wp-json\/wp\/v2\/types\/product"}],"author":[{"embeddable":true,"href":"https:\/\/oragarden.de\/en\/wp-json\/wp\/v2\/users\/1"}],"replies":[{"embeddable":true,"href":"https:\/\/oragarden.de\/en\/wp-json\/wp\/v2\/comments?post=31577"}],"wp:featuredmedia":[{"embeddable":true,"href":"https:\/\/oragarden.de\/en\/wp-json\/wp\/v2\/media\/31578"}],"wp:attachment":[{"href":"https:\/\/oragarden.de\/en\/wp-json\/wp\/v2\/media?parent=31577"}],"wp:term":[{"taxonomy":"pwb-brand","embeddable":true,"href":"https:\/\/oragarden.de\/en\/wp-json\/wp\/v2\/pwb-brand?post=31577"},{"taxonomy":"product_cat","embeddable":true,"href":"https:\/\/oragarden.de\/en\/wp-json\/wp\/v2\/product_cat?post=31577"},{"taxonomy":"product_tag","embeddable":true,"href":"https:\/\/oragarden.de\/en\/wp-json\/wp\/v2\/product_tag?post=31577"}],"curies":[{"name":"wp","href":"https:\/\/api.w.org\/{rel}","templated":true}]}}