{"id":31571,"date":"2024-05-28T17:25:35","date_gmt":"2024-05-28T18:25:35","guid":{"rendered":"https:\/\/oragarden.de\/?post_type=product&#038;p=31571"},"modified":"2025-10-24T13:23:23","modified_gmt":"2025-10-24T14:23:23","slug":"green-boutiq-kunstpflanze-polyscias-aralia-140-cm","status":"publish","type":"product","link":"https:\/\/oragarden.de\/en\/product\/green-boutiq-kunstpflanze-polyscias-aralia-140-cm\/","title":{"rendered":"Green Boutiq Kunstpflanze Polyscias (Aralia) &#8211; 140 cm"},"content":{"rendered":"<h2>Polyscias (Aralia), eine sch\u00f6ne Kunstpflanze mit vielen Bl\u00e4ttern<\/h2>\r\nDieser k\u00fcnstliche Aralia-Baum ist ein wahrer Augenschmaus, der \u00fcber den ganzen Zweig sch\u00f6ne Bl\u00e4tter hat. Auch bekannt als Polyscias, was auf Griechisch &#8220;viele Schatten&#8221; bedeutet, wegen seiner vielen Bl\u00e4tter. Ein echter Polyscias ben\u00f6tigt einen festen Platz im Haus und ist nicht an Ver\u00e4nderungen gew\u00f6hnt. Aber mit diesem k\u00fcnstlichen Baum haben Sie die Freiheit, ihn nach Belieben zu ver\u00e4ndern und zu verschieben. Er verleiht jedem Raum eine gr\u00fcne, frische Atmosph\u00e4re. Die Aralia ist in vier verschiedenen Gr\u00f6\u00dfen erh\u00e4ltlich.\r\n<h3>Geniet met kunstplanten van de natuurlijke uitstraling van groen, zonder het gedoe.<\/h3>\r\nBreng de schoonheid van de natuur naar binnen met onze prachtige collectie kunstplanten. Geniet van de natuurlijke uitstraling van groen, zonder de moeite van het verzorgen ervan. Onze kunstplanten zijn met zorg ontworpen om er realistisch uit te zien, waardoor ze nauwelijks te onderscheiden zijn van echte planten. Ze behouden hun frisse en levendige uitstraling, zonder dat je ze water hoeft te geven of in de zon hoeft te zetten. Cre\u00eber met onze kunstplanten een ontspannen en groene sfeer in elke kamer, het hele jaar door.","protected":false},"excerpt":{"rendered":"<p>Polyscias (Aralia), eine sch\u00f6ne Kunstpflanze mit vielen Bl\u00e4ttern Dieser k\u00fcnstliche Aralia-Baum ist ein wahrer Augenschmaus, der \u00fcber den ganzen Zweig sch\u00f6ne Bl\u00e4tter hat. Auch bekannt als Polyscias, was auf Griechisch &#8220;viele Schatten&#8221; bedeutet, wegen seiner vielen Bl\u00e4tter. Ein echter Polyscias ben\u00f6tigt einen festen Platz im Haus und ist nicht an Ver\u00e4nderungen gew\u00f6hnt. Aber mit diesem [&hellip;]<\/p>\n","protected":false},"author":1,"featured_media":31572,"comment_status":"open","ping_status":"closed","template":"","meta":{"inline_featured_image":false},"pwb-brand":[4039],"product_cat":[4038],"product_tag":[],"class_list":{"0":"post-31571","1":"product","2":"type-product","3":"status-publish","4":"has-post-thumbnail","6":"pwb-brand-green-boutiq","7":"product_cat-cat-kunstpflanzen","9":"first","10":"outofstock","11":"sale","12":"taxable","13":"shipping-taxable","14":"purchasable","15":"product-type-simple"},"acf":[],"gtin":"8720872540658","brands":[{"id":4039,"name":"Green Boutiq","slug":"green-boutiq"}],"_links":{"self":[{"href":"https:\/\/oragarden.de\/en\/wp-json\/wp\/v2\/product\/31571","targetHints":{"allow":["GET"]}}],"collection":[{"href":"https:\/\/oragarden.de\/en\/wp-json\/wp\/v2\/product"}],"about":[{"href":"https:\/\/oragarden.de\/en\/wp-json\/wp\/v2\/types\/product"}],"author":[{"embeddable":true,"href":"https:\/\/oragarden.de\/en\/wp-json\/wp\/v2\/users\/1"}],"replies":[{"embeddable":true,"href":"https:\/\/oragarden.de\/en\/wp-json\/wp\/v2\/comments?post=31571"}],"wp:featuredmedia":[{"embeddable":true,"href":"https:\/\/oragarden.de\/en\/wp-json\/wp\/v2\/media\/31572"}],"wp:attachment":[{"href":"https:\/\/oragarden.de\/en\/wp-json\/wp\/v2\/media?parent=31571"}],"wp:term":[{"taxonomy":"pwb-brand","embeddable":true,"href":"https:\/\/oragarden.de\/en\/wp-json\/wp\/v2\/pwb-brand?post=31571"},{"taxonomy":"product_cat","embeddable":true,"href":"https:\/\/oragarden.de\/en\/wp-json\/wp\/v2\/product_cat?post=31571"},{"taxonomy":"product_tag","embeddable":true,"href":"https:\/\/oragarden.de\/en\/wp-json\/wp\/v2\/product_tag?post=31571"}],"curies":[{"name":"wp","href":"https:\/\/api.w.org\/{rel}","templated":true}]}}