{"id":31564,"date":"2024-05-28T17:25:35","date_gmt":"2024-05-28T18:25:35","guid":{"rendered":"https:\/\/oragarden.de\/?post_type=product&#038;p=31564"},"modified":"2025-10-24T13:23:22","modified_gmt":"2025-10-24T14:23:22","slug":"green-boutiq-kunstpflanze-philodendron-105-cm","status":"publish","type":"product","link":"https:\/\/oragarden.de\/en\/product\/green-boutiq-kunstpflanze-philodendron-105-cm\/","title":{"rendered":"Green Boutiq Kunstpflanze Philodendron &#8211; 105 cm"},"content":{"rendered":"<h2>W\u00e4hlen Sie diese Philodendron-Kunstpflanze f\u00fcr eine warme, gr\u00fcne Atmosph\u00e4re<\/h2>\r\nDiese k\u00fcnstliche Philodendron-Pflanze ist sehr vielseitig einsetzbar. Urspr\u00fcnglich stammt sie aus dem Regenwald in S\u00fcdamerika, aber mittlerweile ist sie in Europa sehr beliebt als Zimmerpflanze. Sie bringt jeden Raum im Haus oder im B\u00fcro mit ihrer gr\u00fcnen, warmen Ausstrahlung zum Leben. Sie haben die M\u00f6glichkeit, den Philodendron nach Ihren W\u00fcnschen zu formen, indem Sie die St\u00e4ngel so biegen, dass sie besonders nat\u00fcrlich aussehen. Wir bieten den Philodendron in unterschiedlichen Gr\u00f6\u00dfen an, einschlie\u00dflich einer wundersch\u00f6nen H\u00e4ngepflanze.\r\n<h3>Keine Zeit, sich um Pflanzen zu k\u00fcmmern? Entscheiden Sie sich f\u00fcr Kunstpflanzen<\/h3>\r\nM\u00f6chten Sie keine Zeit oder M\u00fche mehr in die Pflege von Pflanzen investieren, wie regelm\u00e4\u00dfiges Gie\u00dfen, Beschneiden und D\u00fcngen? Dann sind unsere Kunstpflanzen die perfekte L\u00f6sung. Sie erfordern so gut wie keine Wartung. Sie m\u00fcssen sich auch keine Sorgen machen, jemanden um die Pflege Ihrer Pflanzen w\u00e4hrend Ihres Urlaubs zu bitten. Kunstpflanzen behalten immer ihre perfekte Form und lebendigen Farben, ohne dass Sie etwas daf\u00fcr tun m\u00fcssen. Auf diese Weise sparen Sie wertvolle Zeit und genie\u00dfen immer sch\u00f6ne Pflanzen zum Anschauen.","protected":false},"excerpt":{"rendered":"<p>W\u00e4hlen Sie diese Philodendron-Kunstpflanze f\u00fcr eine warme, gr\u00fcne Atmosph\u00e4re Diese k\u00fcnstliche Philodendron-Pflanze ist sehr vielseitig einsetzbar. Urspr\u00fcnglich stammt sie aus dem Regenwald in S\u00fcdamerika, aber mittlerweile ist sie in Europa sehr beliebt als Zimmerpflanze. Sie bringt jeden Raum im Haus oder im B\u00fcro mit ihrer gr\u00fcnen, warmen Ausstrahlung zum Leben. Sie haben die M\u00f6glichkeit, den [&hellip;]<\/p>\n","protected":false},"author":1,"featured_media":31565,"comment_status":"open","ping_status":"closed","template":"","meta":{"inline_featured_image":false},"pwb-brand":[4039],"product_cat":[4038],"product_tag":[],"class_list":{"0":"post-31564","1":"product","2":"type-product","3":"status-publish","4":"has-post-thumbnail","6":"pwb-brand-green-boutiq","7":"product_cat-cat-kunstpflanzen","9":"first","10":"outofstock","11":"sale","12":"taxable","13":"shipping-taxable","14":"purchasable","15":"product-type-simple"},"acf":[],"gtin":"8720872540603","brands":[{"id":4039,"name":"Green Boutiq","slug":"green-boutiq"}],"_links":{"self":[{"href":"https:\/\/oragarden.de\/en\/wp-json\/wp\/v2\/product\/31564","targetHints":{"allow":["GET"]}}],"collection":[{"href":"https:\/\/oragarden.de\/en\/wp-json\/wp\/v2\/product"}],"about":[{"href":"https:\/\/oragarden.de\/en\/wp-json\/wp\/v2\/types\/product"}],"author":[{"embeddable":true,"href":"https:\/\/oragarden.de\/en\/wp-json\/wp\/v2\/users\/1"}],"replies":[{"embeddable":true,"href":"https:\/\/oragarden.de\/en\/wp-json\/wp\/v2\/comments?post=31564"}],"wp:featuredmedia":[{"embeddable":true,"href":"https:\/\/oragarden.de\/en\/wp-json\/wp\/v2\/media\/31565"}],"wp:attachment":[{"href":"https:\/\/oragarden.de\/en\/wp-json\/wp\/v2\/media?parent=31564"}],"wp:term":[{"taxonomy":"pwb-brand","embeddable":true,"href":"https:\/\/oragarden.de\/en\/wp-json\/wp\/v2\/pwb-brand?post=31564"},{"taxonomy":"product_cat","embeddable":true,"href":"https:\/\/oragarden.de\/en\/wp-json\/wp\/v2\/product_cat?post=31564"},{"taxonomy":"product_tag","embeddable":true,"href":"https:\/\/oragarden.de\/en\/wp-json\/wp\/v2\/product_tag?post=31564"}],"curies":[{"name":"wp","href":"https:\/\/api.w.org\/{rel}","templated":true}]}}