{"id":31551,"date":"2024-05-28T17:25:35","date_gmt":"2024-05-28T18:25:35","guid":{"rendered":"https:\/\/oragarden.de\/?post_type=product&#038;p=31551"},"modified":"2025-10-24T13:23:21","modified_gmt":"2025-10-24T14:23:21","slug":"green-boutiq-kunstpflanze-philodendron-120-cm","status":"publish","type":"product","link":"https:\/\/oragarden.de\/en\/product\/green-boutiq-kunstpflanze-philodendron-120-cm\/","title":{"rendered":"Green Boutiq Kunstpflanze Philodendron &#8211; 120 cm"},"content":{"rendered":"<h2>Schaffen Sie eine warme, gr\u00fcne Atmosph\u00e4re mit dieser k\u00fcnstlichen Philodendron-Pflanze<\/h2>\r\nDiese k\u00fcnstliche Philodendron-Pflanze ist sehr vielseitig einsetzbar. Urspr\u00fcnglich stammt sie aus dem Regenwald in S\u00fcdamerika, aber mittlerweile ist sie in Europa sehr beliebt als Zimmerpflanze. Sie bringt jeden Raum im Haus oder im B\u00fcro mit ihrer gr\u00fcnen, warmen Ausstrahlung zum Leben. Sie haben die M\u00f6glichkeit, den Philodendron nach Ihren W\u00fcnschen zu formen, indem Sie die St\u00e4ngel so biegen, dass sie besonders nat\u00fcrlich aussehen. Wir bieten den Philodendron in unterschiedlichen Gr\u00f6\u00dfen an, einschlie\u00dflich einer wundersch\u00f6nen H\u00e4ngepflanze.\r\n<h2>Kunstpflanzen, eine nachhaltige Wahl<\/h2>\r\nWussten Sie, dass Kunstpflanzen auch eine nachhaltige Wahl sein k\u00f6nnen? Unsere Kunstpflanzen werden aus hochwertigen Materialien hergestellt, die lange halten. Im Gegensatz zu echten Pflanzen m\u00fcssen Kunstpflanzen nicht regelm\u00e4\u00dfig ausgetauscht werden. Au\u00dferdem ben\u00f6tigen Kunstpflanzen kein Wasser oder Pestizide. Genie\u00dfen Sie bedenkenlos ein gr\u00fcnes Interieur mit den Kunstpflanzen von Green boutiQ.","protected":false},"excerpt":{"rendered":"<p>Schaffen Sie eine warme, gr\u00fcne Atmosph\u00e4re mit dieser k\u00fcnstlichen Philodendron-Pflanze Diese k\u00fcnstliche Philodendron-Pflanze ist sehr vielseitig einsetzbar. Urspr\u00fcnglich stammt sie aus dem Regenwald in S\u00fcdamerika, aber mittlerweile ist sie in Europa sehr beliebt als Zimmerpflanze. Sie bringt jeden Raum im Haus oder im B\u00fcro mit ihrer gr\u00fcnen, warmen Ausstrahlung zum Leben. Sie haben die M\u00f6glichkeit, [&hellip;]<\/p>\n","protected":false},"author":1,"featured_media":31552,"comment_status":"open","ping_status":"closed","template":"","meta":{"inline_featured_image":false},"pwb-brand":[4039],"product_cat":[4038],"product_tag":[],"class_list":{"0":"post-31551","1":"product","2":"type-product","3":"status-publish","4":"has-post-thumbnail","6":"pwb-brand-green-boutiq","7":"product_cat-cat-kunstpflanzen","9":"first","10":"outofstock","11":"sale","12":"taxable","13":"shipping-taxable","14":"purchasable","15":"product-type-simple"},"acf":[],"gtin":"8720872540627","brands":[{"id":4039,"name":"Green Boutiq","slug":"green-boutiq"}],"_links":{"self":[{"href":"https:\/\/oragarden.de\/en\/wp-json\/wp\/v2\/product\/31551","targetHints":{"allow":["GET"]}}],"collection":[{"href":"https:\/\/oragarden.de\/en\/wp-json\/wp\/v2\/product"}],"about":[{"href":"https:\/\/oragarden.de\/en\/wp-json\/wp\/v2\/types\/product"}],"author":[{"embeddable":true,"href":"https:\/\/oragarden.de\/en\/wp-json\/wp\/v2\/users\/1"}],"replies":[{"embeddable":true,"href":"https:\/\/oragarden.de\/en\/wp-json\/wp\/v2\/comments?post=31551"}],"wp:featuredmedia":[{"embeddable":true,"href":"https:\/\/oragarden.de\/en\/wp-json\/wp\/v2\/media\/31552"}],"wp:attachment":[{"href":"https:\/\/oragarden.de\/en\/wp-json\/wp\/v2\/media?parent=31551"}],"wp:term":[{"taxonomy":"pwb-brand","embeddable":true,"href":"https:\/\/oragarden.de\/en\/wp-json\/wp\/v2\/pwb-brand?post=31551"},{"taxonomy":"product_cat","embeddable":true,"href":"https:\/\/oragarden.de\/en\/wp-json\/wp\/v2\/product_cat?post=31551"},{"taxonomy":"product_tag","embeddable":true,"href":"https:\/\/oragarden.de\/en\/wp-json\/wp\/v2\/product_tag?post=31551"}],"curies":[{"name":"wp","href":"https:\/\/api.w.org\/{rel}","templated":true}]}}