{"id":31544,"date":"2024-05-28T17:25:34","date_gmt":"2024-05-28T18:25:34","guid":{"rendered":"https:\/\/oragarden.de\/?post_type=product&#038;p=31544"},"modified":"2025-10-24T13:23:20","modified_gmt":"2025-10-24T14:23:20","slug":"green-boutiq-kunstpflanze-pachira-aquatica-gluckskastanie-180-cm","status":"publish","type":"product","link":"https:\/\/oragarden.de\/en\/product\/green-boutiq-kunstpflanze-pachira-aquatica-gluckskastanie-180-cm\/","title":{"rendered":"Green Boutiq Kunstpflanze Pachira Aquatica (Gl\u00fcckskastanie) &#8211; 180 cm"},"content":{"rendered":"<h2>Die Pachira Aquatica, eine ideale Kunstpflanze f\u00fcr jeden Raum<\/h2>\r\nDer Pachira Aquatica stammt urspr\u00fcnglich aus sumpfigen Regionen in Mittel- und S\u00fcdamerika. Durch seine f\u00fcnfeckigen Bl\u00e4tter ist er jedoch in anderen Teilen der Welt wegen des Gl\u00fcckssymbols &#8220;f\u00fcnf&#8221; in China beliebt geworden und wird oft als Einweihungsparty-Geschenk gegeben, wodurch er auch seinen Namen als Gl\u00fcckskastanie erhielt. Unsere k\u00fcnstliche Gl\u00fcckskastanie verf\u00fcgt \u00fcber einen realistischen doppelten Stamm und gro\u00dfe, gl\u00e4nzende Bl\u00e4tter. Gib ihm einen sch\u00f6nen Platz in deinem Zuhause oder B\u00fcro und vielleicht bringt er auch Wohlstand. Der Kunst-Pachira Aquatica ist auch in einer gr\u00f6\u00dferen\/kleineren Gr\u00f6\u00dfe erh\u00e4ltlich.\r\n<h3>Genie\u00dfen Sie Gr\u00fcn mit den Kunstpflanzen von Green boutiQ<\/h3>\r\nHolen Sie sich ein St\u00fcck Natur ins Haus mit unserer wundersch\u00f6nen Auswahl an k\u00fcnstlichen Pflanzen. Genie\u00dfen Sie die nat\u00fcrliche Sch\u00f6nheit von Gr\u00fcn, ohne den Aufwand der Pflege. Unsere hochwertigen Kunstpflanzen sind sorgf\u00e4ltig gestaltet, um realistisch auszusehen und sind kaum von echten Pflanzen zu unterscheiden. Sie behalten ihr frisches und lebendiges Aussehen, ohne dass Sie sie gie\u00dfen oder in die Sonne stellen m\u00fcssen. Mit unseren Kunstpflanzen schaffen Sie eine entspannte und \u00fcppige Atmosph\u00e4re in jedem Raum, das ganze Jahr \u00fcber.","protected":false},"excerpt":{"rendered":"<p>Die Pachira Aquatica, eine ideale Kunstpflanze f\u00fcr jeden Raum Der Pachira Aquatica stammt urspr\u00fcnglich aus sumpfigen Regionen in Mittel- und S\u00fcdamerika. Durch seine f\u00fcnfeckigen Bl\u00e4tter ist er jedoch in anderen Teilen der Welt wegen des Gl\u00fcckssymbols &#8220;f\u00fcnf&#8221; in China beliebt geworden und wird oft als Einweihungsparty-Geschenk gegeben, wodurch er auch seinen Namen als Gl\u00fcckskastanie erhielt. [&hellip;]<\/p>\n","protected":false},"author":1,"featured_media":31545,"comment_status":"open","ping_status":"closed","template":"","meta":{"inline_featured_image":false},"pwb-brand":[4039],"product_cat":[4038],"product_tag":[],"class_list":{"0":"post-31544","1":"product","2":"type-product","3":"status-publish","4":"has-post-thumbnail","6":"pwb-brand-green-boutiq","7":"product_cat-cat-kunstpflanzen","9":"first","10":"outofstock","11":"sale","12":"taxable","13":"shipping-taxable","14":"purchasable","15":"product-type-simple"},"acf":[],"gtin":"8720872540566","brands":[{"id":4039,"name":"Green Boutiq","slug":"green-boutiq"}],"_links":{"self":[{"href":"https:\/\/oragarden.de\/en\/wp-json\/wp\/v2\/product\/31544","targetHints":{"allow":["GET"]}}],"collection":[{"href":"https:\/\/oragarden.de\/en\/wp-json\/wp\/v2\/product"}],"about":[{"href":"https:\/\/oragarden.de\/en\/wp-json\/wp\/v2\/types\/product"}],"author":[{"embeddable":true,"href":"https:\/\/oragarden.de\/en\/wp-json\/wp\/v2\/users\/1"}],"replies":[{"embeddable":true,"href":"https:\/\/oragarden.de\/en\/wp-json\/wp\/v2\/comments?post=31544"}],"wp:featuredmedia":[{"embeddable":true,"href":"https:\/\/oragarden.de\/en\/wp-json\/wp\/v2\/media\/31545"}],"wp:attachment":[{"href":"https:\/\/oragarden.de\/en\/wp-json\/wp\/v2\/media?parent=31544"}],"wp:term":[{"taxonomy":"pwb-brand","embeddable":true,"href":"https:\/\/oragarden.de\/en\/wp-json\/wp\/v2\/pwb-brand?post=31544"},{"taxonomy":"product_cat","embeddable":true,"href":"https:\/\/oragarden.de\/en\/wp-json\/wp\/v2\/product_cat?post=31544"},{"taxonomy":"product_tag","embeddable":true,"href":"https:\/\/oragarden.de\/en\/wp-json\/wp\/v2\/product_tag?post=31544"}],"curies":[{"name":"wp","href":"https:\/\/api.w.org\/{rel}","templated":true}]}}