{"id":31537,"date":"2024-05-28T17:25:35","date_gmt":"2024-05-28T18:25:35","guid":{"rendered":"https:\/\/oragarden.de\/?post_type=product&#038;p=31537"},"modified":"2025-10-24T13:23:20","modified_gmt":"2025-10-24T14:23:20","slug":"green-boutiq-kunstpflanze-pachira-aquatica-gluckskastanie-150-cm","status":"publish","type":"product","link":"https:\/\/oragarden.de\/en\/product\/green-boutiq-kunstpflanze-pachira-aquatica-gluckskastanie-150-cm\/","title":{"rendered":"Green Boutiq Kunstpflanze Pachira Aquatica (Gl\u00fcckskastanie) &#8211; 150 cm"},"content":{"rendered":"<h2>Kunstpflanzen, das ideale Geschenk. Besonders diese Pachira Aquatica.<\/h2>\r\nDer Pachira Aquatica stammt urspr\u00fcnglich aus sumpfigen Regionen in Mittel- und S\u00fcdamerika. Durch seine f\u00fcnfeckigen Bl\u00e4tter ist er jedoch in anderen Teilen der Welt wegen des Gl\u00fcckssymbols &#8220;f\u00fcnf&#8221; in China beliebt geworden und wird oft als Einweihungsparty-Geschenk gegeben, wodurch er auch seinen Namen als Gl\u00fcckskastanie erhielt. Unsere k\u00fcnstliche Gl\u00fcckskastanie verf\u00fcgt \u00fcber einen realistischen doppelten Stamm und gro\u00dfe, gl\u00e4nzende Bl\u00e4tter. Gib ihm einen sch\u00f6nen Platz in deinem Zuhause oder B\u00fcro und vielleicht bringt er auch Wohlstand. Der Kunst-Pachira Aquatica ist auch in einer gr\u00f6\u00dferen\/kleineren Gr\u00f6\u00dfe erh\u00e4ltlich.\r\n<h3>Allergisch gegen Pflanzen? Entscheiden Sie sich f\u00fcr unsere sch\u00f6nen Kunstpflanzen.<\/h3>\r\nM\u00f6chten Sie eine gr\u00fcne Atmosph\u00e4re in Ihrem Zuhause genie\u00dfen, leiden aber unter Allergien? Dann sind unsere Kunstpflanzen die ideale L\u00f6sung. Sie sind hypoallergen und verursachen keine allergischen Reaktionen, wodurch sie f\u00fcr allergieempfindliche Menschen geeignet sind. Au\u00dferdem sind Kunstpflanzen vollkommen pflegefrei. Sie m\u00fcssen sich keine Sorgen um das Gie\u00dfen, Schneiden oder Umtopfen von Pflanzen machen. Sie bleiben immer sch\u00f6n und ben\u00f6tigen keine besondere Pflege. Mit Kunstpflanzen schaffen Sie ein allergikerfreundliches und leicht zu pflegendes Interieur, das genauso sch\u00f6n ist wie echte gr\u00fcne Pflanzen.","protected":false},"excerpt":{"rendered":"<p>Kunstpflanzen, das ideale Geschenk. Besonders diese Pachira Aquatica. Der Pachira Aquatica stammt urspr\u00fcnglich aus sumpfigen Regionen in Mittel- und S\u00fcdamerika. Durch seine f\u00fcnfeckigen Bl\u00e4tter ist er jedoch in anderen Teilen der Welt wegen des Gl\u00fcckssymbols &#8220;f\u00fcnf&#8221; in China beliebt geworden und wird oft als Einweihungsparty-Geschenk gegeben, wodurch er auch seinen Namen als Gl\u00fcckskastanie erhielt. Unsere [&hellip;]<\/p>\n","protected":false},"author":1,"featured_media":31538,"comment_status":"open","ping_status":"closed","template":"","meta":{"inline_featured_image":false},"pwb-brand":[4039],"product_cat":[4038],"product_tag":[],"class_list":{"0":"post-31537","1":"product","2":"type-product","3":"status-publish","4":"has-post-thumbnail","6":"pwb-brand-green-boutiq","7":"product_cat-cat-kunstpflanzen","9":"first","10":"outofstock","11":"sale","12":"taxable","13":"shipping-taxable","14":"purchasable","15":"product-type-simple"},"acf":[],"gtin":"8720872540559","brands":[{"id":4039,"name":"Green Boutiq","slug":"green-boutiq"}],"_links":{"self":[{"href":"https:\/\/oragarden.de\/en\/wp-json\/wp\/v2\/product\/31537","targetHints":{"allow":["GET"]}}],"collection":[{"href":"https:\/\/oragarden.de\/en\/wp-json\/wp\/v2\/product"}],"about":[{"href":"https:\/\/oragarden.de\/en\/wp-json\/wp\/v2\/types\/product"}],"author":[{"embeddable":true,"href":"https:\/\/oragarden.de\/en\/wp-json\/wp\/v2\/users\/1"}],"replies":[{"embeddable":true,"href":"https:\/\/oragarden.de\/en\/wp-json\/wp\/v2\/comments?post=31537"}],"wp:featuredmedia":[{"embeddable":true,"href":"https:\/\/oragarden.de\/en\/wp-json\/wp\/v2\/media\/31538"}],"wp:attachment":[{"href":"https:\/\/oragarden.de\/en\/wp-json\/wp\/v2\/media?parent=31537"}],"wp:term":[{"taxonomy":"pwb-brand","embeddable":true,"href":"https:\/\/oragarden.de\/en\/wp-json\/wp\/v2\/pwb-brand?post=31537"},{"taxonomy":"product_cat","embeddable":true,"href":"https:\/\/oragarden.de\/en\/wp-json\/wp\/v2\/product_cat?post=31537"},{"taxonomy":"product_tag","embeddable":true,"href":"https:\/\/oragarden.de\/en\/wp-json\/wp\/v2\/product_tag?post=31537"}],"curies":[{"name":"wp","href":"https:\/\/api.w.org\/{rel}","templated":true}]}}