{"id":31347,"date":"2024-08-02T15:37:31","date_gmt":"2024-08-02T16:37:31","guid":{"rendered":"https:\/\/oragarden.de\/?post_type=product&#038;p=31347"},"modified":"2025-10-24T13:23:15","modified_gmt":"2025-10-24T14:23:15","slug":"everyplants-caryota-mitis-160-cm-o31-cm","status":"publish","type":"product","link":"https:\/\/oragarden.de\/en\/product\/everyplants-caryota-mitis-160-cm-o31-cm\/","title":{"rendered":"Everyplants Caryota Mitis &#8211; 160 cm, \u00f831 cm"},"content":{"rendered":"Die Caryota Mitis, auch bekannt als \u201eClustering Fishtail Palm\u201c, ist eine gro\u00dfartige Erg\u00e4nzung f\u00fcr Ihre Inneneinrichtung. Mit ihren eleganten, wundersch\u00f6nen Bl\u00fcten und ihrem wundersch\u00f6nen Gr\u00fcn bringen diese Zimmerpflanzen eine tropischere Sch\u00f6nheit in ihren Wohnraum. Die Caryota Mitis deiht am besten in hellem, indirektem Licht und ist relativ pflegeleicht, ideal sowohl f\u00fcr Anf\u00e4nger als auch als freundliches Familienmitglied. Neben ihrem dekorativen Wert tr\u00e4gt diese Palme ein geschlossenes Raumklima bei, indem sie die Luft ber\u00fchrt. F\u00fcgen Sie Ihrem Zuhause ein St\u00fcck exotische Paradiese mit ihren wunderbaren Wundern, gr\u00fcnen Landschaften, die Ruhe und Gelassenheit ausstrahlen.","protected":false},"excerpt":{"rendered":"<p>Die Caryota Mitis, auch bekannt als \u201eClustering Fishtail Palm\u201c, ist eine gro\u00dfartige Erg\u00e4nzung f\u00fcr Ihre Inneneinrichtung. Mit ihren eleganten, wundersch\u00f6nen Bl\u00fcten und ihrem wundersch\u00f6nen Gr\u00fcn bringen diese Zimmerpflanzen eine tropischere Sch\u00f6nheit in ihren Wohnraum. Die Caryota Mitis deiht am besten in hellem, indirektem Licht und ist relativ pflegeleicht, ideal sowohl f\u00fcr Anf\u00e4nger als auch als [&hellip;]<\/p>\n","protected":false},"author":1,"featured_media":31348,"comment_status":"open","ping_status":"closed","template":"","meta":{"inline_featured_image":false},"pwb-brand":[6495],"product_cat":[6931],"product_tag":[6926,6927],"class_list":{"0":"post-31347","1":"product","2":"type-product","3":"status-publish","4":"has-post-thumbnail","6":"pwb-brand-everyplants","7":"product_cat-cat-fischschwanzpalmen-caryota-mitis","8":"product_tag-palmen","9":"product_tag-zimmerpalmen","11":"first","12":"outofstock","13":"sale","14":"taxable","15":"shipping-taxable","16":"purchasable","17":"product-type-simple"},"acf":[],"gtin":"8721055692140","brands":[{"id":6495,"name":"Everyplants","slug":"everyplants"}],"_links":{"self":[{"href":"https:\/\/oragarden.de\/en\/wp-json\/wp\/v2\/product\/31347","targetHints":{"allow":["GET"]}}],"collection":[{"href":"https:\/\/oragarden.de\/en\/wp-json\/wp\/v2\/product"}],"about":[{"href":"https:\/\/oragarden.de\/en\/wp-json\/wp\/v2\/types\/product"}],"author":[{"embeddable":true,"href":"https:\/\/oragarden.de\/en\/wp-json\/wp\/v2\/users\/1"}],"replies":[{"embeddable":true,"href":"https:\/\/oragarden.de\/en\/wp-json\/wp\/v2\/comments?post=31347"}],"wp:featuredmedia":[{"embeddable":true,"href":"https:\/\/oragarden.de\/en\/wp-json\/wp\/v2\/media\/31348"}],"wp:attachment":[{"href":"https:\/\/oragarden.de\/en\/wp-json\/wp\/v2\/media?parent=31347"}],"wp:term":[{"taxonomy":"pwb-brand","embeddable":true,"href":"https:\/\/oragarden.de\/en\/wp-json\/wp\/v2\/pwb-brand?post=31347"},{"taxonomy":"product_cat","embeddable":true,"href":"https:\/\/oragarden.de\/en\/wp-json\/wp\/v2\/product_cat?post=31347"},{"taxonomy":"product_tag","embeddable":true,"href":"https:\/\/oragarden.de\/en\/wp-json\/wp\/v2\/product_tag?post=31347"}],"curies":[{"name":"wp","href":"https:\/\/api.w.org\/{rel}","templated":true}]}}