{"id":31293,"date":"2024-04-05T19:47:10","date_gmt":"2024-04-05T20:47:10","guid":{"rendered":"https:\/\/oragarden.de\/?post_type=product&#038;p=31293"},"modified":"2025-10-24T13:23:07","modified_gmt":"2025-10-24T14:23:07","slug":"meergroothandel-olea-olijf-o22-cm-100-cm","status":"publish","type":"product","link":"https:\/\/oragarden.de\/en\/product\/meergroothandel-olea-olijf-o22-cm-100-cm\/","title":{"rendered":"MEERGroothandel Olea Olijf &#8211; \u00d822 cm, 100 cm"},"content":{"rendered":"&#8211; Die Gew\u00f6hnliche Olive, geliefert in 22 cm, ist eine wundersch\u00f6ne Erg\u00e4nzung f\u00fcr jeden Garten oder Landschaft.- Mit einer aktuellen H\u00f6he von etwa 100 cm, verspricht die Gew\u00f6hnliche Olive sofortige Auswirkungen auf Ihren Au\u00dfenbereich.- Diese Pflanze gedeiht in der Sonne und ist daher die perfekte Wahl f\u00fcr einen Platz in Ihrem Garten, der viel Sonnenlicht erh\u00e4lt.- Die Pflege der Gew\u00f6hnlichen Olive ist ein Kinderspiel, da sie nur minimalen Aufwand und Aufmerksamkeit erfordert.- Die Gew\u00f6hnliche Olive zeichnet sich durch ihr attraktives Erscheinungsbild aus, mit gl\u00e4nzend gr\u00fcnen Bl\u00e4ttern und eleganten, schlanken \u00c4sten.","protected":false},"excerpt":{"rendered":"<p>&#8211; Die Gew\u00f6hnliche Olive, geliefert in 22 cm, ist eine wundersch\u00f6ne Erg\u00e4nzung f\u00fcr jeden Garten oder Landschaft.- Mit einer aktuellen H\u00f6he von etwa 100 cm, verspricht die Gew\u00f6hnliche Olive sofortige Auswirkungen auf Ihren Au\u00dfenbereich.- Diese Pflanze gedeiht in der Sonne und ist daher die perfekte Wahl f\u00fcr einen Platz in Ihrem Garten, der viel Sonnenlicht [&hellip;]<\/p>\n","protected":false},"author":1,"featured_media":31294,"comment_status":"open","ping_status":"closed","template":"","meta":{"inline_featured_image":false},"pwb-brand":[4041],"product_cat":[5152],"product_tag":[],"class_list":{"0":"post-31293","1":"product","2":"type-product","3":"status-publish","4":"has-post-thumbnail","6":"pwb-brand-meergroothandel","7":"product_cat-cat-olivenbaume","9":"first","10":"outofstock","11":"sale","12":"taxable","13":"shipping-taxable","14":"purchasable","15":"product-type-simple"},"acf":[],"gtin":"","brands":[{"id":4041,"name":"MEERGroothandel","slug":"meergroothandel"}],"_links":{"self":[{"href":"https:\/\/oragarden.de\/en\/wp-json\/wp\/v2\/product\/31293","targetHints":{"allow":["GET"]}}],"collection":[{"href":"https:\/\/oragarden.de\/en\/wp-json\/wp\/v2\/product"}],"about":[{"href":"https:\/\/oragarden.de\/en\/wp-json\/wp\/v2\/types\/product"}],"author":[{"embeddable":true,"href":"https:\/\/oragarden.de\/en\/wp-json\/wp\/v2\/users\/1"}],"replies":[{"embeddable":true,"href":"https:\/\/oragarden.de\/en\/wp-json\/wp\/v2\/comments?post=31293"}],"wp:featuredmedia":[{"embeddable":true,"href":"https:\/\/oragarden.de\/en\/wp-json\/wp\/v2\/media\/31294"}],"wp:attachment":[{"href":"https:\/\/oragarden.de\/en\/wp-json\/wp\/v2\/media?parent=31293"}],"wp:term":[{"taxonomy":"pwb-brand","embeddable":true,"href":"https:\/\/oragarden.de\/en\/wp-json\/wp\/v2\/pwb-brand?post=31293"},{"taxonomy":"product_cat","embeddable":true,"href":"https:\/\/oragarden.de\/en\/wp-json\/wp\/v2\/product_cat?post=31293"},{"taxonomy":"product_tag","embeddable":true,"href":"https:\/\/oragarden.de\/en\/wp-json\/wp\/v2\/product_tag?post=31293"}],"curies":[{"name":"wp","href":"https:\/\/api.w.org\/{rel}","templated":true}]}}