{"id":30997,"date":"2024-08-02T16:25:59","date_gmt":"2024-08-02T17:25:59","guid":{"rendered":"https:\/\/oragarden.de\/?post_type=product&#038;p=30997"},"modified":"2025-10-24T13:22:33","modified_gmt":"2025-10-24T14:22:33","slug":"everyplants-chamaerops-humilis-compact-100cm-o45-cm","status":"publish","type":"product","link":"https:\/\/oragarden.de\/en\/product\/everyplants-chamaerops-humilis-compact-100cm-o45-cm\/","title":{"rendered":"Everyplants Chamaerops Humilis compact &#8211; 100cm, \u00f845 cm"},"content":{"rendered":"Chamaerops Humilis Compact, auch als Europ\u00e4ische Zwergpalme bekannt, ist ein sch\u00f6ner kompakter Strauch, der G\u00e4rten und Landschaften einen Hauch von mediterraner Pracht verleiht. Mit ihrem gedrungenen und verzweigten Wuchs, den f\u00e4cherartigen Bl\u00e4ttern und ihrer zarten, anmutigen Erscheinung vermittelt diese Zwergpalme sofort ein Gef\u00fchl von subtropischem Reiz und rustikalem Charme. Chamaerops Humilis Compact gedeiht in sonnigen bis halbschattigen Lagen und verleiht verschiedenen Au\u00dfenbereichen einen Hauch von Exotik. Mit ihrer F\u00e4higkeit, einen Hauch von mediterraner Pracht zu vermitteln, ist dieser Strauch die ideale Wahl f\u00fcr Liebhaber \u00fcppiger und rustikaler Landschaften, die eine pflegeleichte und kompakte Erg\u00e4nzung suchen.","protected":false},"excerpt":{"rendered":"<p>Chamaerops Humilis Compact, auch als Europ\u00e4ische Zwergpalme bekannt, ist ein sch\u00f6ner kompakter Strauch, der G\u00e4rten und Landschaften einen Hauch von mediterraner Pracht verleiht. Mit ihrem gedrungenen und verzweigten Wuchs, den f\u00e4cherartigen Bl\u00e4ttern und ihrer zarten, anmutigen Erscheinung vermittelt diese Zwergpalme sofort ein Gef\u00fchl von subtropischem Reiz und rustikalem Charme. Chamaerops Humilis Compact gedeiht in sonnigen [&hellip;]<\/p>\n","protected":false},"author":1,"featured_media":30998,"comment_status":"open","ping_status":"closed","template":"","meta":{"inline_featured_image":false},"pwb-brand":[6495],"product_cat":[6932],"product_tag":[6926,6927],"class_list":{"0":"post-30997","1":"product","2":"type-product","3":"status-publish","4":"has-post-thumbnail","6":"pwb-brand-everyplants","7":"product_cat-cat-zwergpalmen-chamaerops-humilis","8":"product_tag-palmen","9":"product_tag-zimmerpalmen","11":"first","12":"outofstock","13":"sale","14":"taxable","15":"shipping-taxable","16":"purchasable","17":"product-type-simple"},"acf":[],"gtin":"8721055693215","brands":[{"id":6495,"name":"Everyplants","slug":"everyplants"}],"_links":{"self":[{"href":"https:\/\/oragarden.de\/en\/wp-json\/wp\/v2\/product\/30997","targetHints":{"allow":["GET"]}}],"collection":[{"href":"https:\/\/oragarden.de\/en\/wp-json\/wp\/v2\/product"}],"about":[{"href":"https:\/\/oragarden.de\/en\/wp-json\/wp\/v2\/types\/product"}],"author":[{"embeddable":true,"href":"https:\/\/oragarden.de\/en\/wp-json\/wp\/v2\/users\/1"}],"replies":[{"embeddable":true,"href":"https:\/\/oragarden.de\/en\/wp-json\/wp\/v2\/comments?post=30997"}],"wp:featuredmedia":[{"embeddable":true,"href":"https:\/\/oragarden.de\/en\/wp-json\/wp\/v2\/media\/30998"}],"wp:attachment":[{"href":"https:\/\/oragarden.de\/en\/wp-json\/wp\/v2\/media?parent=30997"}],"wp:term":[{"taxonomy":"pwb-brand","embeddable":true,"href":"https:\/\/oragarden.de\/en\/wp-json\/wp\/v2\/pwb-brand?post=30997"},{"taxonomy":"product_cat","embeddable":true,"href":"https:\/\/oragarden.de\/en\/wp-json\/wp\/v2\/product_cat?post=30997"},{"taxonomy":"product_tag","embeddable":true,"href":"https:\/\/oragarden.de\/en\/wp-json\/wp\/v2\/product_tag?post=30997"}],"curies":[{"name":"wp","href":"https:\/\/api.w.org\/{rel}","templated":true}]}}