{"id":30982,"date":"2024-08-02T14:51:08","date_gmt":"2024-08-02T15:51:08","guid":{"rendered":"https:\/\/oragarden.de\/?post_type=product&#038;p=30982"},"modified":"2025-10-24T13:22:31","modified_gmt":"2025-10-24T14:22:31","slug":"everyplants-trachycarpus-235-cm-o45-cm","status":"publish","type":"product","link":"https:\/\/oragarden.de\/en\/product\/everyplants-trachycarpus-235-cm-o45-cm\/","title":{"rendered":"Everyplants Trachycarpus &#8211; 235 cm, \u00d845 cm"},"content":{"rendered":"Trachycarpus Fortunei, auch als Chinesische Windm\u00fchlenpalme bekannt, ist eine wundersch\u00f6ne, winterharte Palme, die G\u00e4rten und Landschaften einen Hauch tropischer Pracht verleiht. Mit ihrem schlanken Stamm, den auff\u00e4lligen f\u00e4cherf\u00f6rmigen Bl\u00e4ttern und den attraktiven Bl\u00fctenst\u00e4nden vermittelt diese Palme sofort ein Gef\u00fchl exotischer Anziehungskraft und zeitloser Eleganz. Trachycarpus Fortunei gedeiht unter sonnigen bis halbschattigen Bedingungen und verleiht verschiedenen Au\u00dfenbereichen einen Hauch tropischer Atmosph\u00e4re. Mit ihrer F\u00e4higkeit, ein Gef\u00fchl subtropischer Erhabenheit zu vermitteln, ist diese Palme die ideale Wahl f\u00fcr Liebhaber \u00fcppiger und lebendiger Landschaften, die eine auff\u00e4llige und pflegeleichte Erg\u00e4nzung suchen.","protected":false},"excerpt":{"rendered":"<p>Trachycarpus Fortunei, auch als Chinesische Windm\u00fchlenpalme bekannt, ist eine wundersch\u00f6ne, winterharte Palme, die G\u00e4rten und Landschaften einen Hauch tropischer Pracht verleiht. Mit ihrem schlanken Stamm, den auff\u00e4lligen f\u00e4cherf\u00f6rmigen Bl\u00e4ttern und den attraktiven Bl\u00fctenst\u00e4nden vermittelt diese Palme sofort ein Gef\u00fchl exotischer Anziehungskraft und zeitloser Eleganz. Trachycarpus Fortunei gedeiht unter sonnigen bis halbschattigen Bedingungen und verleiht verschiedenen [&hellip;]<\/p>\n","protected":false},"author":1,"featured_media":30983,"comment_status":"open","ping_status":"closed","template":"","meta":{"inline_featured_image":false},"pwb-brand":[6495],"product_cat":[6928],"product_tag":[6926],"class_list":{"0":"post-30982","1":"product","2":"type-product","3":"status-publish","4":"has-post-thumbnail","6":"pwb-brand-everyplants","7":"product_cat-cat-hanfpalmen-trachycarpus-fortunei","8":"product_tag-palmen","10":"first","11":"outofstock","12":"sale","13":"taxable","14":"shipping-taxable","15":"purchasable","16":"product-type-simple"},"acf":[],"gtin":"8721055693109","brands":[{"id":6495,"name":"Everyplants","slug":"everyplants"}],"_links":{"self":[{"href":"https:\/\/oragarden.de\/en\/wp-json\/wp\/v2\/product\/30982","targetHints":{"allow":["GET"]}}],"collection":[{"href":"https:\/\/oragarden.de\/en\/wp-json\/wp\/v2\/product"}],"about":[{"href":"https:\/\/oragarden.de\/en\/wp-json\/wp\/v2\/types\/product"}],"author":[{"embeddable":true,"href":"https:\/\/oragarden.de\/en\/wp-json\/wp\/v2\/users\/1"}],"replies":[{"embeddable":true,"href":"https:\/\/oragarden.de\/en\/wp-json\/wp\/v2\/comments?post=30982"}],"wp:featuredmedia":[{"embeddable":true,"href":"https:\/\/oragarden.de\/en\/wp-json\/wp\/v2\/media\/30983"}],"wp:attachment":[{"href":"https:\/\/oragarden.de\/en\/wp-json\/wp\/v2\/media?parent=30982"}],"wp:term":[{"taxonomy":"pwb-brand","embeddable":true,"href":"https:\/\/oragarden.de\/en\/wp-json\/wp\/v2\/pwb-brand?post=30982"},{"taxonomy":"product_cat","embeddable":true,"href":"https:\/\/oragarden.de\/en\/wp-json\/wp\/v2\/product_cat?post=30982"},{"taxonomy":"product_tag","embeddable":true,"href":"https:\/\/oragarden.de\/en\/wp-json\/wp\/v2\/product_tag?post=30982"}],"curies":[{"name":"wp","href":"https:\/\/api.w.org\/{rel}","templated":true}]}}