{"id":30878,"date":"2024-06-28T16:12:59","date_gmt":"2024-06-28T17:12:59","guid":{"rendered":"https:\/\/oragarden.de\/?post_type=product&#038;p=30878"},"modified":"2025-10-24T13:22:17","modified_gmt":"2025-10-24T14:22:17","slug":"everyplants-zamioculcas-zamiifolia-smaragdpalme-100-cm-o27-cm","status":"publish","type":"product","link":"https:\/\/oragarden.de\/en\/product\/everyplants-zamioculcas-zamiifolia-smaragdpalme-100-cm-o27-cm\/","title":{"rendered":"Everyplants Zamioculcas Zamiifolia (Smaragdpalme) &#8211; 100 cm, \u00f827 cm"},"content":{"rendered":"Die Zamioculcas Zamiifolia, auch bekannt als ZZ-Pflanze, ist eine beliebte Zimmerpflanze, die durch ihr dunkelgr\u00fcnes, gl\u00e4nzendes Laub und ihre pflegeleichte Natur besticht. Sie ist die perfekte Pflanze f\u00fcr Anf\u00e4nger und erfahrene Pflanzenliebhaber gleicherma\u00dfen.\r\n\r\nDie ZZ-Pflanze bl\u00fcht selten in Innenr\u00e4umen und bildet in der Regel keine Blumen aus.","protected":false},"excerpt":{"rendered":"<p>Die Zamioculcas Zamiifolia, auch bekannt als ZZ-Pflanze, ist eine beliebte Zimmerpflanze, die durch ihr dunkelgr\u00fcnes, gl\u00e4nzendes Laub und ihre pflegeleichte Natur besticht. Sie ist die perfekte Pflanze f\u00fcr Anf\u00e4nger und erfahrene Pflanzenliebhaber gleicherma\u00dfen. Die ZZ-Pflanze bl\u00fcht selten in Innenr\u00e4umen und bildet in der Regel keine Blumen aus.<\/p>\n","protected":false},"author":1,"featured_media":30879,"comment_status":"open","ping_status":"closed","template":"","meta":{"inline_featured_image":false},"pwb-brand":[6495],"product_cat":[5189],"product_tag":[],"class_list":{"0":"post-30878","1":"product","2":"type-product","3":"status-publish","4":"has-post-thumbnail","6":"pwb-brand-everyplants","7":"product_cat-cat-glucksfeder-zamioculcas","9":"first","10":"outofstock","11":"sale","12":"taxable","13":"shipping-taxable","14":"purchasable","15":"product-type-simple"},"acf":[],"gtin":"8721055692997","brands":[{"id":6495,"name":"Everyplants","slug":"everyplants"}],"_links":{"self":[{"href":"https:\/\/oragarden.de\/en\/wp-json\/wp\/v2\/product\/30878","targetHints":{"allow":["GET"]}}],"collection":[{"href":"https:\/\/oragarden.de\/en\/wp-json\/wp\/v2\/product"}],"about":[{"href":"https:\/\/oragarden.de\/en\/wp-json\/wp\/v2\/types\/product"}],"author":[{"embeddable":true,"href":"https:\/\/oragarden.de\/en\/wp-json\/wp\/v2\/users\/1"}],"replies":[{"embeddable":true,"href":"https:\/\/oragarden.de\/en\/wp-json\/wp\/v2\/comments?post=30878"}],"wp:featuredmedia":[{"embeddable":true,"href":"https:\/\/oragarden.de\/en\/wp-json\/wp\/v2\/media\/30879"}],"wp:attachment":[{"href":"https:\/\/oragarden.de\/en\/wp-json\/wp\/v2\/media?parent=30878"}],"wp:term":[{"taxonomy":"pwb-brand","embeddable":true,"href":"https:\/\/oragarden.de\/en\/wp-json\/wp\/v2\/pwb-brand?post=30878"},{"taxonomy":"product_cat","embeddable":true,"href":"https:\/\/oragarden.de\/en\/wp-json\/wp\/v2\/product_cat?post=30878"},{"taxonomy":"product_tag","embeddable":true,"href":"https:\/\/oragarden.de\/en\/wp-json\/wp\/v2\/product_tag?post=30878"}],"curies":[{"name":"wp","href":"https:\/\/api.w.org\/{rel}","templated":true}]}}