{"id":2941,"date":"2022-11-12T19:12:25","date_gmt":"2022-11-12T19:12:25","guid":{"rendered":"https:\/\/oragarden.de\/?post_type=product&#038;p=2941"},"modified":"2026-02-19T21:05:12","modified_gmt":"2026-02-19T22:05:12","slug":"hack-palmen-grunpflanzendunger-flussig-0-5-liter","status":"publish","type":"product","link":"https:\/\/oragarden.de\/en\/product\/hack-palmen-grunpflanzendunger-flussig-0-5-liter\/","title":{"rendered":"HACK Palmen- &#038; Gr\u00fcnpflanzend\u00fcnger fl\u00fcssig 0.5 Liter"},"content":{"rendered":"<p class=\"qtranxs-available-languages-message qtranxs-available-languages-message-en\">Sorry, this entry is only available in <a href=\"https:\/\/oragarden.de\/de\/wp-json\/wp\/v2\/product\/2941\" class=\"qtranxs-available-language-link qtranxs-available-language-link-de\" title=\"DE\">DE<\/a>.<\/p>","protected":false},"excerpt":{"rendered":"<p>Sorry, this entry is only available in DE.<\/p>\n","protected":false},"author":17,"featured_media":2943,"comment_status":"open","ping_status":"closed","template":"","meta":{"inline_featured_image":false},"pwb-brand":[1189],"product_cat":[1219,1210,1213],"product_tag":[4111,4103,4110,4099,4107,4106],"class_list":{"0":"post-2941","1":"product","2":"type-product","3":"status-publish","4":"has-post-thumbnail","6":"pwb-brand-hack","7":"product_cat-cat-mineralischer-dunger","8":"product_cat-cat-pflanzendunger","9":"product_cat-cat-zimmerpflanzendunger","10":"product_tag-bio-langzeitduenger","11":"product_tag-flussigdunger","12":"product_tag-langzeitduenger","13":"product_tag-npk-dunger","14":"product_tag-phosphordunger","15":"product_tag-stickstoffdunger","17":"first","18":"outofstock","19":"sale","20":"taxable","21":"shipping-taxable","22":"purchasable","23":"product-type-simple"},"acf":[],"gtin":"4031281083211","brands":[{"id":1189,"name":"Hack","slug":"hack"}],"_links":{"self":[{"href":"https:\/\/oragarden.de\/en\/wp-json\/wp\/v2\/product\/2941","targetHints":{"allow":["GET"]}}],"collection":[{"href":"https:\/\/oragarden.de\/en\/wp-json\/wp\/v2\/product"}],"about":[{"href":"https:\/\/oragarden.de\/en\/wp-json\/wp\/v2\/types\/product"}],"author":[{"embeddable":true,"href":"https:\/\/oragarden.de\/en\/wp-json\/wp\/v2\/users\/17"}],"replies":[{"embeddable":true,"href":"https:\/\/oragarden.de\/en\/wp-json\/wp\/v2\/comments?post=2941"}],"wp:featuredmedia":[{"embeddable":true,"href":"https:\/\/oragarden.de\/en\/wp-json\/wp\/v2\/media\/2943"}],"wp:attachment":[{"href":"https:\/\/oragarden.de\/en\/wp-json\/wp\/v2\/media?parent=2941"}],"wp:term":[{"taxonomy":"pwb-brand","embeddable":true,"href":"https:\/\/oragarden.de\/en\/wp-json\/wp\/v2\/pwb-brand?post=2941"},{"taxonomy":"product_cat","embeddable":true,"href":"https:\/\/oragarden.de\/en\/wp-json\/wp\/v2\/product_cat?post=2941"},{"taxonomy":"product_tag","embeddable":true,"href":"https:\/\/oragarden.de\/en\/wp-json\/wp\/v2\/product_tag?post=2941"}],"curies":[{"name":"wp","href":"https:\/\/api.w.org\/{rel}","templated":true}]}}