{"id":28965,"date":"2024-02-13T14:34:48","date_gmt":"2024-02-13T15:34:48","guid":{"rendered":"https:\/\/oragarden.de\/?post_type=product&#038;p=28965"},"modified":"2026-03-06T09:18:41","modified_gmt":"2026-03-06T10:18:41","slug":"santino-deco-twin-pflanztopfe-o-31-2-cm-h-27-7-cm-weis","status":"publish","type":"product","link":"https:\/\/oragarden.de\/en\/product\/santino-deco-twin-pflanztopfe-o-31-2-cm-h-27-7-cm-weis\/","title":{"rendered":"Santino Deco Twin Pflanzt\u00f6pfe \u00d8 31.2 cm, H 27.7 cm Wei\u00df"},"content":{"rendered":"<p class=\"qtranxs-available-languages-message qtranxs-available-languages-message-en\">Sorry, this entry is only available in <a href=\"https:\/\/oragarden.de\/de\/wp-json\/wp\/v2\/product\/28965\" class=\"qtranxs-available-language-link qtranxs-available-language-link-de\" title=\"DE\">DE<\/a>.<\/p>","protected":false},"excerpt":{"rendered":"<p>Sorry, this entry is only available in DE.<\/p>\n","protected":false},"author":3,"featured_media":4796,"comment_status":"open","ping_status":"closed","template":"","meta":{"inline_featured_image":false},"pwb-brand":[2166],"product_cat":[2165],"product_tag":[6746,6710],"class_list":{"0":"post-28965","1":"product","2":"type-product","3":"status-publish","4":"has-post-thumbnail","6":"pwb-brand-santino","7":"product_cat-cat-selbstbewasserungstopfe","8":"product_tag-blumentopfe-weis","9":"product_tag-santino-blumentopfe","11":"first","12":"outofstock","13":"sale","14":"taxable","15":"shipping-taxable","16":"purchasable","17":"product-type-simple"},"acf":[],"gtin":"4840952022127","brands":[{"id":2166,"name":"Santino","slug":"santino"}],"_links":{"self":[{"href":"https:\/\/oragarden.de\/en\/wp-json\/wp\/v2\/product\/28965","targetHints":{"allow":["GET"]}}],"collection":[{"href":"https:\/\/oragarden.de\/en\/wp-json\/wp\/v2\/product"}],"about":[{"href":"https:\/\/oragarden.de\/en\/wp-json\/wp\/v2\/types\/product"}],"author":[{"embeddable":true,"href":"https:\/\/oragarden.de\/en\/wp-json\/wp\/v2\/users\/3"}],"replies":[{"embeddable":true,"href":"https:\/\/oragarden.de\/en\/wp-json\/wp\/v2\/comments?post=28965"}],"wp:featuredmedia":[{"embeddable":true,"href":"https:\/\/oragarden.de\/en\/wp-json\/wp\/v2\/media\/4796"}],"wp:attachment":[{"href":"https:\/\/oragarden.de\/en\/wp-json\/wp\/v2\/media?parent=28965"}],"wp:term":[{"taxonomy":"pwb-brand","embeddable":true,"href":"https:\/\/oragarden.de\/en\/wp-json\/wp\/v2\/pwb-brand?post=28965"},{"taxonomy":"product_cat","embeddable":true,"href":"https:\/\/oragarden.de\/en\/wp-json\/wp\/v2\/product_cat?post=28965"},{"taxonomy":"product_tag","embeddable":true,"href":"https:\/\/oragarden.de\/en\/wp-json\/wp\/v2\/product_tag?post=28965"}],"curies":[{"name":"wp","href":"https:\/\/api.w.org\/{rel}","templated":true}]}}