{"id":28515,"date":"2024-02-01T17:42:14","date_gmt":"2024-02-01T18:42:14","guid":{"rendered":"https:\/\/oragarden.de\/?post_type=product&#038;p=28515"},"modified":"2026-03-21T21:06:10","modified_gmt":"2026-03-21T22:06:10","slug":"marphyl-marine-phytoplankton-organischer-fluessigduenger-1-liter-mit-duengerspritze","status":"publish","type":"product","link":"https:\/\/oragarden.de\/en\/product\/marphyl-marine-phytoplankton-organischer-fluessigduenger-1-liter-mit-duengerspritze\/","title":{"rendered":"MARPHYL Marine Phytoplankton Organischer Fl\u00fcssigd\u00fcnger 1 Liter mit D\u00fcngerspritze"},"content":{"rendered":"<p class=\"qtranxs-available-languages-message qtranxs-available-languages-message-en\">Sorry, this entry is only available in <a href=\"https:\/\/oragarden.de\/de\/wp-json\/wp\/v2\/product\/28515\" class=\"qtranxs-available-language-link qtranxs-available-language-link-de\" title=\"DE\">DE<\/a>.<\/p>","protected":false},"excerpt":{"rendered":"<p>Sorry, this entry is only available in DE.<\/p>\n","protected":false},"author":3,"featured_media":28512,"comment_status":"open","ping_status":"closed","template":"","meta":{"inline_featured_image":false},"pwb-brand":[6367],"product_cat":[1215,1206,1205,1211,1208,6838,1212,1207,213,1210,1203,1204,1213],"product_tag":[4103,4112],"class_list":{"0":"post-28515","1":"product","2":"type-product","3":"status-publish","4":"has-post-thumbnail","6":"pwb-brand-marphyl","7":"product_cat-cat-balkon-und-kubelpflanzendunger","8":"product_cat-cat-beeren-obstdunger","9":"product_cat-cat-blumendunger","10":"product_cat-cat-bodenaktivator","11":"product_cat-cat-gemusedunger","12":"product_cat-cat-hanf-cannabis-dunger","13":"product_cat-cat-heckendunger","14":"product_cat-cat-krauterdunger","15":"product_cat-cat-organische-dunger","16":"product_cat-cat-pflanzendunger","17":"product_cat-cat-rasendunger","18":"product_cat-cat-universaldunger","19":"product_cat-cat-zimmerpflanzendunger","20":"product_tag-flussigdunger","21":"product_tag-fluessiger-rasenduenger","23":"first","24":"instock","25":"sale","26":"taxable","27":"shipping-taxable","28":"purchasable","29":"product-type-simple"},"acf":[],"gtin":"4262391387504","brands":[{"id":6367,"name":"Marphyl","slug":"marphyl"}],"_links":{"self":[{"href":"https:\/\/oragarden.de\/en\/wp-json\/wp\/v2\/product\/28515","targetHints":{"allow":["GET"]}}],"collection":[{"href":"https:\/\/oragarden.de\/en\/wp-json\/wp\/v2\/product"}],"about":[{"href":"https:\/\/oragarden.de\/en\/wp-json\/wp\/v2\/types\/product"}],"author":[{"embeddable":true,"href":"https:\/\/oragarden.de\/en\/wp-json\/wp\/v2\/users\/3"}],"replies":[{"embeddable":true,"href":"https:\/\/oragarden.de\/en\/wp-json\/wp\/v2\/comments?post=28515"}],"wp:featuredmedia":[{"embeddable":true,"href":"https:\/\/oragarden.de\/en\/wp-json\/wp\/v2\/media\/28512"}],"wp:attachment":[{"href":"https:\/\/oragarden.de\/en\/wp-json\/wp\/v2\/media?parent=28515"}],"wp:term":[{"taxonomy":"pwb-brand","embeddable":true,"href":"https:\/\/oragarden.de\/en\/wp-json\/wp\/v2\/pwb-brand?post=28515"},{"taxonomy":"product_cat","embeddable":true,"href":"https:\/\/oragarden.de\/en\/wp-json\/wp\/v2\/product_cat?post=28515"},{"taxonomy":"product_tag","embeddable":true,"href":"https:\/\/oragarden.de\/en\/wp-json\/wp\/v2\/product_tag?post=28515"}],"curies":[{"name":"wp","href":"https:\/\/api.w.org\/{rel}","templated":true}]}}