{"id":27904,"date":"2024-01-06T13:41:49","date_gmt":"2024-01-06T14:41:49","guid":{"rendered":"https:\/\/oragarden.de\/?post_type=product&#038;p=27904"},"modified":"2026-04-19T14:37:13","modified_gmt":"2026-04-19T15:37:13","slug":"happy-plants-orchidea-twin-orchideentopf-selbstbewaessernd-o-12-5-cm-h-15-cm-1-3-liter-weiss","status":"publish","type":"product","link":"https:\/\/oragarden.de\/en\/product\/happy-plants-orchidea-twin-orchideentopf-selbstbewaessernd-o-12-5-cm-h-15-cm-1-3-liter-weiss\/","title":{"rendered":"Happy-Plants Orchidea Twin Orchideentopf Selbstbew\u00e4ssernd \u00d8 12.5 cm, H 15 cm 1.3 Liter &#8211; Wei\u00df"},"content":{"rendered":"<p><\/p>","protected":false},"excerpt":{"rendered":"","protected":false},"author":15,"featured_media":27905,"comment_status":"open","ping_status":"closed","template":"","meta":{"inline_featured_image":false},"pwb-brand":[6268],"product_cat":[6267,2165],"product_tag":[6746],"class_list":{"0":"post-27904","1":"product","2":"type-product","3":"status-publish","4":"has-post-thumbnail","6":"pwb-brand-happy-plants","7":"product_cat-cat-orchideentopfe","8":"product_cat-cat-selbstbewasserungstopfe","9":"product_tag-blumentopfe-weis","11":"first","12":"instock","13":"taxable","14":"shipping-taxable","15":"purchasable","16":"product-type-simple"},"acf":[],"gtin":"4840952008701","brands":[{"id":6268,"name":"Happy-Plants","slug":"happy-plants"}],"_links":{"self":[{"href":"https:\/\/oragarden.de\/en\/wp-json\/wp\/v2\/product\/27904","targetHints":{"allow":["GET"]}}],"collection":[{"href":"https:\/\/oragarden.de\/en\/wp-json\/wp\/v2\/product"}],"about":[{"href":"https:\/\/oragarden.de\/en\/wp-json\/wp\/v2\/types\/product"}],"author":[{"embeddable":true,"href":"https:\/\/oragarden.de\/en\/wp-json\/wp\/v2\/users\/15"}],"replies":[{"embeddable":true,"href":"https:\/\/oragarden.de\/en\/wp-json\/wp\/v2\/comments?post=27904"}],"wp:featuredmedia":[{"embeddable":true,"href":"https:\/\/oragarden.de\/en\/wp-json\/wp\/v2\/media\/27905"}],"wp:attachment":[{"href":"https:\/\/oragarden.de\/en\/wp-json\/wp\/v2\/media?parent=27904"}],"wp:term":[{"taxonomy":"pwb-brand","embeddable":true,"href":"https:\/\/oragarden.de\/en\/wp-json\/wp\/v2\/pwb-brand?post=27904"},{"taxonomy":"product_cat","embeddable":true,"href":"https:\/\/oragarden.de\/en\/wp-json\/wp\/v2\/product_cat?post=27904"},{"taxonomy":"product_tag","embeddable":true,"href":"https:\/\/oragarden.de\/en\/wp-json\/wp\/v2\/product_tag?post=27904"}],"curies":[{"name":"wp","href":"https:\/\/api.w.org\/{rel}","templated":true}]}}