{"id":27319,"date":"2023-12-04T21:34:20","date_gmt":"2023-12-04T22:34:20","guid":{"rendered":"https:\/\/oragarden.de\/?post_type=product&#038;p=27319"},"modified":"2026-01-14T07:20:54","modified_gmt":"2026-01-14T08:20:54","slug":"dimikro-bokashi-pflanzenglueck-universalduenger-3-kg-veganer-vollduenger-mit-em","status":"publish","type":"product","link":"https:\/\/oragarden.de\/en\/product\/dimikro-bokashi-pflanzenglueck-universalduenger-3-kg-veganer-vollduenger-mit-em\/","title":{"rendered":"DiMikro Bokashi Pflanzengl\u00fcck Universald\u00fcnger 3 kg &#8211; veganer Volld\u00fcnger mit EM"},"content":{"rendered":"<p class=\"qtranxs-available-languages-message qtranxs-available-languages-message-en\">Sorry, this entry is only available in <a href=\"https:\/\/oragarden.de\/de\/wp-json\/wp\/v2\/product\/27319\" class=\"qtranxs-available-language-link qtranxs-available-language-link-de\" title=\"DE\">DE<\/a>.<\/p>","protected":false},"excerpt":{"rendered":"<p>Sorry, this entry is only available in DE.<\/p>\n","protected":false},"author":3,"featured_media":27320,"comment_status":"open","ping_status":"closed","template":"","meta":{"inline_featured_image":false},"pwb-brand":[6011],"product_cat":[1215,1206,1205,1211,6838,1212,6029,1210,1204],"product_tag":[4111,4110,4099,4107,4106],"class_list":{"0":"post-27319","1":"product","2":"type-product","3":"status-publish","4":"has-post-thumbnail","6":"pwb-brand-dimikro","7":"product_cat-cat-balkon-und-kubelpflanzendunger","8":"product_cat-cat-beeren-obstdunger","9":"product_cat-cat-blumendunger","10":"product_cat-cat-bodenaktivator","11":"product_cat-cat-hanf-cannabis-dunger","12":"product_cat-cat-heckendunger","13":"product_cat-cat-kompostbeschleuniger","14":"product_cat-cat-pflanzendunger","15":"product_cat-cat-universaldunger","16":"product_tag-bio-langzeitduenger","17":"product_tag-langzeitduenger","18":"product_tag-npk-dunger","19":"product_tag-phosphordunger","20":"product_tag-stickstoffdunger","22":"first","23":"outofstock","24":"sale","25":"taxable","26":"shipping-taxable","27":"purchasable","28":"product-type-simple"},"acf":[],"gtin":"4260504322442","brands":[{"id":6011,"name":"DiMikro","slug":"dimikro"}],"_links":{"self":[{"href":"https:\/\/oragarden.de\/en\/wp-json\/wp\/v2\/product\/27319","targetHints":{"allow":["GET"]}}],"collection":[{"href":"https:\/\/oragarden.de\/en\/wp-json\/wp\/v2\/product"}],"about":[{"href":"https:\/\/oragarden.de\/en\/wp-json\/wp\/v2\/types\/product"}],"author":[{"embeddable":true,"href":"https:\/\/oragarden.de\/en\/wp-json\/wp\/v2\/users\/3"}],"replies":[{"embeddable":true,"href":"https:\/\/oragarden.de\/en\/wp-json\/wp\/v2\/comments?post=27319"}],"wp:featuredmedia":[{"embeddable":true,"href":"https:\/\/oragarden.de\/en\/wp-json\/wp\/v2\/media\/27320"}],"wp:attachment":[{"href":"https:\/\/oragarden.de\/en\/wp-json\/wp\/v2\/media?parent=27319"}],"wp:term":[{"taxonomy":"pwb-brand","embeddable":true,"href":"https:\/\/oragarden.de\/en\/wp-json\/wp\/v2\/pwb-brand?post=27319"},{"taxonomy":"product_cat","embeddable":true,"href":"https:\/\/oragarden.de\/en\/wp-json\/wp\/v2\/product_cat?post=27319"},{"taxonomy":"product_tag","embeddable":true,"href":"https:\/\/oragarden.de\/en\/wp-json\/wp\/v2\/product_tag?post=27319"}],"curies":[{"name":"wp","href":"https:\/\/api.w.org\/{rel}","templated":true}]}}