{"id":26281,"date":"2023-07-12T14:19:13","date_gmt":"2023-07-12T15:19:13","guid":{"rendered":"https:\/\/oragarden.de\/product\/hoogeveen-rosa-crazy-in-love-pink-65-cm-o15-cm\/"},"modified":"2025-10-24T13:16:51","modified_gmt":"2025-10-24T14:16:51","slug":"hoogeveen-rosa-crazy-in-love-pink-65-cm-o15-cm","status":"publish","type":"product","link":"https:\/\/oragarden.de\/en\/product\/hoogeveen-rosa-crazy-in-love-pink-65-cm-o15-cm\/","title":{"rendered":"Hoogeveen Rosa Crazy In Love &#8216;Pink&#8217; &#8211; 65 cm, \u00d815 cm"},"content":{"rendered":"&#8220;Rosa Crazy In Love Pink&#8221; ist eine beliebte rosa Kletterrose mit frischen gr\u00fcnen, gl\u00e4nzenden Bl\u00e4ttern. Rosen sind seit Hunderten von Jahren eine der bekanntesten und am besten gepflanzten Pflanzengruppe. De Roos hat einen symbolischen Wert in verschiedenen Kulturen. Bereits in alten Zeiten wurden Tempel und Pal\u00e4ste dekoriert. De Roos beginnt im Juni zu bl\u00fchen und bl\u00fcht bis zum ersten Prinzen im Oktober oder November. Um die Bl\u00fcte zu stimulieren, ist es ratsam, alte und verblasste Bl\u00fcten zu entfernen. Die Kletterrose mag eine sonnige Lage, und f\u00fcr das beste Wachstum ist es am besten, alle zwei Jahre auf etwa 30 Zentimeter \u00fcber dem Boden zur\u00fcckzukehren.","protected":false},"excerpt":{"rendered":"<p>&#8220;Rosa Crazy In Love Pink&#8221; ist eine beliebte rosa Kletterrose mit frischen gr\u00fcnen, gl\u00e4nzenden Bl\u00e4ttern. Rosen sind seit Hunderten von Jahren eine der bekanntesten und am besten gepflanzten Pflanzengruppe. De Roos hat einen symbolischen Wert in verschiedenen Kulturen. Bereits in alten Zeiten wurden Tempel und Pal\u00e4ste dekoriert. De Roos beginnt im Juni zu bl\u00fchen und [&hellip;]<\/p>\n","protected":false},"author":3,"featured_media":26282,"comment_status":"closed","ping_status":"closed","template":"","meta":{"inline_featured_image":false},"pwb-brand":[4968],"product_cat":[4000,5219,4037,5201],"product_tag":[],"class_list":{"0":"post-26281","1":"product","2":"type-product","3":"status-publish","4":"has-post-thumbnail","6":"pwb-brand-hoogeveen","7":"product_cat-cat-pflanzen","8":"product_cat-cat-bluhende-straucher","9":"product_cat-cat-gartenpflanzen","10":"product_cat-cat-rosen","12":"first","13":"outofstock","14":"sale","15":"taxable","16":"shipping-taxable","17":"purchasable","18":"product-type-simple"},"acf":[],"gtin":"8719075297087","brands":[{"id":4968,"name":"Hoogeveen","slug":"hoogeveen"}],"_links":{"self":[{"href":"https:\/\/oragarden.de\/en\/wp-json\/wp\/v2\/product\/26281","targetHints":{"allow":["GET"]}}],"collection":[{"href":"https:\/\/oragarden.de\/en\/wp-json\/wp\/v2\/product"}],"about":[{"href":"https:\/\/oragarden.de\/en\/wp-json\/wp\/v2\/types\/product"}],"author":[{"embeddable":true,"href":"https:\/\/oragarden.de\/en\/wp-json\/wp\/v2\/users\/3"}],"replies":[{"embeddable":true,"href":"https:\/\/oragarden.de\/en\/wp-json\/wp\/v2\/comments?post=26281"}],"wp:featuredmedia":[{"embeddable":true,"href":"https:\/\/oragarden.de\/en\/wp-json\/wp\/v2\/media\/26282"}],"wp:attachment":[{"href":"https:\/\/oragarden.de\/en\/wp-json\/wp\/v2\/media?parent=26281"}],"wp:term":[{"taxonomy":"pwb-brand","embeddable":true,"href":"https:\/\/oragarden.de\/en\/wp-json\/wp\/v2\/pwb-brand?post=26281"},{"taxonomy":"product_cat","embeddable":true,"href":"https:\/\/oragarden.de\/en\/wp-json\/wp\/v2\/product_cat?post=26281"},{"taxonomy":"product_tag","embeddable":true,"href":"https:\/\/oragarden.de\/en\/wp-json\/wp\/v2\/product_tag?post=26281"}],"curies":[{"name":"wp","href":"https:\/\/api.w.org\/{rel}","templated":true}]}}