{"id":26247,"date":"2023-07-12T14:17:04","date_gmt":"2023-07-12T15:17:04","guid":{"rendered":"https:\/\/oragarden.de\/product\/hoogeveen-rosa-crazy-in-love-red-65-cm-o15-cm\/"},"modified":"2025-10-24T13:16:50","modified_gmt":"2025-10-24T14:16:50","slug":"hoogeveen-rosa-crazy-in-love-red-65-cm-o15-cm","status":"publish","type":"product","link":"https:\/\/oragarden.de\/en\/product\/hoogeveen-rosa-crazy-in-love-red-65-cm-o15-cm\/","title":{"rendered":"Hoogeveen Rosa Crazy In Love &#8216;Red&#8217; &#8211; 65 cm, \u00d815 cm"},"content":{"rendered":"&#8220;Rosa Crazy In Love Red&#8221; ist eine beliebte rote Kletterrose mit frischen gr\u00fcnen, gl\u00e4nzenden Bl\u00e4ttern. Rosen sind seit Hunderten von Jahren eine der bekanntesten und am besten gepflanzten Pflanzengruppe. De Roos, insbesondere der Rot, hat in verschiedenen Kulturen einen symbolischen Wert. Bereits in alten Zeiten wurden Tempel und Pal\u00e4ste dekoriert. Nach der griechischen\/r\u00f6mischen Mythologie stammten die ersten roten Rosen aus dem Blut von Adonis aus seiner Liebe zu Aphrodite\/Venus. Rosen w\u00e4ren bis dahin wei\u00df gewesen. Rote Rosen sind immer noch als Symbol der Liebe bekannt. De Roos beginnt im Juni zu bl\u00fchen und bl\u00fcht bis zum ersten Prinzen im Oktober oder November. Um die Bl\u00fcte zu stimulieren, ist es ratsam, alte und verblasste Bl\u00fcten zu entfernen. Die Kletterrose mag eine sonnige Lage, und f\u00fcr das beste Wachstum ist es am besten, alle zwei Jahre auf etwa 30 Zentimeter \u00fcber dem Boden zur\u00fcckzukehren.","protected":false},"excerpt":{"rendered":"<p>&#8220;Rosa Crazy In Love Red&#8221; ist eine beliebte rote Kletterrose mit frischen gr\u00fcnen, gl\u00e4nzenden Bl\u00e4ttern. Rosen sind seit Hunderten von Jahren eine der bekanntesten und am besten gepflanzten Pflanzengruppe. De Roos, insbesondere der Rot, hat in verschiedenen Kulturen einen symbolischen Wert. Bereits in alten Zeiten wurden Tempel und Pal\u00e4ste dekoriert. Nach der griechischen\/r\u00f6mischen Mythologie stammten [&hellip;]<\/p>\n","protected":false},"author":3,"featured_media":26248,"comment_status":"closed","ping_status":"closed","template":"","meta":{"inline_featured_image":false},"pwb-brand":[4968],"product_cat":[4000,5219,4037,5201],"product_tag":[],"class_list":{"0":"post-26247","1":"product","2":"type-product","3":"status-publish","4":"has-post-thumbnail","6":"pwb-brand-hoogeveen","7":"product_cat-cat-pflanzen","8":"product_cat-cat-bluhende-straucher","9":"product_cat-cat-gartenpflanzen","10":"product_cat-cat-rosen","12":"first","13":"outofstock","14":"sale","15":"taxable","16":"shipping-taxable","17":"purchasable","18":"product-type-simple"},"acf":[],"gtin":"8719075297094","brands":[{"id":4968,"name":"Hoogeveen","slug":"hoogeveen"}],"_links":{"self":[{"href":"https:\/\/oragarden.de\/en\/wp-json\/wp\/v2\/product\/26247","targetHints":{"allow":["GET"]}}],"collection":[{"href":"https:\/\/oragarden.de\/en\/wp-json\/wp\/v2\/product"}],"about":[{"href":"https:\/\/oragarden.de\/en\/wp-json\/wp\/v2\/types\/product"}],"author":[{"embeddable":true,"href":"https:\/\/oragarden.de\/en\/wp-json\/wp\/v2\/users\/3"}],"replies":[{"embeddable":true,"href":"https:\/\/oragarden.de\/en\/wp-json\/wp\/v2\/comments?post=26247"}],"wp:featuredmedia":[{"embeddable":true,"href":"https:\/\/oragarden.de\/en\/wp-json\/wp\/v2\/media\/26248"}],"wp:attachment":[{"href":"https:\/\/oragarden.de\/en\/wp-json\/wp\/v2\/media?parent=26247"}],"wp:term":[{"taxonomy":"pwb-brand","embeddable":true,"href":"https:\/\/oragarden.de\/en\/wp-json\/wp\/v2\/pwb-brand?post=26247"},{"taxonomy":"product_cat","embeddable":true,"href":"https:\/\/oragarden.de\/en\/wp-json\/wp\/v2\/product_cat?post=26247"},{"taxonomy":"product_tag","embeddable":true,"href":"https:\/\/oragarden.de\/en\/wp-json\/wp\/v2\/product_tag?post=26247"}],"curies":[{"name":"wp","href":"https:\/\/api.w.org\/{rel}","templated":true}]}}