{"id":26228,"date":"2023-07-12T14:15:54","date_gmt":"2023-07-12T15:15:54","guid":{"rendered":"https:\/\/oragarden.de\/product\/hy-pe-hortensie-avantgarde-rosa-60-cm-o-23-cm\/"},"modified":"2025-10-24T13:16:48","modified_gmt":"2025-10-24T14:16:48","slug":"hy-pe-hortensie-avantgarde-rosa-60-cm-o-23-cm","status":"publish","type":"product","link":"https:\/\/oragarden.de\/en\/product\/hy-pe-hortensie-avantgarde-rosa-60-cm-o-23-cm\/","title":{"rendered":"Hy-Pe Hortensie Avantgarde Rosa &#8211; 60 cm, \u00d8 23 cm"},"content":{"rendered":"Die Avantgarde ist eine Hortensie. Die Avantgarde zeichnet sich durch ihren spektakul\u00e4ren Blumenball aus. Nicht nur die Form dieser Pflanze ist auff\u00e4llig, sondern auch ihre Farbpalette. Die Farbe der Blumen wechselt von wei\u00df zu rosa oder blau. Am Ende der Bl\u00fctezeit f\u00e4rbt sie sich sogar rot. Die Pflanze kann sowohl als Zimmerpflanze als auch als Gartenpflanze verwendet werden.","protected":false},"excerpt":{"rendered":"<p>Die Avantgarde ist eine Hortensie. Die Avantgarde zeichnet sich durch ihren spektakul\u00e4ren Blumenball aus. Nicht nur die Form dieser Pflanze ist auff\u00e4llig, sondern auch ihre Farbpalette. Die Farbe der Blumen wechselt von wei\u00df zu rosa oder blau. Am Ende der Bl\u00fctezeit f\u00e4rbt sie sich sogar rot. Die Pflanze kann sowohl als Zimmerpflanze als auch als [&hellip;]<\/p>\n","protected":false},"author":3,"featured_media":26229,"comment_status":"closed","ping_status":"closed","template":"","meta":{"inline_featured_image":false},"pwb-brand":[4047],"product_cat":[4000,5219,4037,4048,4775,4036],"product_tag":[],"class_list":{"0":"post-26228","1":"product","2":"type-product","3":"status-publish","4":"has-post-thumbnail","6":"pwb-brand-hy-pe","7":"product_cat-cat-pflanzen","8":"product_cat-cat-bluhende-straucher","9":"product_cat-cat-gartenpflanzen","10":"product_cat-cat-hortensien","11":"product_cat-cat-zimmerhortensien","12":"product_cat-cat-zimmerpflanzen","14":"first","15":"outofstock","16":"sale","17":"taxable","18":"shipping-taxable","19":"purchasable","20":"product-type-simple"},"acf":[],"gtin":"8720589522008","brands":[{"id":4047,"name":"Hy-Pe","slug":"hy-pe"}],"_links":{"self":[{"href":"https:\/\/oragarden.de\/en\/wp-json\/wp\/v2\/product\/26228","targetHints":{"allow":["GET"]}}],"collection":[{"href":"https:\/\/oragarden.de\/en\/wp-json\/wp\/v2\/product"}],"about":[{"href":"https:\/\/oragarden.de\/en\/wp-json\/wp\/v2\/types\/product"}],"author":[{"embeddable":true,"href":"https:\/\/oragarden.de\/en\/wp-json\/wp\/v2\/users\/3"}],"replies":[{"embeddable":true,"href":"https:\/\/oragarden.de\/en\/wp-json\/wp\/v2\/comments?post=26228"}],"wp:featuredmedia":[{"embeddable":true,"href":"https:\/\/oragarden.de\/en\/wp-json\/wp\/v2\/media\/26229"}],"wp:attachment":[{"href":"https:\/\/oragarden.de\/en\/wp-json\/wp\/v2\/media?parent=26228"}],"wp:term":[{"taxonomy":"pwb-brand","embeddable":true,"href":"https:\/\/oragarden.de\/en\/wp-json\/wp\/v2\/pwb-brand?post=26228"},{"taxonomy":"product_cat","embeddable":true,"href":"https:\/\/oragarden.de\/en\/wp-json\/wp\/v2\/product_cat?post=26228"},{"taxonomy":"product_tag","embeddable":true,"href":"https:\/\/oragarden.de\/en\/wp-json\/wp\/v2\/product_tag?post=26228"}],"curies":[{"name":"wp","href":"https:\/\/api.w.org\/{rel}","templated":true}]}}