{"id":26195,"date":"2023-07-12T14:05:20","date_gmt":"2023-07-12T15:05:20","guid":{"rendered":"https:\/\/oragarden.de\/product\/hy-pe-tellerhortensie-weiss-45-cm-o-23-cm\/"},"modified":"2025-10-24T13:16:46","modified_gmt":"2025-10-24T14:16:46","slug":"hy-pe-tellerhortensie-weiss-45-cm-o-23-cm","status":"publish","type":"product","link":"https:\/\/oragarden.de\/en\/product\/hy-pe-tellerhortensie-weiss-45-cm-o-23-cm\/","title":{"rendered":"Hy-Pe Tellerhortensie Wei\u00df &#8211; 45 cm, \u00d8 23 cm"},"content":{"rendered":"Die Tellerhortensie ist eine Hortensie oder Hydrangea mit doldenf\u00f6rmigen Blumen. Das bedeutet, dass die Blumen einen anderen Bl\u00fctenstand haben als die bekanntere Bauernhortensie. Die Pflanze bl\u00fcht von Juni bis September und ist einfach zu pflegen. Diese Hortensie ist eine sch\u00f6ne Erg\u00e4nzung f\u00fcr den Garten oder die Terrasse.","protected":false},"excerpt":{"rendered":"<p>Die Tellerhortensie ist eine Hortensie oder Hydrangea mit doldenf\u00f6rmigen Blumen. Das bedeutet, dass die Blumen einen anderen Bl\u00fctenstand haben als die bekanntere Bauernhortensie. Die Pflanze bl\u00fcht von Juni bis September und ist einfach zu pflegen. Diese Hortensie ist eine sch\u00f6ne Erg\u00e4nzung f\u00fcr den Garten oder die Terrasse.<\/p>\n","protected":false},"author":3,"featured_media":26196,"comment_status":"closed","ping_status":"closed","template":"","meta":{"inline_featured_image":false},"pwb-brand":[4047],"product_cat":[4000,5219,4037,4048],"product_tag":[],"class_list":{"0":"post-26195","1":"product","2":"type-product","3":"status-publish","4":"has-post-thumbnail","6":"pwb-brand-hy-pe","7":"product_cat-cat-pflanzen","8":"product_cat-cat-bluhende-straucher","9":"product_cat-cat-gartenpflanzen","10":"product_cat-cat-hortensien","12":"first","13":"outofstock","14":"sale","15":"taxable","16":"shipping-taxable","17":"purchasable","18":"product-type-simple"},"acf":[],"gtin":"8720589522183","brands":[{"id":4047,"name":"Hy-Pe","slug":"hy-pe"}],"_links":{"self":[{"href":"https:\/\/oragarden.de\/en\/wp-json\/wp\/v2\/product\/26195","targetHints":{"allow":["GET"]}}],"collection":[{"href":"https:\/\/oragarden.de\/en\/wp-json\/wp\/v2\/product"}],"about":[{"href":"https:\/\/oragarden.de\/en\/wp-json\/wp\/v2\/types\/product"}],"author":[{"embeddable":true,"href":"https:\/\/oragarden.de\/en\/wp-json\/wp\/v2\/users\/3"}],"replies":[{"embeddable":true,"href":"https:\/\/oragarden.de\/en\/wp-json\/wp\/v2\/comments?post=26195"}],"wp:featuredmedia":[{"embeddable":true,"href":"https:\/\/oragarden.de\/en\/wp-json\/wp\/v2\/media\/26196"}],"wp:attachment":[{"href":"https:\/\/oragarden.de\/en\/wp-json\/wp\/v2\/media?parent=26195"}],"wp:term":[{"taxonomy":"pwb-brand","embeddable":true,"href":"https:\/\/oragarden.de\/en\/wp-json\/wp\/v2\/pwb-brand?post=26195"},{"taxonomy":"product_cat","embeddable":true,"href":"https:\/\/oragarden.de\/en\/wp-json\/wp\/v2\/product_cat?post=26195"},{"taxonomy":"product_tag","embeddable":true,"href":"https:\/\/oragarden.de\/en\/wp-json\/wp\/v2\/product_tag?post=26195"}],"curies":[{"name":"wp","href":"https:\/\/api.w.org\/{rel}","templated":true}]}}