{"id":26165,"date":"2023-07-12T14:01:50","date_gmt":"2023-07-12T15:01:50","guid":{"rendered":"https:\/\/oragarden.de\/product\/hy-pe-hhortensie-ball-rohware-rosa-30-cm-o-14-cm\/"},"modified":"2025-10-24T13:16:44","modified_gmt":"2025-10-24T14:16:44","slug":"hy-pe-hhortensie-ball-rohware-rosa-30-cm-o-14-cm","status":"publish","type":"product","link":"https:\/\/oragarden.de\/en\/product\/hy-pe-hhortensie-ball-rohware-rosa-30-cm-o-14-cm\/","title":{"rendered":"Hy-Pe Hortensie Ball Rohware Rosa &#8211; 30 cm, \u00d8 14 cm"},"content":{"rendered":"Bei richtiger Pflege kann diese Pflanze sehr gro\u00df werden. Diese Pflanze hat noch keine Bl\u00fcten an den St\u00e4ngeln. Diese junge Hortensie ist eine wertvolle Bereicherung f\u00fcr den Garten.","protected":false},"excerpt":{"rendered":"<p>Bei richtiger Pflege kann diese Pflanze sehr gro\u00df werden. Diese Pflanze hat noch keine Bl\u00fcten an den St\u00e4ngeln. Diese junge Hortensie ist eine wertvolle Bereicherung f\u00fcr den Garten.<\/p>\n","protected":false},"author":3,"featured_media":26166,"comment_status":"closed","ping_status":"closed","template":"","meta":{"inline_featured_image":false},"pwb-brand":[4047],"product_cat":[4000,5219,4037,4048],"product_tag":[],"class_list":{"0":"post-26165","1":"product","2":"type-product","3":"status-publish","4":"has-post-thumbnail","6":"pwb-brand-hy-pe","7":"product_cat-cat-pflanzen","8":"product_cat-cat-bluhende-straucher","9":"product_cat-cat-gartenpflanzen","10":"product_cat-cat-hortensien","12":"first","13":"outofstock","14":"sale","15":"taxable","16":"shipping-taxable","17":"purchasable","18":"product-type-simple"},"acf":[],"gtin":"8720618985224","brands":[{"id":4047,"name":"Hy-Pe","slug":"hy-pe"}],"_links":{"self":[{"href":"https:\/\/oragarden.de\/en\/wp-json\/wp\/v2\/product\/26165","targetHints":{"allow":["GET"]}}],"collection":[{"href":"https:\/\/oragarden.de\/en\/wp-json\/wp\/v2\/product"}],"about":[{"href":"https:\/\/oragarden.de\/en\/wp-json\/wp\/v2\/types\/product"}],"author":[{"embeddable":true,"href":"https:\/\/oragarden.de\/en\/wp-json\/wp\/v2\/users\/3"}],"replies":[{"embeddable":true,"href":"https:\/\/oragarden.de\/en\/wp-json\/wp\/v2\/comments?post=26165"}],"wp:featuredmedia":[{"embeddable":true,"href":"https:\/\/oragarden.de\/en\/wp-json\/wp\/v2\/media\/26166"}],"wp:attachment":[{"href":"https:\/\/oragarden.de\/en\/wp-json\/wp\/v2\/media?parent=26165"}],"wp:term":[{"taxonomy":"pwb-brand","embeddable":true,"href":"https:\/\/oragarden.de\/en\/wp-json\/wp\/v2\/pwb-brand?post=26165"},{"taxonomy":"product_cat","embeddable":true,"href":"https:\/\/oragarden.de\/en\/wp-json\/wp\/v2\/product_cat?post=26165"},{"taxonomy":"product_tag","embeddable":true,"href":"https:\/\/oragarden.de\/en\/wp-json\/wp\/v2\/product_tag?post=26165"}],"curies":[{"name":"wp","href":"https:\/\/api.w.org\/{rel}","templated":true}]}}