{"id":26143,"date":"2023-07-12T13:54:14","date_gmt":"2023-07-12T14:54:14","guid":{"rendered":"https:\/\/oragarden.de\/product\/xxl-plants-olea-europaea-per-stimme-olea-180-cm-o30-cm\/"},"modified":"2025-10-24T13:16:41","modified_gmt":"2025-10-24T14:16:41","slug":"xxl-plants-olea-europaea-per-stimme-olea-180-cm-o30-cm","status":"publish","type":"product","link":"https:\/\/oragarden.de\/en\/product\/xxl-plants-olea-europaea-per-stimme-olea-180-cm-o30-cm\/","title":{"rendered":"Xxl Plants Olea Europaea Per Stimme Olea &#8211; 180 cm, \u00d830 cm"},"content":{"rendered":"Wenn Sie Ihrem Garten ein tropisches Flair verleihen m\u00f6chten, dann ist dieser Olivenbaum Olea eine perfekte Erg\u00e4nzung f\u00fcr Ihren Garten. Dieser Olivenbaum liebt die Sonne, so dass sein idealer Standort in der vollen Sonne ist. Olivenb\u00e4ume halten im Allgemeinen sehr lange und brauchen nicht viel Pflege. Obwohl der Olivenbaum Olea ein pflegeleichter Baum ist, gibt es einige Dinge zu beachten, wenn man einen Olivenbaum pflegt. Dieser Baum ist sehr widerstandsf\u00e4hig, so dass er viel aushalten kann, aber es ist notwendig, den Olivenbaum alle 2 Jahre umzutopfen. Wenn Sie das tun, wird er sehr lange halten! Der Olivenbaum Olea muss w\u00f6chentlich gegossen werden. Achten Sie darauf, diesem Baum nicht zu viel Wasser zu geben, das mag er nicht.","protected":false},"excerpt":{"rendered":"<p>Wenn Sie Ihrem Garten ein tropisches Flair verleihen m\u00f6chten, dann ist dieser Olivenbaum Olea eine perfekte Erg\u00e4nzung f\u00fcr Ihren Garten. Dieser Olivenbaum liebt die Sonne, so dass sein idealer Standort in der vollen Sonne ist. Olivenb\u00e4ume halten im Allgemeinen sehr lange und brauchen nicht viel Pflege. Obwohl der Olivenbaum Olea ein pflegeleichter Baum ist, gibt [&hellip;]<\/p>\n","protected":false},"author":3,"featured_media":26144,"comment_status":"closed","ping_status":"closed","template":"","meta":{"inline_featured_image":false},"pwb-brand":[4056],"product_cat":[5152],"product_tag":[],"class_list":{"0":"post-26143","1":"product","2":"type-product","3":"status-publish","4":"has-post-thumbnail","6":"pwb-brand-xxl-plants","7":"product_cat-cat-olivenbaume","9":"first","10":"outofstock","11":"sale","12":"taxable","13":"shipping-taxable","14":"purchasable","15":"product-type-simple"},"acf":[],"gtin":"8719831590384","brands":[{"id":4056,"name":"Xxl Plants","slug":"xxl-plants"}],"_links":{"self":[{"href":"https:\/\/oragarden.de\/en\/wp-json\/wp\/v2\/product\/26143","targetHints":{"allow":["GET"]}}],"collection":[{"href":"https:\/\/oragarden.de\/en\/wp-json\/wp\/v2\/product"}],"about":[{"href":"https:\/\/oragarden.de\/en\/wp-json\/wp\/v2\/types\/product"}],"author":[{"embeddable":true,"href":"https:\/\/oragarden.de\/en\/wp-json\/wp\/v2\/users\/3"}],"replies":[{"embeddable":true,"href":"https:\/\/oragarden.de\/en\/wp-json\/wp\/v2\/comments?post=26143"}],"wp:featuredmedia":[{"embeddable":true,"href":"https:\/\/oragarden.de\/en\/wp-json\/wp\/v2\/media\/26144"}],"wp:attachment":[{"href":"https:\/\/oragarden.de\/en\/wp-json\/wp\/v2\/media?parent=26143"}],"wp:term":[{"taxonomy":"pwb-brand","embeddable":true,"href":"https:\/\/oragarden.de\/en\/wp-json\/wp\/v2\/pwb-brand?post=26143"},{"taxonomy":"product_cat","embeddable":true,"href":"https:\/\/oragarden.de\/en\/wp-json\/wp\/v2\/product_cat?post=26143"},{"taxonomy":"product_tag","embeddable":true,"href":"https:\/\/oragarden.de\/en\/wp-json\/wp\/v2\/product_tag?post=26143"}],"curies":[{"name":"wp","href":"https:\/\/api.w.org\/{rel}","templated":true}]}}