{"id":26112,"date":"2023-07-12T13:39:33","date_gmt":"2023-07-12T14:39:33","guid":{"rendered":"https:\/\/oragarden.de\/product\/xxl-plants-olivenbaum-olea-europaea-cultivo-einschliesslich-55x46-grigio-egg-antique-weiss-200-cm\/"},"modified":"2025-10-24T13:16:38","modified_gmt":"2025-10-24T14:16:38","slug":"xxl-plants-olivenbaum-olea-europaea-cultivo-einschliesslich-55x46-grigio-egg-antique-weiss-200-cm","status":"publish","type":"product","link":"https:\/\/oragarden.de\/en\/product\/xxl-plants-olivenbaum-olea-europaea-cultivo-einschliesslich-55x46-grigio-egg-antique-weiss-200-cm\/","title":{"rendered":"Xxl Plants Olivenbaum Olea Europaea Cultivo Einschlie\u00dflich 55X46 Grigio Egg Antique Wei\u00df &#8211; 200 cm"},"content":{"rendered":"Dieser sch\u00f6ne Olivenbaum wird mit einem Grigio Egg Topf geliefert. Die Olea kann eine giga lange Zeit \u00fcberleben, aber das h\u00e4ngt von Ihren Pflegekenntnissen ab. Stellen Sie also sicher, dass Sie wissen, wie Sie Ihren mediterranen Freund am besten pflegen. Die Olea Europea ist ein echter Trunkenbold. Eigentlich ist diese Pflanze immer durstig. Besonders im Sommer, wenn sie in der prallen Sonne steht. Halten Sie die Erde also immer leicht feucht. Im Sommer k\u00f6nnen Sie m&#8217; bis zu 2-3 Mal pro Woche gie\u00dfen. Der Olivenbaum mag das alles, solange seine Wurzeln nicht unter Wasser stehen. Die Olea Europea ist ein Sonnenanbeter. Er zieht es vor, den ganzen Tag zu brennen. Stellen Sie den Baum also an einen sonnigen Platz im Garten.","protected":false},"excerpt":{"rendered":"<p>Dieser sch\u00f6ne Olivenbaum wird mit einem Grigio Egg Topf geliefert. Die Olea kann eine giga lange Zeit \u00fcberleben, aber das h\u00e4ngt von Ihren Pflegekenntnissen ab. Stellen Sie also sicher, dass Sie wissen, wie Sie Ihren mediterranen Freund am besten pflegen. Die Olea Europea ist ein echter Trunkenbold. Eigentlich ist diese Pflanze immer durstig. Besonders im [&hellip;]<\/p>\n","protected":false},"author":3,"featured_media":26113,"comment_status":"closed","ping_status":"closed","template":"","meta":{"inline_featured_image":false},"pwb-brand":[4056],"product_cat":[5152],"product_tag":[],"class_list":{"0":"post-26112","1":"product","2":"type-product","3":"status-publish","4":"has-post-thumbnail","6":"pwb-brand-xxl-plants","7":"product_cat-cat-olivenbaume","9":"first","10":"outofstock","11":"sale","12":"taxable","13":"shipping-taxable","14":"purchasable","15":"product-type-simple"},"acf":[],"gtin":"8720955103022","brands":[{"id":4056,"name":"Xxl Plants","slug":"xxl-plants"}],"_links":{"self":[{"href":"https:\/\/oragarden.de\/en\/wp-json\/wp\/v2\/product\/26112","targetHints":{"allow":["GET"]}}],"collection":[{"href":"https:\/\/oragarden.de\/en\/wp-json\/wp\/v2\/product"}],"about":[{"href":"https:\/\/oragarden.de\/en\/wp-json\/wp\/v2\/types\/product"}],"author":[{"embeddable":true,"href":"https:\/\/oragarden.de\/en\/wp-json\/wp\/v2\/users\/3"}],"replies":[{"embeddable":true,"href":"https:\/\/oragarden.de\/en\/wp-json\/wp\/v2\/comments?post=26112"}],"wp:featuredmedia":[{"embeddable":true,"href":"https:\/\/oragarden.de\/en\/wp-json\/wp\/v2\/media\/26113"}],"wp:attachment":[{"href":"https:\/\/oragarden.de\/en\/wp-json\/wp\/v2\/media?parent=26112"}],"wp:term":[{"taxonomy":"pwb-brand","embeddable":true,"href":"https:\/\/oragarden.de\/en\/wp-json\/wp\/v2\/pwb-brand?post=26112"},{"taxonomy":"product_cat","embeddable":true,"href":"https:\/\/oragarden.de\/en\/wp-json\/wp\/v2\/product_cat?post=26112"},{"taxonomy":"product_tag","embeddable":true,"href":"https:\/\/oragarden.de\/en\/wp-json\/wp\/v2\/product_tag?post=26112"}],"curies":[{"name":"wp","href":"https:\/\/api.w.org\/{rel}","templated":true}]}}