{"id":26097,"date":"2023-07-12T13:34:20","date_gmt":"2023-07-12T14:34:20","guid":{"rendered":"https:\/\/oragarden.de\/product\/urbanjngl-flaschengarten-teddy-bonsai-26-5-cm\/"},"modified":"2025-10-24T13:16:34","modified_gmt":"2025-10-24T14:16:34","slug":"urbanjngl-flaschengarten-teddy-bonsai-set-rake-shovel-tweezer-scissors-26-5-cm","status":"publish","type":"product","link":"https:\/\/oragarden.de\/en\/product\/urbanjngl-flaschengarten-teddy-bonsai-set-rake-shovel-tweezer-scissors-26-5-cm\/","title":{"rendered":"Urbanjngl Flaschengarten Teddy Bonsai Set (Rake, Shovel, Tweezer, Scissors) &#8211; 26.5 cm"},"content":{"rendered":"<h4>Do-It-Yourself Flaschengarten set<\/h4> <p>Mit einem Do-It-Yourself-Pflanzterrarium erhalten Sie ein autarkes Biotop, an dem Sie lange Freude haben werden. Nachdem Sie oder die Person, der Sie dieses Terrarium schenken werden, Ihr eigenes Mini-\u00d6kosystem mit dem mitgelieferten F\u00fcnf-Schritte-Plan zusammengestellt haben, wird das Wasser durch Verdunstung durch die Pflanzen und Moose recycelt.<\/p> <p><b data-mce-fragment=\"1\">Gr\u00f6\u00dfe: \u00d8 25<span data-mce-fragment=\"1\"> <\/span> cm \u2191 26,5<span data-mce-fragment=\"1\"> <\/span>cm<\/b><\/p> <p>Kein gr\u00fcner Daumen? Keine Bange. Unsere Terrarien pflegen sich nach dem Aufbau von selbst. So kann sich jeder, auch ohne gr\u00fcnen Daumen, sorgenfrei an endlosem Gr\u00fcn im Haus oder B\u00fcro erfreuen.<\/p><h4>Was ist im DIY-Terrarienpaket enthalten?<\/h4> <ul> <li>Terrarium mit Kork <\/span> <\/li> <li>Pflanzen <\/li> <ul> <li>Ficus Ginseng Bonsai<br> <\/li> <li>Fittonia rot<br> <\/li> <\/ul> <li>Viel frisches gr\u00fcnes Knollenmoos<\/li> <li>Hydrogranulat<\/li> <li>Aktivkohle<\/li> <li>Terrarienerde<\/li> <li>Ziersteine<\/li> <li>Schritt-f\u00fcr-Schritt-Plan f\u00fcr die Gestaltung Ihres Flaschengartens<\/li> <li>Pflegetipps<\/li> <\/ul> <p>Dieses Terrarium f\u00fchlt sich in jedem Interieur zu Hause und kommt als Do-It-Yourself daher Paket. Kein gr\u00fcner Daumen? Keine Bange. Wir erkl\u00e4ren Ihnen in 5 Schritten alles, was Sie \u00fcber Ihr Terrarium wissen m\u00fcssen, damit Sie Ihr eigenes Terrarium zu Hause oder im B\u00fcro innerhalb von 10 Minuten genie\u00dfen k\u00f6nnen. <\/p>","protected":false},"excerpt":{"rendered":"<p>Do-It-Yourself Flaschengarten set Mit einem Do-It-Yourself-Pflanzterrarium erhalten Sie ein autarkes Biotop, an dem Sie lange Freude haben werden. Nachdem Sie oder die Person, der Sie dieses Terrarium schenken werden, Ihr eigenes Mini-\u00d6kosystem mit dem mitgelieferten F\u00fcnf-Schritte-Plan zusammengestellt haben, wird das Wasser durch Verdunstung durch die Pflanzen und Moose recycelt. Gr\u00f6\u00dfe: \u00d8 25 cm \u2191 26,5 [&hellip;]<\/p>\n","protected":false},"author":3,"featured_media":26098,"comment_status":"open","ping_status":"closed","template":"","meta":{"inline_featured_image":false},"pwb-brand":[5157],"product_cat":[4967,5156,5977],"product_tag":[],"class_list":{"0":"post-26097","1":"product","2":"type-product","3":"status-publish","4":"has-post-thumbnail","6":"pwb-brand-urbanjngl","7":"product_cat-cat-ficus","8":"product_cat-cat-flaschengarten","9":"product_cat-cat-geschenke-fur-pflanzenliebhaber-und-innen","11":"first","12":"outofstock","13":"sale","14":"taxable","15":"shipping-taxable","16":"purchasable","17":"product-type-simple"},"acf":[],"gtin":"8720726958448","brands":[{"id":5157,"name":"Urbanjngl","slug":"urbanjngl"}],"_links":{"self":[{"href":"https:\/\/oragarden.de\/en\/wp-json\/wp\/v2\/product\/26097","targetHints":{"allow":["GET"]}}],"collection":[{"href":"https:\/\/oragarden.de\/en\/wp-json\/wp\/v2\/product"}],"about":[{"href":"https:\/\/oragarden.de\/en\/wp-json\/wp\/v2\/types\/product"}],"author":[{"embeddable":true,"href":"https:\/\/oragarden.de\/en\/wp-json\/wp\/v2\/users\/3"}],"replies":[{"embeddable":true,"href":"https:\/\/oragarden.de\/en\/wp-json\/wp\/v2\/comments?post=26097"}],"wp:featuredmedia":[{"embeddable":true,"href":"https:\/\/oragarden.de\/en\/wp-json\/wp\/v2\/media\/26098"}],"wp:attachment":[{"href":"https:\/\/oragarden.de\/en\/wp-json\/wp\/v2\/media?parent=26097"}],"wp:term":[{"taxonomy":"pwb-brand","embeddable":true,"href":"https:\/\/oragarden.de\/en\/wp-json\/wp\/v2\/pwb-brand?post=26097"},{"taxonomy":"product_cat","embeddable":true,"href":"https:\/\/oragarden.de\/en\/wp-json\/wp\/v2\/product_cat?post=26097"},{"taxonomy":"product_tag","embeddable":true,"href":"https:\/\/oragarden.de\/en\/wp-json\/wp\/v2\/product_tag?post=26097"}],"curies":[{"name":"wp","href":"https:\/\/api.w.org\/{rel}","templated":true}]}}