{"id":26021,"date":"2023-07-12T13:25:43","date_gmt":"2023-07-12T14:25:43","guid":{"rendered":"https:\/\/oragarden.de\/product\/meergroothandel-kokodama-platycerium-hirschhornfarn-hang-35-cm-o15-cm\/"},"modified":"2025-10-24T13:16:29","modified_gmt":"2025-10-24T14:16:29","slug":"meergroothandel-kokodama-platycerium-hirschhornfarn-hang-35-cm-o15-cm","status":"publish","type":"product","link":"https:\/\/oragarden.de\/en\/product\/meergroothandel-kokodama-platycerium-hirschhornfarn-hang-35-cm-o15-cm\/","title":{"rendered":"Meergroothandel Kokodama Platycerium (Hirschhornfarn) Hang &#8211; 35 cm, \u00d815 cm"},"content":{"rendered":"Das Hersthorn ist in den tropischen Dschungeln Asiens, Australiens, Afrikas und S\u00fcdamerikas beheimatet. Dort wachsen sie als Epiphyten hoch auf der Rinde von B\u00e4umen. Diese besondere Zimmerpflanze hat eine Filzschicht. Diese Schicht sch\u00fctzt die Pflanze vor Verdunstung. \r\n\r\nStellen Sie den Hirschhorn vorzugsweise in den Halbschatten. Versuchen Sie, helles Sonnenlicht zu vermeiden. \r\n\r\nGeben Sie dem Hirschhorn mindestens einmal pro Woche etwas Wasser. Diese Zimmerpflanze liebt Wasser. Sie k\u00f6nnen die Pflanze auch regelm\u00e4\u00dfig unter Wasser setzen. Im Winter sinkt der Wasserbedarf der Pflanze. \r\n\r\nBitte beachten Sie, dass es sich bei den Pflanzen um ein lebendes Produkt handelt, das von den Fotos und der Beschreibung abweichen kann. Unsere Pflanzen werden in einem Kunststofftopf geliefert. Alle Pflanzen werden direkt von der G\u00e4rtnerei verpackt und versandt.","protected":false},"excerpt":{"rendered":"<p>Das Hersthorn ist in den tropischen Dschungeln Asiens, Australiens, Afrikas und S\u00fcdamerikas beheimatet. Dort wachsen sie als Epiphyten hoch auf der Rinde von B\u00e4umen. Diese besondere Zimmerpflanze hat eine Filzschicht. Diese Schicht sch\u00fctzt die Pflanze vor Verdunstung. Stellen Sie den Hirschhorn vorzugsweise in den Halbschatten. Versuchen Sie, helles Sonnenlicht zu vermeiden. Geben Sie dem Hirschhorn [&hellip;]<\/p>\n","protected":false},"author":3,"featured_media":26022,"comment_status":"closed","ping_status":"closed","template":"","meta":{"inline_featured_image":false},"pwb-brand":[4041],"product_cat":[5115],"product_tag":[],"class_list":{"0":"post-26021","1":"product","2":"type-product","3":"status-publish","4":"has-post-thumbnail","6":"pwb-brand-meergroothandel","7":"product_cat-cat-farne","9":"first","10":"outofstock","11":"sale","12":"taxable","13":"shipping-taxable","14":"purchasable","15":"product-type-simple"},"acf":[],"gtin":"8720634285261","brands":[{"id":4041,"name":"MEERGroothandel","slug":"meergroothandel"}],"_links":{"self":[{"href":"https:\/\/oragarden.de\/en\/wp-json\/wp\/v2\/product\/26021","targetHints":{"allow":["GET"]}}],"collection":[{"href":"https:\/\/oragarden.de\/en\/wp-json\/wp\/v2\/product"}],"about":[{"href":"https:\/\/oragarden.de\/en\/wp-json\/wp\/v2\/types\/product"}],"author":[{"embeddable":true,"href":"https:\/\/oragarden.de\/en\/wp-json\/wp\/v2\/users\/3"}],"replies":[{"embeddable":true,"href":"https:\/\/oragarden.de\/en\/wp-json\/wp\/v2\/comments?post=26021"}],"wp:featuredmedia":[{"embeddable":true,"href":"https:\/\/oragarden.de\/en\/wp-json\/wp\/v2\/media\/26022"}],"wp:attachment":[{"href":"https:\/\/oragarden.de\/en\/wp-json\/wp\/v2\/media?parent=26021"}],"wp:term":[{"taxonomy":"pwb-brand","embeddable":true,"href":"https:\/\/oragarden.de\/en\/wp-json\/wp\/v2\/pwb-brand?post=26021"},{"taxonomy":"product_cat","embeddable":true,"href":"https:\/\/oragarden.de\/en\/wp-json\/wp\/v2\/product_cat?post=26021"},{"taxonomy":"product_tag","embeddable":true,"href":"https:\/\/oragarden.de\/en\/wp-json\/wp\/v2\/product_tag?post=26021"}],"curies":[{"name":"wp","href":"https:\/\/api.w.org\/{rel}","templated":true}]}}