{"id":25890,"date":"2023-07-12T12:29:09","date_gmt":"2023-07-12T13:29:09","guid":{"rendered":"https:\/\/oragarden.de\/product\/kolibri-phalaenopsis-orchidee-jewel-ghent-weisse-o12-cm\/"},"modified":"2025-10-24T13:16:20","modified_gmt":"2025-10-24T14:16:20","slug":"kolibri-phalaenopsis-orchidee-jewel-ghent-weisse-o12-cm","status":"publish","type":"product","link":"https:\/\/oragarden.de\/en\/product\/kolibri-phalaenopsis-orchidee-jewel-ghent-weisse-o12-cm\/","title":{"rendered":"Kolibri Phalaenopsis Orchidee Jewel Ghent, Wei\u00dfe &#8211; \u00d812 cm"},"content":{"rendered":"Diese wei\u00dfe Phalaenopsis-Orchidee mit ihren gro\u00dfen, wei\u00dfen Bl\u00fcten ist ein echter Blickfang im Haus. Die Orchidee hat eine Topfgr\u00f6\u00dfe von 12 cm Durchmesser. Da die Zweige der Orchidee kurz bleiben, bildet sie einen Blumenstrau\u00df. Eine sch\u00f6ne Orchidee, die Sie an Ihrem Lieblingsplatz im Haus aufstellen k\u00f6nnen.\r\n\r\n<strong>Pflege von Orchideen<\/strong>\r\nGie\u00dfen Sie Ihre Orchidee einmal pro Woche, indem Sie den Anzuchttopf in Wasser tauchen. Lassen Sie die Orchidee gut abtropfen, bevor Sie die Zimmerpflanze wieder in ihren Ziertopf setzen. W\u00e4hlen Sie einen hellen Standort, aber nicht in direkter Sonneneinstrahlung, mit einer Raumtemperatur zwischen 18 und 21 Grad. Stellen Sie die Orchidee nicht in die N\u00e4he eines Ofens oder einer Heizung.\r\n\r\n<strong>Verpackung und Lieferung<\/strong>\r\nUnsere Pflanzen werden direkt von unserer G\u00e4rtnerei zu Ihnen geschickt. Sie werden in einem speziell entwickelten Versandkarton verpackt, der sicherstellt, dass Pflanzen und T\u00f6pfe beim Versand nicht besch\u00e4digt werden.","protected":false},"excerpt":{"rendered":"<p>Diese wei\u00dfe Phalaenopsis-Orchidee mit ihren gro\u00dfen, wei\u00dfen Bl\u00fcten ist ein echter Blickfang im Haus. Die Orchidee hat eine Topfgr\u00f6\u00dfe von 12 cm Durchmesser. Da die Zweige der Orchidee kurz bleiben, bildet sie einen Blumenstrau\u00df. Eine sch\u00f6ne Orchidee, die Sie an Ihrem Lieblingsplatz im Haus aufstellen k\u00f6nnen. Pflege von Orchideen Gie\u00dfen Sie Ihre Orchidee einmal pro [&hellip;]<\/p>\n","protected":false},"author":3,"featured_media":25891,"comment_status":"open","ping_status":"closed","template":"","meta":{"inline_featured_image":false},"pwb-brand":[5097],"product_cat":[5126],"product_tag":[],"class_list":{"0":"post-25890","1":"product","2":"type-product","3":"status-publish","4":"has-post-thumbnail","6":"pwb-brand-kolibri","7":"product_cat-cat-orchideen","9":"first","10":"outofstock","11":"sale","12":"taxable","13":"shipping-taxable","14":"purchasable","15":"product-type-simple"},"acf":[],"gtin":"8720682780794","brands":[{"id":5097,"name":"Kolibri","slug":"kolibri"}],"_links":{"self":[{"href":"https:\/\/oragarden.de\/en\/wp-json\/wp\/v2\/product\/25890","targetHints":{"allow":["GET"]}}],"collection":[{"href":"https:\/\/oragarden.de\/en\/wp-json\/wp\/v2\/product"}],"about":[{"href":"https:\/\/oragarden.de\/en\/wp-json\/wp\/v2\/types\/product"}],"author":[{"embeddable":true,"href":"https:\/\/oragarden.de\/en\/wp-json\/wp\/v2\/users\/3"}],"replies":[{"embeddable":true,"href":"https:\/\/oragarden.de\/en\/wp-json\/wp\/v2\/comments?post=25890"}],"wp:featuredmedia":[{"embeddable":true,"href":"https:\/\/oragarden.de\/en\/wp-json\/wp\/v2\/media\/25891"}],"wp:attachment":[{"href":"https:\/\/oragarden.de\/en\/wp-json\/wp\/v2\/media?parent=25890"}],"wp:term":[{"taxonomy":"pwb-brand","embeddable":true,"href":"https:\/\/oragarden.de\/en\/wp-json\/wp\/v2\/pwb-brand?post=25890"},{"taxonomy":"product_cat","embeddable":true,"href":"https:\/\/oragarden.de\/en\/wp-json\/wp\/v2\/product_cat?post=25890"},{"taxonomy":"product_tag","embeddable":true,"href":"https:\/\/oragarden.de\/en\/wp-json\/wp\/v2\/product_tag?post=25890"}],"curies":[{"name":"wp","href":"https:\/\/api.w.org\/{rel}","templated":true}]}}