{"id":25884,"date":"2023-07-12T12:28:54","date_gmt":"2023-07-12T13:28:54","guid":{"rendered":"https:\/\/oragarden.de\/product\/kolibri-phalaenopsis-orchidee-niagara-fall-weisse-o12-cm\/"},"modified":"2025-10-24T13:16:20","modified_gmt":"2025-10-24T14:16:20","slug":"kolibri-phalaenopsis-orchidee-niagara-fall-weisse-o12-cm","status":"publish","type":"product","link":"https:\/\/oragarden.de\/en\/product\/kolibri-phalaenopsis-orchidee-niagara-fall-weisse-o12-cm\/","title":{"rendered":"Kolibri Phalaenopsis-Orchidee Niagara Fall, Wei\u00dfe &#8211; \u00d812 cm"},"content":{"rendered":"Die wei\u00dfe Niagara-Fall-Orchidee ist eine wahre Sch\u00f6nheit in Ihrem Haus! Die Orchidee hat eine Topfgr\u00f6\u00dfe von 12 cm und erreicht eine H\u00f6he von 55 bis 60 cm. Die gro\u00dfen Bl\u00fcten, die die Niagara-Fall-Orchidee an ihren Zweigen tr\u00e4gt, verleihen der Pflanze ein enorm luxuri\u00f6ses Aussehen. Die Pflanze hat auch eine l\u00e4ngere Lebensdauer, da sie unter guten Bedingungen gro\u00dfe Bl\u00fcten hat. Wenn Sie auf der Suche nach einem Geschenk f\u00fcr einen Freund oder einen geliebten Menschen sind, ist die Niagara-Fall-Orchidee immer die richtige Wahl. Die zartrosa Bl\u00fcten, die an der Pflanze wachsen, machen sie eigentlich f\u00fcr jedes Interieur geeignet.\r\n\r\n<strong>Pflege von Orchideen<\/strong>\r\nGie\u00dfen Sie Ihre Orchidee einmal pro Woche, indem Sie den Anzuchttopf in Wasser tauchen. Lassen Sie die Orchidee gut abtropfen, bevor Sie die Zimmerpflanze wieder in ihren Ziertopf setzen. W\u00e4hlen Sie einen hellen Standort, aber nicht in direkter Sonneneinstrahlung, mit einer Raumtemperatur zwischen 18 und 21 Grad. Stellen Sie die Orchidee nicht in die N\u00e4he eines Ofens oder einer Heizung.\r\n\r\n<strong>Verpackung und Lieferung<\/strong>\r\nUnsere Pflanzen werden direkt von unserer G\u00e4rtnerei zu Ihnen geschickt. Sie werden in einem speziell entwickelten Versandkarton verpackt, der sicherstellt, dass Pflanzen und T\u00f6pfe beim Versand nicht besch\u00e4digt werden.","protected":false},"excerpt":{"rendered":"<p>Die wei\u00dfe Niagara-Fall-Orchidee ist eine wahre Sch\u00f6nheit in Ihrem Haus! Die Orchidee hat eine Topfgr\u00f6\u00dfe von 12 cm und erreicht eine H\u00f6he von 55 bis 60 cm. Die gro\u00dfen Bl\u00fcten, die die Niagara-Fall-Orchidee an ihren Zweigen tr\u00e4gt, verleihen der Pflanze ein enorm luxuri\u00f6ses Aussehen. Die Pflanze hat auch eine l\u00e4ngere Lebensdauer, da sie unter guten [&hellip;]<\/p>\n","protected":false},"author":3,"featured_media":25885,"comment_status":"open","ping_status":"closed","template":"","meta":{"inline_featured_image":false},"pwb-brand":[5097],"product_cat":[5126],"product_tag":[],"class_list":{"0":"post-25884","1":"product","2":"type-product","3":"status-publish","4":"has-post-thumbnail","6":"pwb-brand-kolibri","7":"product_cat-cat-orchideen","9":"first","10":"outofstock","11":"sale","12":"taxable","13":"shipping-taxable","14":"purchasable","15":"product-type-simple"},"acf":[],"gtin":"8720682780817","brands":[{"id":5097,"name":"Kolibri","slug":"kolibri"}],"_links":{"self":[{"href":"https:\/\/oragarden.de\/en\/wp-json\/wp\/v2\/product\/25884","targetHints":{"allow":["GET"]}}],"collection":[{"href":"https:\/\/oragarden.de\/en\/wp-json\/wp\/v2\/product"}],"about":[{"href":"https:\/\/oragarden.de\/en\/wp-json\/wp\/v2\/types\/product"}],"author":[{"embeddable":true,"href":"https:\/\/oragarden.de\/en\/wp-json\/wp\/v2\/users\/3"}],"replies":[{"embeddable":true,"href":"https:\/\/oragarden.de\/en\/wp-json\/wp\/v2\/comments?post=25884"}],"wp:featuredmedia":[{"embeddable":true,"href":"https:\/\/oragarden.de\/en\/wp-json\/wp\/v2\/media\/25885"}],"wp:attachment":[{"href":"https:\/\/oragarden.de\/en\/wp-json\/wp\/v2\/media?parent=25884"}],"wp:term":[{"taxonomy":"pwb-brand","embeddable":true,"href":"https:\/\/oragarden.de\/en\/wp-json\/wp\/v2\/pwb-brand?post=25884"},{"taxonomy":"product_cat","embeddable":true,"href":"https:\/\/oragarden.de\/en\/wp-json\/wp\/v2\/product_cat?post=25884"},{"taxonomy":"product_tag","embeddable":true,"href":"https:\/\/oragarden.de\/en\/wp-json\/wp\/v2\/product_tag?post=25884"}],"curies":[{"name":"wp","href":"https:\/\/api.w.org\/{rel}","templated":true}]}}