{"id":25877,"date":"2023-07-12T12:28:33","date_gmt":"2023-07-12T13:28:33","guid":{"rendered":"https:\/\/oragarden.de\/product\/kolibri-phalaenopsis-orchidee-jewel-pirate-picotee-orange-rosa-o12-cm\/"},"modified":"2025-10-24T13:16:19","modified_gmt":"2025-10-24T14:16:19","slug":"kolibri-phalaenopsis-orchidee-jewel-pirate-picotee-orange-rosa-o12-cm","status":"publish","type":"product","link":"https:\/\/oragarden.de\/en\/product\/kolibri-phalaenopsis-orchidee-jewel-pirate-picotee-orange-rosa-o12-cm\/","title":{"rendered":"Kolibri Phalaenopsis Orchidee Jewel Pirate Picotee, Orange Rosa &#8211; \u00d812 cm"},"content":{"rendered":"<p>Sorgen Sie f\u00fcr einen echten Blickfang in Ihrem Zuhause! Diese orange-rosa Orchidee f\u00e4llt durch ihre sch\u00f6ne Farbkombination auf. Die Orchidee zeichnet sich durch ihr dunkelrosa Inneres aus, das nach au\u00dfen hin heller wird. Die Pflanze hat viele Knospen und eine Topfgr\u00f6\u00dfe von 12 cm.<\/p>\r\n<p>\u00a0<\/p>\r\n<p><strong>Pflege der Orchidee<\/strong><\/p>\r\n<p>Gie\u00dfen Sie Ihre Orchidee einmal pro Woche, indem Sie den Topf in Wasser tauchen. Lassen Sie die Orchidee danach gut abtropfen, bevor Sie die Zimmerpflanze wieder in ihren Ziertopf setzen. W\u00e4hlen Sie einen hellen Platz, aber nicht in direktem Sonnenlicht, mit einer Raumtemperatur zwischen 18 und 21 Grad. Au\u00dferdem sollte die Orchidee nicht in der N\u00e4he eines Ofens oder einer Heizung stehen.<\/p>\r\n<p>\u00a0<\/p>\r\n<p><strong>Verpackung und Lieferung<\/strong><\/p>\r\n<p>Unsere Pflanzen werden direkt von unserer G\u00e4rtnerei zu Ihnen geliefert. Sie werden in einem speziell entwickelten Versandkarton verpackt, der sicherstellt, dass Pflanzen und T\u00f6pfe beim Versand nicht besch\u00e4digt werden.<\/p>\r\n<p>\u00a0<\/p>\r\n<p>*Da wir mit lebenden Produkten arbeiten, k\u00f6nnen die abgebildeten Arten geringf\u00fcgig von den Fotos abweichen.<\/p>","protected":false},"excerpt":{"rendered":"<p>Sorgen Sie f\u00fcr einen echten Blickfang in Ihrem Zuhause! Diese orange-rosa Orchidee f\u00e4llt durch ihre sch\u00f6ne Farbkombination auf. Die Orchidee zeichnet sich durch ihr dunkelrosa Inneres aus, das nach au\u00dfen hin heller wird. Die Pflanze hat viele Knospen und eine Topfgr\u00f6\u00dfe von 12 cm. \u00a0 Pflege der Orchidee Gie\u00dfen Sie Ihre Orchidee einmal pro Woche, [&hellip;]<\/p>\n","protected":false},"author":3,"featured_media":25878,"comment_status":"open","ping_status":"closed","template":"","meta":{"inline_featured_image":false},"pwb-brand":[5097],"product_cat":[5126],"product_tag":[],"class_list":{"0":"post-25877","1":"product","2":"type-product","3":"status-publish","4":"has-post-thumbnail","6":"pwb-brand-kolibri","7":"product_cat-cat-orchideen","9":"first","10":"outofstock","11":"sale","12":"taxable","13":"shipping-taxable","14":"purchasable","15":"product-type-simple"},"acf":[],"gtin":"8720682780855","brands":[{"id":5097,"name":"Kolibri","slug":"kolibri"}],"_links":{"self":[{"href":"https:\/\/oragarden.de\/en\/wp-json\/wp\/v2\/product\/25877","targetHints":{"allow":["GET"]}}],"collection":[{"href":"https:\/\/oragarden.de\/en\/wp-json\/wp\/v2\/product"}],"about":[{"href":"https:\/\/oragarden.de\/en\/wp-json\/wp\/v2\/types\/product"}],"author":[{"embeddable":true,"href":"https:\/\/oragarden.de\/en\/wp-json\/wp\/v2\/users\/3"}],"replies":[{"embeddable":true,"href":"https:\/\/oragarden.de\/en\/wp-json\/wp\/v2\/comments?post=25877"}],"wp:featuredmedia":[{"embeddable":true,"href":"https:\/\/oragarden.de\/en\/wp-json\/wp\/v2\/media\/25878"}],"wp:attachment":[{"href":"https:\/\/oragarden.de\/en\/wp-json\/wp\/v2\/media?parent=25877"}],"wp:term":[{"taxonomy":"pwb-brand","embeddable":true,"href":"https:\/\/oragarden.de\/en\/wp-json\/wp\/v2\/pwb-brand?post=25877"},{"taxonomy":"product_cat","embeddable":true,"href":"https:\/\/oragarden.de\/en\/wp-json\/wp\/v2\/product_cat?post=25877"},{"taxonomy":"product_tag","embeddable":true,"href":"https:\/\/oragarden.de\/en\/wp-json\/wp\/v2\/product_tag?post=25877"}],"curies":[{"name":"wp","href":"https:\/\/api.w.org\/{rel}","templated":true}]}}