{"id":25869,"date":"2023-07-12T12:22:44","date_gmt":"2023-07-12T13:22:44","guid":{"rendered":"https:\/\/oragarden.de\/product\/kolibri-phalaenopsis-orchidee-amabilis-weisse-o9-cm\/"},"modified":"2025-10-24T13:16:19","modified_gmt":"2025-10-24T14:16:19","slug":"kolibri-phalaenopsis-orchidee-amabilis-weisse-o9-cm","status":"publish","type":"product","link":"https:\/\/oragarden.de\/en\/product\/kolibri-phalaenopsis-orchidee-amabilis-weisse-o9-cm\/","title":{"rendered":"Kolibri Phalaenopsis-Orchidee Amabilis, Wei\u00dfe &#8211; \u00d89 cm"},"content":{"rendered":"<p>Die Spider-Orchidee ist ein einzigartiges und faszinierendes Exemplar, das in jedem Raum sofort auff\u00e4llt. Mit ihrem sch\u00f6nen Muster, das man bei Orchideen fast nie sieht, ist sie die perfekte Wahl f\u00fcr jeden Pflanzenliebhaber, der etwas Besonderes sucht.<\/p>\r\n<p>\u00a0<\/p>\r\n<p>Diese Sch\u00f6nheit wird in einem 9 cm gro\u00dfen Topf mit 2 bis 3 Zweigen geliefert und verleiht Ihrer Einrichtung oder Ihrem B\u00fcro sofort einen Hauch von Eleganz. Die Spider-Orchidee ist pflegeleicht und gedeiht auch unter helleren Bedingungen ohne direkte Sonneneinstrahlung.<\/p>\r\n<p>\u00a0<\/p>\r\n<p>Jede Bl\u00fcte der Spider-Orchidee ist einzigartig in Farbe und Muster, was diese Pflanze zu einem echten Blickfang macht. Sie schafft eine Atmosph\u00e4re von Eleganz und Stil, wo immer sie steht.<\/p>\r\n<p>\u00a0<\/p>\r\n<p>Kurzum, Sie suchen eine einzigartige Orchidee, die garantiert die Aufmerksamkeit auf sich zieht? Dann w\u00e4hlen Sie die Spider in Topfgr\u00f6\u00dfe 9!<\/p>\r\n<p>\u00a0<\/p>\r\n<p>Pflege der Orchidee<\/p>\r\n<p>Gie\u00dfen Sie Ihre Orchidee einmal pro Woche, indem Sie den Topf in Wasser tauchen. Lassen Sie die Orchidee anschlie\u00dfend gut abtropfen, bevor Sie die Zimmerpflanze wieder in ihren Ziertopf stellen. W\u00e4hlen Sie einen hellen Platz, aber nicht in der direkten Sonne, mit einer Raumtemperatur zwischen 18 und 21 Grad. Stellen Sie die Orchidee au\u00dferdem nicht in die N\u00e4he eines Ofens oder einer Heizung.<\/p>\r\n<p>\u00a0<\/p>\r\n<p>Verpackung und Lieferung<\/p>\r\n<p>Unsere Pflanzen werden direkt von unserer G\u00e4rtnerei zu Ihnen versandt. Sie werden in einem speziell entwickelten Versandkarton verpackt, der sicherstellt, dass die Pflanzen und T\u00f6pfe w\u00e4hrend des Transports nicht besch\u00e4digt werden.<\/p>\r\n<p>\u00a0\u00a0\u00a0\u00a0\u00a0\u00a0\u00a0\u00a0\u00a0\u00a0\u00a0\u00a0\u00a0\u00a0\u00a0<\/p>\r\n<p>*Da wir mit lebenden Produkten arbeiten, k\u00f6nnen die abgebildeten Arten leicht von den Fotos abweichen.<\/p>","protected":false},"excerpt":{"rendered":"<p>Die Spider-Orchidee ist ein einzigartiges und faszinierendes Exemplar, das in jedem Raum sofort auff\u00e4llt. Mit ihrem sch\u00f6nen Muster, das man bei Orchideen fast nie sieht, ist sie die perfekte Wahl f\u00fcr jeden Pflanzenliebhaber, der etwas Besonderes sucht. \u00a0 Diese Sch\u00f6nheit wird in einem 9 cm gro\u00dfen Topf mit 2 bis 3 Zweigen geliefert und verleiht [&hellip;]<\/p>\n","protected":false},"author":3,"featured_media":25870,"comment_status":"open","ping_status":"closed","template":"","meta":{"inline_featured_image":false},"pwb-brand":[5097],"product_cat":[5126],"product_tag":[],"class_list":{"0":"post-25869","1":"product","2":"type-product","3":"status-publish","4":"has-post-thumbnail","6":"pwb-brand-kolibri","7":"product_cat-cat-orchideen","9":"first","10":"outofstock","11":"sale","12":"taxable","13":"shipping-taxable","14":"purchasable","15":"product-type-simple"},"acf":[],"gtin":"8720682780008","brands":[{"id":5097,"name":"Kolibri","slug":"kolibri"}],"_links":{"self":[{"href":"https:\/\/oragarden.de\/en\/wp-json\/wp\/v2\/product\/25869","targetHints":{"allow":["GET"]}}],"collection":[{"href":"https:\/\/oragarden.de\/en\/wp-json\/wp\/v2\/product"}],"about":[{"href":"https:\/\/oragarden.de\/en\/wp-json\/wp\/v2\/types\/product"}],"author":[{"embeddable":true,"href":"https:\/\/oragarden.de\/en\/wp-json\/wp\/v2\/users\/3"}],"replies":[{"embeddable":true,"href":"https:\/\/oragarden.de\/en\/wp-json\/wp\/v2\/comments?post=25869"}],"wp:featuredmedia":[{"embeddable":true,"href":"https:\/\/oragarden.de\/en\/wp-json\/wp\/v2\/media\/25870"}],"wp:attachment":[{"href":"https:\/\/oragarden.de\/en\/wp-json\/wp\/v2\/media?parent=25869"}],"wp:term":[{"taxonomy":"pwb-brand","embeddable":true,"href":"https:\/\/oragarden.de\/en\/wp-json\/wp\/v2\/pwb-brand?post=25869"},{"taxonomy":"product_cat","embeddable":true,"href":"https:\/\/oragarden.de\/en\/wp-json\/wp\/v2\/product_cat?post=25869"},{"taxonomy":"product_tag","embeddable":true,"href":"https:\/\/oragarden.de\/en\/wp-json\/wp\/v2\/product_tag?post=25869"}],"curies":[{"name":"wp","href":"https:\/\/api.w.org\/{rel}","templated":true}]}}