{"id":25856,"date":"2023-07-12T12:22:16","date_gmt":"2023-07-12T13:22:16","guid":{"rendered":"https:\/\/oragarden.de\/product\/kolibri-phalaenopsis-orchidee-orange-o9-cm-35-cm\/"},"modified":"2025-10-24T13:16:18","modified_gmt":"2025-10-24T14:16:18","slug":"kolibri-phalaenopsis-orchidee-orange-o9-cm-35-cm","status":"publish","type":"product","link":"https:\/\/oragarden.de\/en\/product\/kolibri-phalaenopsis-orchidee-orange-o9-cm-35-cm\/","title":{"rendered":"Kolibri Phalaenopsis Orchidee, Orange &#8211; \u00d89 cm, 35 cm"},"content":{"rendered":"Tauchen Sie ein in die Natur mit dieser wundersch\u00f6nen orangefarbenen Orchidee. Diese Phalaenopsis-Orchidee ist ein echter Hingucker in Ihrem Zuhause! Haben Sie schon einen sch\u00f6nen bunten Topf zu Hause? F\u00fcllen Sie ihn dann mit einer sch\u00f6nen orangefarbenen Phalaenopsis-Orchidee mit 2 oder 3 Zweigen. Sie erkennen diese Orchidee an ihren vielen orangefarbenen Bl\u00fcten, auch Multiflora genannt. Die orangefarbene Orchidee ohne Ziertopf hat eine Topfgr\u00f6\u00dfe von 9 cm. Die Orchidee strahlt durch ihre orangefarbene Bl\u00fcte ein nat\u00fcrliches Bild aus, und die sch\u00f6nen Farben im Haus sorgen f\u00fcr ein angenehmes Gef\u00fchl.\r\n\r\n<strong>Pflege von Orchideen<\/strong>\r\nGie\u00dfen Sie Ihre Orchidee einmal pro Woche, indem Sie den Anzuchttopf in Wasser tauchen. Lassen Sie die Orchidee gut abtropfen, bevor Sie die Zimmerpflanze wieder in ihren Ziertopf setzen. W\u00e4hlen Sie einen hellen Standort, aber nicht in direkter Sonneneinstrahlung, mit einer Raumtemperatur zwischen 18 und 21 Grad. Stellen Sie die Orchidee nicht in die N\u00e4he eines Ofens oder einer Heizung.\r\n\r\n<strong>Verpackung und Lieferung<\/strong>\r\nUnsere Pflanzen werden direkt von unserer G\u00e4rtnerei zu Ihnen geschickt. Sie werden in einem speziell entwickelten Versandkarton verpackt, der sicherstellt, dass Pflanzen und T\u00f6pfe beim Versand nicht besch\u00e4digt werden.","protected":false},"excerpt":{"rendered":"<p>Tauchen Sie ein in die Natur mit dieser wundersch\u00f6nen orangefarbenen Orchidee. Diese Phalaenopsis-Orchidee ist ein echter Hingucker in Ihrem Zuhause! Haben Sie schon einen sch\u00f6nen bunten Topf zu Hause? F\u00fcllen Sie ihn dann mit einer sch\u00f6nen orangefarbenen Phalaenopsis-Orchidee mit 2 oder 3 Zweigen. Sie erkennen diese Orchidee an ihren vielen orangefarbenen Bl\u00fcten, auch Multiflora genannt. [&hellip;]<\/p>\n","protected":false},"author":3,"featured_media":25857,"comment_status":"open","ping_status":"closed","template":"","meta":{"inline_featured_image":false},"pwb-brand":[5097],"product_cat":[5126],"product_tag":[],"class_list":{"0":"post-25856","1":"product","2":"type-product","3":"status-publish","4":"has-post-thumbnail","6":"pwb-brand-kolibri","7":"product_cat-cat-orchideen","9":"first","10":"outofstock","11":"sale","12":"taxable","13":"shipping-taxable","14":"purchasable","15":"product-type-simple"},"acf":[],"gtin":"8720682780015","brands":[{"id":5097,"name":"Kolibri","slug":"kolibri"}],"_links":{"self":[{"href":"https:\/\/oragarden.de\/en\/wp-json\/wp\/v2\/product\/25856","targetHints":{"allow":["GET"]}}],"collection":[{"href":"https:\/\/oragarden.de\/en\/wp-json\/wp\/v2\/product"}],"about":[{"href":"https:\/\/oragarden.de\/en\/wp-json\/wp\/v2\/types\/product"}],"author":[{"embeddable":true,"href":"https:\/\/oragarden.de\/en\/wp-json\/wp\/v2\/users\/3"}],"replies":[{"embeddable":true,"href":"https:\/\/oragarden.de\/en\/wp-json\/wp\/v2\/comments?post=25856"}],"wp:featuredmedia":[{"embeddable":true,"href":"https:\/\/oragarden.de\/en\/wp-json\/wp\/v2\/media\/25857"}],"wp:attachment":[{"href":"https:\/\/oragarden.de\/en\/wp-json\/wp\/v2\/media?parent=25856"}],"wp:term":[{"taxonomy":"pwb-brand","embeddable":true,"href":"https:\/\/oragarden.de\/en\/wp-json\/wp\/v2\/pwb-brand?post=25856"},{"taxonomy":"product_cat","embeddable":true,"href":"https:\/\/oragarden.de\/en\/wp-json\/wp\/v2\/product_cat?post=25856"},{"taxonomy":"product_tag","embeddable":true,"href":"https:\/\/oragarden.de\/en\/wp-json\/wp\/v2\/product_tag?post=25856"}],"curies":[{"name":"wp","href":"https:\/\/api.w.org\/{rel}","templated":true}]}}