{"id":25840,"date":"2023-07-12T12:21:48","date_gmt":"2023-07-12T13:21:48","guid":{"rendered":"https:\/\/oragarden.de\/product\/kolibri-phalaenopsis-orchidee-morelia-lila-o9-cm\/"},"modified":"2025-10-24T13:16:17","modified_gmt":"2025-10-24T14:16:17","slug":"kolibri-phalaenopsis-orchidee-morelia-lila-o9-cm","status":"publish","type":"product","link":"https:\/\/oragarden.de\/en\/product\/kolibri-phalaenopsis-orchidee-morelia-lila-o9-cm\/","title":{"rendered":"Kolibri Phalaenopsis Orchidee Morelia, Lila &#8211; \u00d89 cm"},"content":{"rendered":"Diese lila Orchidee ist eine echte Sch\u00f6nheit! Haben Sie schon einen sch\u00f6nen bunten Topf zu Hause? F\u00fcllen Sie ihn dann mit einer sch\u00f6nen lila Phalaenopsis-Orchidee mit 2 oder 3 Zweigen. Man erkennt diese Orchidee an ihren vielen violetten Bl\u00fcten, die auch Multiflora genannt werden. Die vielen Knospen, die sich an dieser Pflanze bilden, bilden ein Meer von Bl\u00fcten. Die lila Orchidee ohne Topf hat eine Topfgr\u00f6\u00dfe von 9 cm und bringt W\u00e4rme und Farbe in Ihr Interieur.\r\n\r\n<strong>Gie\u00dfen Sie Ihre Orchidee<\/strong>:\r\nGie\u00dfen Sie Ihre Orchidee einmal pro Woche, indem Sie den Kunststofftopf in Wasser tauchen. Lassen Sie die Orchidee gut abtropfen, bevor Sie sie wieder in ihren Topf setzen. \u00dcberpr\u00fcfen Sie zuerst die Wurzeln, bevor Sie mit dem Gie\u00dfen beginnen. Sind die Wurzeln hellgrau? Dann gie\u00dfen Sie sie. Sind die Wurzeln dunkelgr\u00fcn? Sie brauchen nicht zu gie\u00dfen. Verw\u00f6hnen Sie eine Orchidee zus\u00e4tzlich, indem Sie alle zwei Monate Orchideennahrung verwenden.\r\n\r\n<strong>Platzieren Sie die Orchidee<\/strong>:\r\n&#8211; Helles Pl\u00e4tzchen, nicht in direktem Sonnenlicht, mit Raumtemperaturen zwischen 17 und 22 Grad.\r\n&#8211; Stellen Sie die Pflanze nicht in die N\u00e4he eines Ofens oder einer Heizung, da die Luft dort zu trocken f\u00fcr die Orchidee ist.\r\n&#8211; Nicht neben einer Obstschale. Viele Obstsorten geben einen nat\u00fcrlichen Stoff ab, der den Alterungsprozess beschleunigt.\r\n\r\n<strong>Wie verschickt man eine Zimmerpflanze?<\/strong>\r\n\u00dcber einen speziell entwickelten Versandkarton, der daf\u00fcr sorgt, dass Pflanzen und T\u00f6pfe beim Versand nicht zerbrechen.\r\n\r\n*Wir arbeiten mit lebenden Produkten, daher k\u00f6nnen die abgebildeten Arten leicht von den Fotos abweichen.","protected":false},"excerpt":{"rendered":"<p>Diese lila Orchidee ist eine echte Sch\u00f6nheit! Haben Sie schon einen sch\u00f6nen bunten Topf zu Hause? F\u00fcllen Sie ihn dann mit einer sch\u00f6nen lila Phalaenopsis-Orchidee mit 2 oder 3 Zweigen. Man erkennt diese Orchidee an ihren vielen violetten Bl\u00fcten, die auch Multiflora genannt werden. Die vielen Knospen, die sich an dieser Pflanze bilden, bilden ein [&hellip;]<\/p>\n","protected":false},"author":3,"featured_media":25841,"comment_status":"open","ping_status":"closed","template":"","meta":{"inline_featured_image":false},"pwb-brand":[5097],"product_cat":[5126],"product_tag":[],"class_list":{"0":"post-25840","1":"product","2":"type-product","3":"status-publish","4":"has-post-thumbnail","6":"pwb-brand-kolibri","7":"product_cat-cat-orchideen","9":"first","10":"outofstock","11":"sale","12":"taxable","13":"shipping-taxable","14":"purchasable","15":"product-type-simple"},"acf":[],"gtin":"8720682780138","brands":[{"id":5097,"name":"Kolibri","slug":"kolibri"}],"_links":{"self":[{"href":"https:\/\/oragarden.de\/en\/wp-json\/wp\/v2\/product\/25840","targetHints":{"allow":["GET"]}}],"collection":[{"href":"https:\/\/oragarden.de\/en\/wp-json\/wp\/v2\/product"}],"about":[{"href":"https:\/\/oragarden.de\/en\/wp-json\/wp\/v2\/types\/product"}],"author":[{"embeddable":true,"href":"https:\/\/oragarden.de\/en\/wp-json\/wp\/v2\/users\/3"}],"replies":[{"embeddable":true,"href":"https:\/\/oragarden.de\/en\/wp-json\/wp\/v2\/comments?post=25840"}],"wp:featuredmedia":[{"embeddable":true,"href":"https:\/\/oragarden.de\/en\/wp-json\/wp\/v2\/media\/25841"}],"wp:attachment":[{"href":"https:\/\/oragarden.de\/en\/wp-json\/wp\/v2\/media?parent=25840"}],"wp:term":[{"taxonomy":"pwb-brand","embeddable":true,"href":"https:\/\/oragarden.de\/en\/wp-json\/wp\/v2\/pwb-brand?post=25840"},{"taxonomy":"product_cat","embeddable":true,"href":"https:\/\/oragarden.de\/en\/wp-json\/wp\/v2\/product_cat?post=25840"},{"taxonomy":"product_tag","embeddable":true,"href":"https:\/\/oragarden.de\/en\/wp-json\/wp\/v2\/product_tag?post=25840"}],"curies":[{"name":"wp","href":"https:\/\/api.w.org\/{rel}","templated":true}]}}