{"id":25831,"date":"2023-07-12T12:21:31","date_gmt":"2023-07-12T13:21:31","guid":{"rendered":"https:\/\/oragarden.de\/product\/kolibri-phalaenopsis-orchidee-el-salvador-rosa-lila-o9-cm\/"},"modified":"2025-10-24T13:16:17","modified_gmt":"2025-10-24T14:16:17","slug":"kolibri-phalaenopsis-orchidee-el-salvador-rosa-lila-o9-cm","status":"publish","type":"product","link":"https:\/\/oragarden.de\/en\/product\/kolibri-phalaenopsis-orchidee-el-salvador-rosa-lila-o9-cm\/","title":{"rendered":"Kolibri Phalaenopsis Orchidee El Salvador, Rosa Lila &#8211; \u00d89 cm"},"content":{"rendered":"<p>Diese Phalaenopsis-Orchidee sieht nicht nur au\u00dfergew\u00f6hnlich sch\u00f6n aus, sie ist es auch! F\u00fcr diese besondere Orchidee haben wir eine spezielle Linie entwickelt: unsere Diamond-Linie. Wenn Sie sich f\u00fcr eine Diamant-Orchidee entscheiden, k\u00f6nnen Sie sicher sein, dass Sie die spektakul\u00e4rsten Muster erhalten. Keine Orchidee gleicht der anderen, immer auf eine besondere Weise. Die Orchidee ohne Ziertopf hat eine Topfgr\u00f6\u00dfe von 9cm und ist mit 2 oder 3 stabilen Zweigen erh\u00e4ltlich.<\/p>\r\n<p><strong>Verzorging van de orchidee<\/strong><br \/> Geef jouw orchidee \u00e9\u00e9n keer per week water door de kweekpot onder te dompelen in het water. Laat de orchidee hierna goed uitlekken voordat je de kamerplant terug in de sierpot zet. Kies een lichte plek uit, maar niet in direct zonlicht, met kamertemperaturen tussen 18 en 21 graden. Zet de orchidee daarnaast niet in de buurt van een kachel of verwarming.<\/p>\r\n<p>\u00a0<\/p>\r\n<p><strong>Verpakking &amp; levering<\/strong><br \/> Onze planten worden rechtstreeks van onze kwekerij naar jou verzonden. Ze worden verpakt in een speciaal ontwikkelde verzenddoos, die ervoor zorgt dat planten en potten tijdens verzending niet beschadigen.<\/p>\r\n<p><strong>Pflege von Orchideen<\/strong><br \/>Gie\u00dfen Sie Ihre Orchidee einmal pro Woche, indem Sie den Anzuchttopf in Wasser tauchen. Lassen Sie die Orchidee gut abtropfen, bevor Sie die Zimmerpflanze wieder in ihren Ziertopf setzen. W\u00e4hlen Sie einen hellen Standort, aber nicht in direkter Sonneneinstrahlung, mit einer Raumtemperatur zwischen 18 und 21 Grad. Stellen Sie die Orchidee nicht in die N\u00e4he eines Ofens oder einer Heizung.<\/p>\r\n<p><strong>Verpackung und Lieferung<\/strong><br \/>Unsere Pflanzen werden direkt von unserer G\u00e4rtnerei zu Ihnen geschickt. Sie werden in einem speziell entwickelten Versandkarton verpackt, der sicherstellt, dass Pflanzen und T\u00f6pfe beim Versand nicht besch\u00e4digt werden.<\/p>","protected":false},"excerpt":{"rendered":"<p>Diese Phalaenopsis-Orchidee sieht nicht nur au\u00dfergew\u00f6hnlich sch\u00f6n aus, sie ist es auch! F\u00fcr diese besondere Orchidee haben wir eine spezielle Linie entwickelt: unsere Diamond-Linie. Wenn Sie sich f\u00fcr eine Diamant-Orchidee entscheiden, k\u00f6nnen Sie sicher sein, dass Sie die spektakul\u00e4rsten Muster erhalten. Keine Orchidee gleicht der anderen, immer auf eine besondere Weise. Die Orchidee ohne Ziertopf [&hellip;]<\/p>\n","protected":false},"author":3,"featured_media":25833,"comment_status":"open","ping_status":"closed","template":"","meta":{"inline_featured_image":false},"pwb-brand":[5097],"product_cat":[5126],"product_tag":[],"class_list":{"0":"post-25831","1":"product","2":"type-product","3":"status-publish","4":"has-post-thumbnail","6":"pwb-brand-kolibri","7":"product_cat-cat-orchideen","9":"first","10":"outofstock","11":"sale","12":"taxable","13":"shipping-taxable","14":"purchasable","15":"product-type-simple"},"acf":[],"gtin":"8720682780169","brands":[{"id":5097,"name":"Kolibri","slug":"kolibri"}],"_links":{"self":[{"href":"https:\/\/oragarden.de\/en\/wp-json\/wp\/v2\/product\/25831","targetHints":{"allow":["GET"]}}],"collection":[{"href":"https:\/\/oragarden.de\/en\/wp-json\/wp\/v2\/product"}],"about":[{"href":"https:\/\/oragarden.de\/en\/wp-json\/wp\/v2\/types\/product"}],"author":[{"embeddable":true,"href":"https:\/\/oragarden.de\/en\/wp-json\/wp\/v2\/users\/3"}],"replies":[{"embeddable":true,"href":"https:\/\/oragarden.de\/en\/wp-json\/wp\/v2\/comments?post=25831"}],"wp:featuredmedia":[{"embeddable":true,"href":"https:\/\/oragarden.de\/en\/wp-json\/wp\/v2\/media\/25833"}],"wp:attachment":[{"href":"https:\/\/oragarden.de\/en\/wp-json\/wp\/v2\/media?parent=25831"}],"wp:term":[{"taxonomy":"pwb-brand","embeddable":true,"href":"https:\/\/oragarden.de\/en\/wp-json\/wp\/v2\/pwb-brand?post=25831"},{"taxonomy":"product_cat","embeddable":true,"href":"https:\/\/oragarden.de\/en\/wp-json\/wp\/v2\/product_cat?post=25831"},{"taxonomy":"product_tag","embeddable":true,"href":"https:\/\/oragarden.de\/en\/wp-json\/wp\/v2\/product_tag?post=25831"}],"curies":[{"name":"wp","href":"https:\/\/api.w.org\/{rel}","templated":true}]}}