{"id":25815,"date":"2023-07-12T12:13:57","date_gmt":"2023-07-12T13:13:57","guid":{"rendered":"https:\/\/oragarden.de\/product\/kolibri-phalaenopsis-orchidee-lausanne-weisse-o9-cm\/"},"modified":"2025-10-24T13:16:15","modified_gmt":"2025-10-24T14:16:15","slug":"kolibri-phalaenopsis-orchidee-lausanne-weisse-o9-cm","status":"publish","type":"product","link":"https:\/\/oragarden.de\/en\/product\/kolibri-phalaenopsis-orchidee-lausanne-weisse-o9-cm\/","title":{"rendered":"Kolibri Phalaenopsis-Orchidee Lausanne, Wei\u00dfe &#8211; \u00d89 cm"},"content":{"rendered":"<p>Diese Phalaenopsis-Orchidee ist an ihren wei\u00dfen Bl\u00fcten zu erkennen. Diese wei\u00dfe Orchidee ohne Ziertopf hat eine Topfgr\u00f6\u00dfe von 9 cm und ist mit mindestens 3 kr\u00e4ftigen Zweigen erh\u00e4ltlich. Die wei\u00dfe Phalaenopsis-Orchidee aus unserer Blossom-Kollektion passt in jedes Interieur und wird sich \u00fcberall wohlf\u00fchlen. Besondere Familien sind am goldenen Aufdruck auf dem Topfdeckel zu erkennen. Alle unsere Orchideen sind pr\u00e4chtige Ausdrucksformen von Kraft, Reinheit und Originalit\u00e4t.<\/p>\r\n<p><strong>Gie\u00dfen Sie Ihre Orchidee<\/strong>:<br \/>Gie\u00dfen Sie Ihre Orchidee einmal pro Woche, indem Sie den Kunststofftopf in Wasser tauchen. Lassen Sie die Orchidee gut abtropfen, bevor Sie sie wieder in ihren Topf setzen. Kontrollieren Sie zuerst die Wurzeln, bevor Sie mit dem Gie\u00dfen beginnen. Sind die Wurzeln hellgrau? Dann gie\u00dfen Sie sie. Sind die Wurzeln dunkelgr\u00fcn? Sie brauchen nicht zu gie\u00dfen. Verw\u00f6hnen Sie eine Orchidee zus\u00e4tzlich, indem Sie alle zwei Monate Orchideennahrung verwenden.<\/p>\r\n<p><strong>Platzieren Sie die Orchidee<\/strong>:<br \/>&#8211; Helles Pl\u00e4tzchen, nicht in direktem Sonnenlicht, mit Raumtemperaturen zwischen 17 und 22 Grad. <br \/>&#8211; Stellen Sie die Pflanze nicht in die N\u00e4he eines Ofens oder einer Heizung, da die Luft dort zu trocken f\u00fcr die Orchidee ist.<br \/>&#8211; Nicht neben einer Obstschale. Viele Obstsorten geben einen nat\u00fcrlichen Stoff ab, der den Alterungsprozess beschleunigt.<\/p>\r\n<p><strong>Wie verschickt man eine Zimmerpflanze?<\/strong><br \/>\u00dcber einen speziell entwickelten Versandkarton, der daf\u00fcr sorgt, dass Pflanzen und T\u00f6pfe beim Versand nicht zerbrechen.<\/p>\r\n<p>*Wir arbeiten mit lebenden Produkten, daher k\u00f6nnen die abgebildeten Arten leicht von den Fotos abweichen.<\/p>","protected":false},"excerpt":{"rendered":"<p>Diese Phalaenopsis-Orchidee ist an ihren wei\u00dfen Bl\u00fcten zu erkennen. Diese wei\u00dfe Orchidee ohne Ziertopf hat eine Topfgr\u00f6\u00dfe von 9 cm und ist mit mindestens 3 kr\u00e4ftigen Zweigen erh\u00e4ltlich. Die wei\u00dfe Phalaenopsis-Orchidee aus unserer Blossom-Kollektion passt in jedes Interieur und wird sich \u00fcberall wohlf\u00fchlen. Besondere Familien sind am goldenen Aufdruck auf dem Topfdeckel zu erkennen. Alle [&hellip;]<\/p>\n","protected":false},"author":3,"featured_media":25816,"comment_status":"open","ping_status":"closed","template":"","meta":{"inline_featured_image":false},"pwb-brand":[5097],"product_cat":[5126],"product_tag":[],"class_list":{"0":"post-25815","1":"product","2":"type-product","3":"status-publish","4":"has-post-thumbnail","6":"pwb-brand-kolibri","7":"product_cat-cat-orchideen","9":"first","10":"outofstock","11":"sale","12":"taxable","13":"shipping-taxable","14":"purchasable","15":"product-type-simple"},"acf":[],"gtin":"8720682780183","brands":[{"id":5097,"name":"Kolibri","slug":"kolibri"}],"_links":{"self":[{"href":"https:\/\/oragarden.de\/en\/wp-json\/wp\/v2\/product\/25815","targetHints":{"allow":["GET"]}}],"collection":[{"href":"https:\/\/oragarden.de\/en\/wp-json\/wp\/v2\/product"}],"about":[{"href":"https:\/\/oragarden.de\/en\/wp-json\/wp\/v2\/types\/product"}],"author":[{"embeddable":true,"href":"https:\/\/oragarden.de\/en\/wp-json\/wp\/v2\/users\/3"}],"replies":[{"embeddable":true,"href":"https:\/\/oragarden.de\/en\/wp-json\/wp\/v2\/comments?post=25815"}],"wp:featuredmedia":[{"embeddable":true,"href":"https:\/\/oragarden.de\/en\/wp-json\/wp\/v2\/media\/25816"}],"wp:attachment":[{"href":"https:\/\/oragarden.de\/en\/wp-json\/wp\/v2\/media?parent=25815"}],"wp:term":[{"taxonomy":"pwb-brand","embeddable":true,"href":"https:\/\/oragarden.de\/en\/wp-json\/wp\/v2\/pwb-brand?post=25815"},{"taxonomy":"product_cat","embeddable":true,"href":"https:\/\/oragarden.de\/en\/wp-json\/wp\/v2\/product_cat?post=25815"},{"taxonomy":"product_tag","embeddable":true,"href":"https:\/\/oragarden.de\/en\/wp-json\/wp\/v2\/product_tag?post=25815"}],"curies":[{"name":"wp","href":"https:\/\/api.w.org\/{rel}","templated":true}]}}