{"id":25794,"date":"2023-07-12T12:01:37","date_gmt":"2023-07-12T13:01:37","guid":{"rendered":"https:\/\/oragarden.de\/product\/kolibri-phalaenopsis-orchidee-mineral-vienna-lila-rosa-o9-cm\/"},"modified":"2025-10-24T13:16:14","modified_gmt":"2025-10-24T14:16:14","slug":"kolibri-phalaenopsis-orchidee-mineral-vienna-lila-rosa-o9-cm","status":"publish","type":"product","link":"https:\/\/oragarden.de\/en\/product\/kolibri-phalaenopsis-orchidee-mineral-vienna-lila-rosa-o9-cm\/","title":{"rendered":"Kolibri Phalaenopsis Orchidee Mineral Vienna, Lila\/Rosa &#8211; \u00d89 cm"},"content":{"rendered":"<p>Mineral Orchidee Wien<br \/>Tauchen Sie ein in die Natur mit dieser wundersch\u00f6nen dunkelrosa\/violetten Orchidee. Diese Phalaenopsis-Orchidee erstrahlt mit ihren vielen lila Bl\u00fcten in Ihrem Zuhause. Haben Sie schon einen bunten Dekotopf zu Hause? F\u00fcllen Sie ihn dann mit einer sch\u00f6nen violetten Phalaenopsis-Orchidee mit 2 oder 3 Zweigen. Die violette Orchidee ohne Ziertopf hat eine Topfgr\u00f6\u00dfe von 9 cm. Die Orchidee vermittelt durch ihre lilafarbene Bl\u00fcte ein nat\u00fcrliches Bild. Holen Sie sich eine Orchidee ins Haus? Dann wird es sich dank seiner Farben und anmutigen Formen positiv auf unsere Gesundheit auswirken.\u00a0<\/p>\r\n<p>Bew\u00e4sserung:<br \/>Gie\u00dfen Sie Ihre Orchidee einmal pro Woche, indem Sie den Kunststofftopf in Wasser tauchen. Lassen Sie die Orchidee gut abtropfen, bevor Sie sie wieder in ihren Topf setzen. \u00dcberpr\u00fcfen Sie die Wurzeln, bevor Sie Ihre Zimmerpflanze gie\u00dfen. Sind die Wurzeln hellgrau? Dann gie\u00dfen Sie sie. Sind die Wurzeln dunkelgr\u00fcn? Dann brauchen Sie nicht zu gie\u00dfen. Verw\u00f6hnen Sie eine Orchidee zus\u00e4tzlich, indem Sie alle zwei Monate Orchideennahrung verwenden.<\/p>\r\n<p>Platzieren Sie die Orchidee:<br \/>&#8211; Helles Pl\u00e4tzchen, nicht in direktem Sonnenlicht, mit Raumtemperaturen zwischen 17 und 22 Grad. <br \/>&#8211; Stellen Sie die Pflanze nicht in die N\u00e4he eines Ofens oder einer Heizung, da die Luft dort zu trocken f\u00fcr die Orchidee ist.<br \/>&#8211; Nicht neben einer Obstschale. Viele Obstsorten geben einen nat\u00fcrlichen Stoff ab, der den Alterungsprozess beschleunigt.<\/p>\r\n<p>Wie verschickt man eine Zimmerpflanze?<br \/>\u00dcber einen speziell entwickelten Versandkarton, der daf\u00fcr sorgt, dass Pflanzen und T\u00f6pfe beim Versand nicht zerbrechen.<\/p>\r\n<p>*Wir arbeiten mit lebenden Produkten, daher k\u00f6nnen die abgebildeten Arten leicht von den Fotos abweichen.<\/p>\r\n<p>\u00a0<\/p>","protected":false},"excerpt":{"rendered":"<p>Mineral Orchidee WienTauchen Sie ein in die Natur mit dieser wundersch\u00f6nen dunkelrosa\/violetten Orchidee. Diese Phalaenopsis-Orchidee erstrahlt mit ihren vielen lila Bl\u00fcten in Ihrem Zuhause. Haben Sie schon einen bunten Dekotopf zu Hause? F\u00fcllen Sie ihn dann mit einer sch\u00f6nen violetten Phalaenopsis-Orchidee mit 2 oder 3 Zweigen. Die violette Orchidee ohne Ziertopf hat eine Topfgr\u00f6\u00dfe von [&hellip;]<\/p>\n","protected":false},"author":3,"featured_media":25795,"comment_status":"open","ping_status":"closed","template":"","meta":{"inline_featured_image":false},"pwb-brand":[5097],"product_cat":[5126],"product_tag":[],"class_list":{"0":"post-25794","1":"product","2":"type-product","3":"status-publish","4":"has-post-thumbnail","6":"pwb-brand-kolibri","7":"product_cat-cat-orchideen","9":"first","10":"outofstock","11":"sale","12":"taxable","13":"shipping-taxable","14":"purchasable","15":"product-type-simple"},"acf":[],"gtin":"8720682780091","brands":[{"id":5097,"name":"Kolibri","slug":"kolibri"}],"_links":{"self":[{"href":"https:\/\/oragarden.de\/en\/wp-json\/wp\/v2\/product\/25794","targetHints":{"allow":["GET"]}}],"collection":[{"href":"https:\/\/oragarden.de\/en\/wp-json\/wp\/v2\/product"}],"about":[{"href":"https:\/\/oragarden.de\/en\/wp-json\/wp\/v2\/types\/product"}],"author":[{"embeddable":true,"href":"https:\/\/oragarden.de\/en\/wp-json\/wp\/v2\/users\/3"}],"replies":[{"embeddable":true,"href":"https:\/\/oragarden.de\/en\/wp-json\/wp\/v2\/comments?post=25794"}],"wp:featuredmedia":[{"embeddable":true,"href":"https:\/\/oragarden.de\/en\/wp-json\/wp\/v2\/media\/25795"}],"wp:attachment":[{"href":"https:\/\/oragarden.de\/en\/wp-json\/wp\/v2\/media?parent=25794"}],"wp:term":[{"taxonomy":"pwb-brand","embeddable":true,"href":"https:\/\/oragarden.de\/en\/wp-json\/wp\/v2\/pwb-brand?post=25794"},{"taxonomy":"product_cat","embeddable":true,"href":"https:\/\/oragarden.de\/en\/wp-json\/wp\/v2\/product_cat?post=25794"},{"taxonomy":"product_tag","embeddable":true,"href":"https:\/\/oragarden.de\/en\/wp-json\/wp\/v2\/product_tag?post=25794"}],"curies":[{"name":"wp","href":"https:\/\/api.w.org\/{rel}","templated":true}]}}