{"id":25780,"date":"2023-07-12T12:01:12","date_gmt":"2023-07-12T13:01:12","guid":{"rendered":"https:\/\/oragarden.de\/product\/kolibri-phalaenopsis-orchidee-niagara-fall-weisse-o9-cm\/"},"modified":"2025-10-24T13:16:13","modified_gmt":"2025-10-24T14:16:13","slug":"kolibri-phalaenopsis-orchidee-niagara-fall-weisse-o9-cm","status":"publish","type":"product","link":"https:\/\/oragarden.de\/en\/product\/kolibri-phalaenopsis-orchidee-niagara-fall-weisse-o9-cm\/","title":{"rendered":"Kolibri Phalaenopsis-Orchidee Niagara Fall, Wei\u00dfe &#8211; \u00d89 cm"},"content":{"rendered":"<p>Niagara Fall Orchidee wei\u00df<br \/>Die wei\u00dfe Niagara-Fall-Orchidee ist eine wahre Sch\u00f6nheit in jedem Interieur. Die gro\u00dfen Bl\u00fcten, die die Niagara-Fall-Orchidee an ihren Zweigen tr\u00e4gt, verleihen der Pflanze ein enorm luxuri\u00f6ses Aussehen. Die Pflanze hat auch eine l\u00e4ngere Lebensdauer aufgrund ihrer gro\u00dfen Bl\u00fcten, wenn die Bedingungen richtig sind. Wenn Sie auf der Suche nach einem Geschenk f\u00fcr einen Freund oder einen geliebten Menschen sind, ist die Niagara-Fall-Orchidee immer die richtige Wahl. Durch die sch\u00f6nen wei\u00dfen Blumen, die auf ihm wachsen, passt er in jedes Interieur, sei es ein schickes oder ein farbenfrohes Interieur. Die Phalaenopsis-Orchidee hat eine Topfgr\u00f6\u00dfe von 9 cm und wird etwa 35 bis 40 cm hoch.<\/p>","protected":false},"excerpt":{"rendered":"<p>Niagara Fall Orchidee wei\u00dfDie wei\u00dfe Niagara-Fall-Orchidee ist eine wahre Sch\u00f6nheit in jedem Interieur. Die gro\u00dfen Bl\u00fcten, die die Niagara-Fall-Orchidee an ihren Zweigen tr\u00e4gt, verleihen der Pflanze ein enorm luxuri\u00f6ses Aussehen. Die Pflanze hat auch eine l\u00e4ngere Lebensdauer aufgrund ihrer gro\u00dfen Bl\u00fcten, wenn die Bedingungen richtig sind. Wenn Sie auf der Suche nach einem Geschenk f\u00fcr [&hellip;]<\/p>\n","protected":false},"author":3,"featured_media":25781,"comment_status":"open","ping_status":"closed","template":"","meta":{"inline_featured_image":false},"pwb-brand":[5097],"product_cat":[5126],"product_tag":[],"class_list":{"0":"post-25780","1":"product","2":"type-product","3":"status-publish","4":"has-post-thumbnail","6":"pwb-brand-kolibri","7":"product_cat-cat-orchideen","9":"first","10":"outofstock","11":"sale","12":"taxable","13":"shipping-taxable","14":"purchasable","15":"product-type-simple"},"acf":[],"gtin":"8720682780688","brands":[{"id":5097,"name":"Kolibri","slug":"kolibri"}],"_links":{"self":[{"href":"https:\/\/oragarden.de\/en\/wp-json\/wp\/v2\/product\/25780","targetHints":{"allow":["GET"]}}],"collection":[{"href":"https:\/\/oragarden.de\/en\/wp-json\/wp\/v2\/product"}],"about":[{"href":"https:\/\/oragarden.de\/en\/wp-json\/wp\/v2\/types\/product"}],"author":[{"embeddable":true,"href":"https:\/\/oragarden.de\/en\/wp-json\/wp\/v2\/users\/3"}],"replies":[{"embeddable":true,"href":"https:\/\/oragarden.de\/en\/wp-json\/wp\/v2\/comments?post=25780"}],"wp:featuredmedia":[{"embeddable":true,"href":"https:\/\/oragarden.de\/en\/wp-json\/wp\/v2\/media\/25781"}],"wp:attachment":[{"href":"https:\/\/oragarden.de\/en\/wp-json\/wp\/v2\/media?parent=25780"}],"wp:term":[{"taxonomy":"pwb-brand","embeddable":true,"href":"https:\/\/oragarden.de\/en\/wp-json\/wp\/v2\/pwb-brand?post=25780"},{"taxonomy":"product_cat","embeddable":true,"href":"https:\/\/oragarden.de\/en\/wp-json\/wp\/v2\/product_cat?post=25780"},{"taxonomy":"product_tag","embeddable":true,"href":"https:\/\/oragarden.de\/en\/wp-json\/wp\/v2\/product_tag?post=25780"}],"curies":[{"name":"wp","href":"https:\/\/api.w.org\/{rel}","templated":true}]}}