{"id":25768,"date":"2023-07-12T12:00:34","date_gmt":"2023-07-12T13:00:34","guid":{"rendered":"https:\/\/oragarden.de\/product\/kolibri-phalaenopsis-orchidee-mineral-violett-joyride-lila-12-cm\/"},"modified":"2025-10-24T13:16:12","modified_gmt":"2025-10-24T14:16:12","slug":"kolibri-phalaenopsis-orchidee-mineral-violett-joyride-lila-12-cm","status":"publish","type":"product","link":"https:\/\/oragarden.de\/en\/product\/kolibri-phalaenopsis-orchidee-mineral-violett-joyride-lila-12-cm\/","title":{"rendered":"Kolibri Phalaenopsis Orchidee Mineral Violett Joyride, Lila &#8211; 12 cm"},"content":{"rendered":"<p>Lassen Sie sich von der leuchtend violetten Phalaenopsis-Orchidee Joyride \u00fcberraschen. Mit einer Topfgr\u00f6\u00dfe von 12 cm passt diese sch\u00f6ne Orchidee in Ziert\u00f6pfe mit wei\u00dfen und zarten Farben. Die Orchidee bildet 2 bis 3 Zweige und wird etwa 45 bis 55 cm hoch.<\/p>\r\n<p>Pflege der Orchidee<br \/>Gie\u00dfen Sie Ihre Orchidee einmal pro Woche, indem Sie den Anzuchttopf in Wasser tauchen. Lassen Sie die Orchidee danach gut abtropfen, bevor Sie die Zimmerpflanze wieder in den Ziertopf setzen. W\u00e4hlen Sie einen hellen Platz, aber nicht in direktem Sonnenlicht, mit einer Raumtemperatur zwischen 18 und 21 Grad. Au\u00dferdem sollte die Orchidee nicht in der N\u00e4he eines Ofens oder einer Heizung stehen.<\/p>\r\n<p>Verpackung und Lieferung<br \/>Unsere Pflanzen werden direkt von unserer G\u00e4rtnerei zu Ihnen geliefert. Sie werden in einem speziell entwickelten Versandkarton verpackt, der sicherstellt, dass Pflanzen und T\u00f6pfe beim Versand nicht besch\u00e4digt werden.<\/p>","protected":false},"excerpt":{"rendered":"<p>Lassen Sie sich von der leuchtend violetten Phalaenopsis-Orchidee Joyride \u00fcberraschen. Mit einer Topfgr\u00f6\u00dfe von 12 cm passt diese sch\u00f6ne Orchidee in Ziert\u00f6pfe mit wei\u00dfen und zarten Farben. Die Orchidee bildet 2 bis 3 Zweige und wird etwa 45 bis 55 cm hoch. Pflege der OrchideeGie\u00dfen Sie Ihre Orchidee einmal pro Woche, indem Sie den Anzuchttopf [&hellip;]<\/p>\n","protected":false},"author":3,"featured_media":25769,"comment_status":"open","ping_status":"closed","template":"","meta":{"inline_featured_image":false},"pwb-brand":[5097],"product_cat":[5126],"product_tag":[],"class_list":{"0":"post-25768","1":"product","2":"type-product","3":"status-publish","4":"has-post-thumbnail","6":"pwb-brand-kolibri","7":"product_cat-cat-orchideen","9":"first","10":"outofstock","11":"sale","12":"taxable","13":"shipping-taxable","14":"purchasable","15":"product-type-simple"},"acf":[],"gtin":"8720682780770","brands":[{"id":5097,"name":"Kolibri","slug":"kolibri"}],"_links":{"self":[{"href":"https:\/\/oragarden.de\/en\/wp-json\/wp\/v2\/product\/25768","targetHints":{"allow":["GET"]}}],"collection":[{"href":"https:\/\/oragarden.de\/en\/wp-json\/wp\/v2\/product"}],"about":[{"href":"https:\/\/oragarden.de\/en\/wp-json\/wp\/v2\/types\/product"}],"author":[{"embeddable":true,"href":"https:\/\/oragarden.de\/en\/wp-json\/wp\/v2\/users\/3"}],"replies":[{"embeddable":true,"href":"https:\/\/oragarden.de\/en\/wp-json\/wp\/v2\/comments?post=25768"}],"wp:featuredmedia":[{"embeddable":true,"href":"https:\/\/oragarden.de\/en\/wp-json\/wp\/v2\/media\/25769"}],"wp:attachment":[{"href":"https:\/\/oragarden.de\/en\/wp-json\/wp\/v2\/media?parent=25768"}],"wp:term":[{"taxonomy":"pwb-brand","embeddable":true,"href":"https:\/\/oragarden.de\/en\/wp-json\/wp\/v2\/pwb-brand?post=25768"},{"taxonomy":"product_cat","embeddable":true,"href":"https:\/\/oragarden.de\/en\/wp-json\/wp\/v2\/product_cat?post=25768"},{"taxonomy":"product_tag","embeddable":true,"href":"https:\/\/oragarden.de\/en\/wp-json\/wp\/v2\/product_tag?post=25768"}],"curies":[{"name":"wp","href":"https:\/\/api.w.org\/{rel}","templated":true}]}}