{"id":25757,"date":"2023-07-12T12:00:27","date_gmt":"2023-07-12T13:00:27","guid":{"rendered":"https:\/\/oragarden.de\/product\/kolibri-phalaenopsis-orchidee-jewel-treviso-altrosa-o12-cm\/"},"modified":"2025-10-24T13:16:11","modified_gmt":"2025-10-24T14:16:11","slug":"kolibri-phalaenopsis-orchidee-jewel-treviso-altrosa-o12-cm","status":"publish","type":"product","link":"https:\/\/oragarden.de\/en\/product\/kolibri-phalaenopsis-orchidee-jewel-treviso-altrosa-o12-cm\/","title":{"rendered":"Kolibri Phalaenopsis Orchidee Jewel Treviso, Altrosa &#8211; \u00d812 Cm"},"content":{"rendered":"<p>Die altrosa Farbe dieser Orchidee ist eine Farbe, die man nicht oft sieht. Aber genau deshalb ist diese Orchidee ein Blickfang in Ihrem Zuhause. Die Orchidee hat eine Topfgr\u00f6\u00dfe von 12 cm und kann aufgrund ihrer kurzen Zweige \u00fcberall im Haus platziert werden. Die Orchideen machen sich gut auf einem niedrigen Tisch, der K\u00fcchentheke oder auf einem Beistelltisch neben einem bequemen Stuhl. Alle Zutaten, die Sie brauchen, um sich zu Hause zu entspannen. Die Orchidee wird mit mindestens 4 Bl\u00fctenzweigen geliefert. Neben dem 12-cm-Topf haben wir die Treviso-Orchidee auch in einem 9-cm-Topf.<\/p>\r\n<p>Bew\u00e4sserung:<br \/>Gie\u00dfen Sie Ihre Orchidee einmal pro Woche, indem Sie den Kunststofftopf in Wasser tauchen. Lassen Sie die Orchidee gut abtropfen, bevor Sie sie wieder in ihren Topf setzen. \u00dcberpr\u00fcfen Sie die Wurzeln, bevor Sie Ihre Zimmerpflanze gie\u00dfen. Sind die Wurzeln hellgrau? Dann gie\u00dfen Sie sie. Sind die Wurzeln dunkelgr\u00fcn? Dann brauchen Sie nicht zu gie\u00dfen. Verw\u00f6hnen Sie eine Orchidee zus\u00e4tzlich, indem Sie alle zwei Monate Orchideennahrung verwenden.<\/p>\r\n<p>Platzieren Sie die Orchidee:<br \/>&#8211; Helles Pl\u00e4tzchen, nicht in direktem Sonnenlicht, mit Raumtemperaturen zwischen 17 und 22 Grad. <br \/>&#8211; Stellen Sie die Pflanze nicht in die N\u00e4he eines Ofens oder einer Heizung, da die Luft dort zu trocken f\u00fcr die Orchidee ist.<br \/>&#8211; Nicht neben einer Obstschale. Viele Obstsorten geben einen nat\u00fcrlichen Stoff ab, der den Alterungsprozess beschleunigt.<\/p>\r\n<p>Wie verschickt man eine Zimmerpflanze?<br \/>\u00dcber einen speziell entwickelten Versandkarton, der daf\u00fcr sorgt, dass Pflanzen und T\u00f6pfe beim Versand nicht zerbrechen.<\/p>\r\n<p>*Wir arbeiten mit lebenden Produkten, daher k\u00f6nnen die abgebildeten Arten leicht von den Fotos abweichen.<\/p>\r\n<p>\u00a0<\/p>\r\n<p>\u00a0<\/p>\r\n<p>\u00a0<\/p>","protected":false},"excerpt":{"rendered":"<p>Die altrosa Farbe dieser Orchidee ist eine Farbe, die man nicht oft sieht. Aber genau deshalb ist diese Orchidee ein Blickfang in Ihrem Zuhause. Die Orchidee hat eine Topfgr\u00f6\u00dfe von 12 cm und kann aufgrund ihrer kurzen Zweige \u00fcberall im Haus platziert werden. Die Orchideen machen sich gut auf einem niedrigen Tisch, der K\u00fcchentheke oder [&hellip;]<\/p>\n","protected":false},"author":3,"featured_media":25758,"comment_status":"open","ping_status":"closed","template":"","meta":{"inline_featured_image":false},"pwb-brand":[5097],"product_cat":[5126],"product_tag":[],"class_list":{"0":"post-25757","1":"product","2":"type-product","3":"status-publish","4":"has-post-thumbnail","6":"pwb-brand-kolibri","7":"product_cat-cat-orchideen","9":"first","10":"outofstock","11":"sale","12":"taxable","13":"shipping-taxable","14":"purchasable","15":"product-type-simple"},"acf":[],"gtin":"8720682780824","brands":[{"id":5097,"name":"Kolibri","slug":"kolibri"}],"_links":{"self":[{"href":"https:\/\/oragarden.de\/en\/wp-json\/wp\/v2\/product\/25757","targetHints":{"allow":["GET"]}}],"collection":[{"href":"https:\/\/oragarden.de\/en\/wp-json\/wp\/v2\/product"}],"about":[{"href":"https:\/\/oragarden.de\/en\/wp-json\/wp\/v2\/types\/product"}],"author":[{"embeddable":true,"href":"https:\/\/oragarden.de\/en\/wp-json\/wp\/v2\/users\/3"}],"replies":[{"embeddable":true,"href":"https:\/\/oragarden.de\/en\/wp-json\/wp\/v2\/comments?post=25757"}],"wp:featuredmedia":[{"embeddable":true,"href":"https:\/\/oragarden.de\/en\/wp-json\/wp\/v2\/media\/25758"}],"wp:attachment":[{"href":"https:\/\/oragarden.de\/en\/wp-json\/wp\/v2\/media?parent=25757"}],"wp:term":[{"taxonomy":"pwb-brand","embeddable":true,"href":"https:\/\/oragarden.de\/en\/wp-json\/wp\/v2\/pwb-brand?post=25757"},{"taxonomy":"product_cat","embeddable":true,"href":"https:\/\/oragarden.de\/en\/wp-json\/wp\/v2\/product_cat?post=25757"},{"taxonomy":"product_tag","embeddable":true,"href":"https:\/\/oragarden.de\/en\/wp-json\/wp\/v2\/product_tag?post=25757"}],"curies":[{"name":"wp","href":"https:\/\/api.w.org\/{rel}","templated":true}]}}