{"id":25750,"date":"2023-07-12T12:00:08","date_gmt":"2023-07-12T13:00:08","guid":{"rendered":"https:\/\/oragarden.de\/product\/kolibri-phalaenopsis-orchidee-mineral-bolzano-orange-o9cm\/"},"modified":"2025-10-24T13:16:10","modified_gmt":"2025-10-24T14:16:10","slug":"kolibri-phalaenopsis-orchidee-mineral-bolzano-orange-o9cm","status":"publish","type":"product","link":"https:\/\/oragarden.de\/en\/product\/kolibri-phalaenopsis-orchidee-mineral-bolzano-orange-o9cm\/","title":{"rendered":"Kolibri Phalaenopsis Orchidee Mineral Bolzano, Orange &#8211; \u00d89cm"},"content":{"rendered":"Die mineralische Orchidee Bozen ist mit ihrer leuchtend orangen Farbe eine wahre Sch\u00f6nheit in jedem Interieur. Die orangefarbene Orchidee ohne Ziertopf hat eine Topfgr\u00f6\u00dfe von 9 cm und hat 2 oder 3 kr\u00e4ftige Zweige. Sie k\u00f6nnen diese Orchidee in einen Topf Ihrer Wahl setzen. Aufgrund ihrer leuchtenden Farbe l\u00e4sst sie sich gut mit terrakottafarbenen Blument\u00f6pfen kombinieren, oder Sie w\u00e4hlen einen hellen Ziertopf in einer sandigen Farbe. Die orange Farbe der Bozener Orchidee passt gut zu minimalistischen oder ethnischen Einrichtungen.\r\n\r\n<strong>Pflege von Orchideen<\/strong>\r\nGie\u00dfen Sie Ihre Orchidee einmal pro Woche, indem Sie den Anzuchttopf in Wasser tauchen. Lassen Sie die Orchidee gut abtropfen, bevor Sie die Zimmerpflanze wieder in ihren Ziertopf setzen. W\u00e4hlen Sie einen hellen Standort, aber nicht in direkter Sonneneinstrahlung, mit einer Raumtemperatur zwischen 18 und 21 Grad. Stellen Sie die Orchidee nicht in die N\u00e4he eines Ofens oder einer Heizung.\r\n\r\n<strong>Verpackung und Lieferung<\/strong>\r\nUnsere Pflanzen werden direkt von unserer G\u00e4rtnerei zu Ihnen geschickt. Sie werden in einem speziell entwickelten Versandkarton verpackt, der sicherstellt, dass Pflanzen und T\u00f6pfe beim Versand nicht besch\u00e4digt werden.","protected":false},"excerpt":{"rendered":"<p>Die mineralische Orchidee Bozen ist mit ihrer leuchtend orangen Farbe eine wahre Sch\u00f6nheit in jedem Interieur. Die orangefarbene Orchidee ohne Ziertopf hat eine Topfgr\u00f6\u00dfe von 9 cm und hat 2 oder 3 kr\u00e4ftige Zweige. Sie k\u00f6nnen diese Orchidee in einen Topf Ihrer Wahl setzen. Aufgrund ihrer leuchtenden Farbe l\u00e4sst sie sich gut mit terrakottafarbenen Blument\u00f6pfen [&hellip;]<\/p>\n","protected":false},"author":3,"featured_media":25751,"comment_status":"open","ping_status":"closed","template":"","meta":{"inline_featured_image":false},"pwb-brand":[5097],"product_cat":[5126],"product_tag":[],"class_list":{"0":"post-25750","1":"product","2":"type-product","3":"status-publish","4":"has-post-thumbnail","6":"pwb-brand-kolibri","7":"product_cat-cat-orchideen","9":"first","10":"outofstock","11":"sale","12":"taxable","13":"shipping-taxable","14":"purchasable","15":"product-type-simple"},"acf":[],"gtin":"7421092582367","brands":[{"id":5097,"name":"Kolibri","slug":"kolibri"}],"_links":{"self":[{"href":"https:\/\/oragarden.de\/en\/wp-json\/wp\/v2\/product\/25750","targetHints":{"allow":["GET"]}}],"collection":[{"href":"https:\/\/oragarden.de\/en\/wp-json\/wp\/v2\/product"}],"about":[{"href":"https:\/\/oragarden.de\/en\/wp-json\/wp\/v2\/types\/product"}],"author":[{"embeddable":true,"href":"https:\/\/oragarden.de\/en\/wp-json\/wp\/v2\/users\/3"}],"replies":[{"embeddable":true,"href":"https:\/\/oragarden.de\/en\/wp-json\/wp\/v2\/comments?post=25750"}],"wp:featuredmedia":[{"embeddable":true,"href":"https:\/\/oragarden.de\/en\/wp-json\/wp\/v2\/media\/25751"}],"wp:attachment":[{"href":"https:\/\/oragarden.de\/en\/wp-json\/wp\/v2\/media?parent=25750"}],"wp:term":[{"taxonomy":"pwb-brand","embeddable":true,"href":"https:\/\/oragarden.de\/en\/wp-json\/wp\/v2\/pwb-brand?post=25750"},{"taxonomy":"product_cat","embeddable":true,"href":"https:\/\/oragarden.de\/en\/wp-json\/wp\/v2\/product_cat?post=25750"},{"taxonomy":"product_tag","embeddable":true,"href":"https:\/\/oragarden.de\/en\/wp-json\/wp\/v2\/product_tag?post=25750"}],"curies":[{"name":"wp","href":"https:\/\/api.w.org\/{rel}","templated":true}]}}