{"id":25744,"date":"2023-07-12T11:59:55","date_gmt":"2023-07-12T12:59:55","guid":{"rendered":"https:\/\/oragarden.de\/product\/kolibri-phalaenopsis-orchidee-niagara-fall-rosa-o12-cm\/"},"modified":"2025-10-24T13:16:10","modified_gmt":"2025-10-24T14:16:10","slug":"kolibri-phalaenopsis-orchidee-niagara-fall-rosa-o12-cm","status":"publish","type":"product","link":"https:\/\/oragarden.de\/en\/product\/kolibri-phalaenopsis-orchidee-niagara-fall-rosa-o12-cm\/","title":{"rendered":"Kolibri Phalaenopsis Orchidee Niagara Fall, Rosa &#8211; \u00d812 cm"},"content":{"rendered":"<p>Diese rosafarbene Niagara-Fall-Orchidee ist eine wahre Sch\u00f6nheit in jedem Interieur. Die gro\u00dfen Bl\u00fcten, die die Niagara-Fall-Orchidee an ihren Zweigen tr\u00e4gt, verleihen der Pflanze ein enormes, luxuri\u00f6ses Aussehen. Die Pflanze hat auch eine l\u00e4ngere Lebensdauer, da sie unter g\u00fcnstigen Bedingungen gro\u00dfe Bl\u00fcten bildet. Wenn Sie ein Geschenk f\u00fcr einen Freund oder einen geliebten Menschen suchen, ist die Niagara-Fall-Orchidee immer die richtige Wahl. Aufgrund der zartrosa Bl\u00fcten, die an der Pflanze wachsen, passt sie eigentlich in jedes Interieur. Die Phalaenopsis-Orchidee hat eine Topfgr\u00f6\u00dfe von 12 cm und erreicht eine H\u00f6he von 55 bis 60 cm.<\/p>\r\n<p>*Da wir mit lebenden Produkten arbeiten, k\u00f6nnen die abgebildeten Arten leicht von den Bildern abweichen.<\/p>\r\n<p><strong>Verpackung und Lieferung<\/strong><br \/>Unsere Pflanzen und T\u00f6pfe werden direkt von unserer G\u00e4rtnerei zu Ihnen geschickt. Sie werden in einem speziell entwickelten Versandkarton verpackt, der sicherstellt, dass Pflanzen und T\u00f6pfe beim Versand nicht besch\u00e4digt werden.<\/p>","protected":false},"excerpt":{"rendered":"<p>Diese rosafarbene Niagara-Fall-Orchidee ist eine wahre Sch\u00f6nheit in jedem Interieur. Die gro\u00dfen Bl\u00fcten, die die Niagara-Fall-Orchidee an ihren Zweigen tr\u00e4gt, verleihen der Pflanze ein enormes, luxuri\u00f6ses Aussehen. Die Pflanze hat auch eine l\u00e4ngere Lebensdauer, da sie unter g\u00fcnstigen Bedingungen gro\u00dfe Bl\u00fcten bildet. Wenn Sie ein Geschenk f\u00fcr einen Freund oder einen geliebten Menschen suchen, ist [&hellip;]<\/p>\n","protected":false},"author":3,"featured_media":25745,"comment_status":"open","ping_status":"closed","template":"","meta":{"inline_featured_image":false},"pwb-brand":[5097],"product_cat":[5126],"product_tag":[],"class_list":{"0":"post-25744","1":"product","2":"type-product","3":"status-publish","4":"has-post-thumbnail","6":"pwb-brand-kolibri","7":"product_cat-cat-orchideen","9":"first","10":"outofstock","11":"sale","12":"taxable","13":"shipping-taxable","14":"purchasable","15":"product-type-simple"},"acf":[],"gtin":"8785279218746","brands":[{"id":5097,"name":"Kolibri","slug":"kolibri"}],"_links":{"self":[{"href":"https:\/\/oragarden.de\/en\/wp-json\/wp\/v2\/product\/25744","targetHints":{"allow":["GET"]}}],"collection":[{"href":"https:\/\/oragarden.de\/en\/wp-json\/wp\/v2\/product"}],"about":[{"href":"https:\/\/oragarden.de\/en\/wp-json\/wp\/v2\/types\/product"}],"author":[{"embeddable":true,"href":"https:\/\/oragarden.de\/en\/wp-json\/wp\/v2\/users\/3"}],"replies":[{"embeddable":true,"href":"https:\/\/oragarden.de\/en\/wp-json\/wp\/v2\/comments?post=25744"}],"wp:featuredmedia":[{"embeddable":true,"href":"https:\/\/oragarden.de\/en\/wp-json\/wp\/v2\/media\/25745"}],"wp:attachment":[{"href":"https:\/\/oragarden.de\/en\/wp-json\/wp\/v2\/media?parent=25744"}],"wp:term":[{"taxonomy":"pwb-brand","embeddable":true,"href":"https:\/\/oragarden.de\/en\/wp-json\/wp\/v2\/pwb-brand?post=25744"},{"taxonomy":"product_cat","embeddable":true,"href":"https:\/\/oragarden.de\/en\/wp-json\/wp\/v2\/product_cat?post=25744"},{"taxonomy":"product_tag","embeddable":true,"href":"https:\/\/oragarden.de\/en\/wp-json\/wp\/v2\/product_tag?post=25744"}],"curies":[{"name":"wp","href":"https:\/\/api.w.org\/{rel}","templated":true}]}}