{"id":25736,"date":"2023-07-12T11:59:42","date_gmt":"2023-07-12T12:59:42","guid":{"rendered":"https:\/\/oragarden.de\/product\/kolibri-phalaenopsis-orchidee-dame-blanche-weisse-o12-cm\/"},"modified":"2025-10-24T13:16:09","modified_gmt":"2025-10-24T14:16:09","slug":"kolibri-phalaenopsis-orchidee-dame-blanche-weisse-o12-cm","status":"publish","type":"product","link":"https:\/\/oragarden.de\/en\/product\/kolibri-phalaenopsis-orchidee-dame-blanche-weisse-o12-cm\/","title":{"rendered":"Kolibri Phalaenopsis-Orchidee Dame Blanche, Wei\u00dfe &#8211; \u00d812 cm"},"content":{"rendered":"<p>Unsere Orchidee Dame Blanche ist ein echter Blickfang f\u00fcr Ihr Zuhause. Diese sch\u00f6ne wei\u00dfe Orchidee schafft sofort eine luxuri\u00f6se, aber nat\u00fcrliche Atmosph\u00e4re in Ihrem Zuhause. Die Orchidee hat gro\u00dfe wei\u00dfe Bl\u00fcten. Die Phalaenopsis, die auch als Schmetterlingsorchidee bekannt ist, hat eine Topfgr\u00f6\u00dfe von 12 cm und wird mit 2 bis 3 Zweigen geliefert. Diese wei\u00dfe Lady Blanche-Orchidee passt in jedes Interieur und wird sich \u00fcberall wohlf\u00fchlen. Kombinieren Sie ihn mit einem trendigen Ziertopf aus der Kolibri Home-Kollektion, damit er perfekt passt.<\/p>\r\n<p><strong>Pflege von Orchideen<\/strong><br \/>Gie\u00dfen Sie Ihre Orchidee einmal pro Woche, indem Sie den Anzuchttopf in Wasser tauchen. Lassen Sie die Orchidee gut abtropfen, bevor Sie die Zimmerpflanze wieder in ihren Ziertopf setzen. W\u00e4hlen Sie einen hellen Standort, aber nicht in direkter Sonneneinstrahlung, mit einer Raumtemperatur zwischen 18 und 21 Grad. Stellen Sie die Orchidee nicht in die N\u00e4he eines Ofens oder einer Heizung.<\/p>\r\n<p><strong>Verpackung und Lieferung<\/strong><br \/>Unsere Pflanzen werden direkt von unserer G\u00e4rtnerei zu Ihnen geschickt. Sie werden in einem speziell entwickelten Versandkarton verpackt, der sicherstellt, dass Pflanzen und T\u00f6pfe beim Versand nicht besch\u00e4digt werden.<\/p>","protected":false},"excerpt":{"rendered":"<p>Unsere Orchidee Dame Blanche ist ein echter Blickfang f\u00fcr Ihr Zuhause. Diese sch\u00f6ne wei\u00dfe Orchidee schafft sofort eine luxuri\u00f6se, aber nat\u00fcrliche Atmosph\u00e4re in Ihrem Zuhause. Die Orchidee hat gro\u00dfe wei\u00dfe Bl\u00fcten. Die Phalaenopsis, die auch als Schmetterlingsorchidee bekannt ist, hat eine Topfgr\u00f6\u00dfe von 12 cm und wird mit 2 bis 3 Zweigen geliefert. Diese wei\u00dfe [&hellip;]<\/p>\n","protected":false},"author":3,"featured_media":25737,"comment_status":"open","ping_status":"closed","template":"","meta":{"inline_featured_image":false},"pwb-brand":[5097],"product_cat":[5126],"product_tag":[],"class_list":{"0":"post-25736","1":"product","2":"type-product","3":"status-publish","4":"has-post-thumbnail","6":"pwb-brand-kolibri","7":"product_cat-cat-orchideen","9":"first","10":"outofstock","11":"sale","12":"taxable","13":"shipping-taxable","14":"purchasable","15":"product-type-simple"},"acf":[],"gtin":"8720682780831","brands":[{"id":5097,"name":"Kolibri","slug":"kolibri"}],"_links":{"self":[{"href":"https:\/\/oragarden.de\/en\/wp-json\/wp\/v2\/product\/25736","targetHints":{"allow":["GET"]}}],"collection":[{"href":"https:\/\/oragarden.de\/en\/wp-json\/wp\/v2\/product"}],"about":[{"href":"https:\/\/oragarden.de\/en\/wp-json\/wp\/v2\/types\/product"}],"author":[{"embeddable":true,"href":"https:\/\/oragarden.de\/en\/wp-json\/wp\/v2\/users\/3"}],"replies":[{"embeddable":true,"href":"https:\/\/oragarden.de\/en\/wp-json\/wp\/v2\/comments?post=25736"}],"wp:featuredmedia":[{"embeddable":true,"href":"https:\/\/oragarden.de\/en\/wp-json\/wp\/v2\/media\/25737"}],"wp:attachment":[{"href":"https:\/\/oragarden.de\/en\/wp-json\/wp\/v2\/media?parent=25736"}],"wp:term":[{"taxonomy":"pwb-brand","embeddable":true,"href":"https:\/\/oragarden.de\/en\/wp-json\/wp\/v2\/pwb-brand?post=25736"},{"taxonomy":"product_cat","embeddable":true,"href":"https:\/\/oragarden.de\/en\/wp-json\/wp\/v2\/product_cat?post=25736"},{"taxonomy":"product_tag","embeddable":true,"href":"https:\/\/oragarden.de\/en\/wp-json\/wp\/v2\/product_tag?post=25736"}],"curies":[{"name":"wp","href":"https:\/\/api.w.org\/{rel}","templated":true}]}}