{"id":25726,"date":"2023-07-02T09:11:47","date_gmt":"2023-07-02T10:11:47","guid":{"rendered":"https:\/\/oragarden.de\/product\/meergroothandel-leuchterblume-ceropegia-woodii-50-cm-o-16-cm\/"},"modified":"2025-10-24T13:16:09","modified_gmt":"2025-10-24T14:16:09","slug":"meergroothandel-leuchterblume-ceropegia-woodii-50-cm-o-16-cm","status":"publish","type":"product","link":"https:\/\/oragarden.de\/en\/product\/meergroothandel-leuchterblume-ceropegia-woodii-50-cm-o-16-cm\/","title":{"rendered":"Meergroothandel Leuchterblume (Ceropegia Woodii) &#8211; 50 cm, \u00d8 16 cm"},"content":{"rendered":"Diese Ceropegia wird in einem 14 cm Topf geliefert, perfekt f\u00fcr eine einfache Platzierung.Mit einer aktuellen H\u00f6he von etwa 30 cm verleiht diese Ceropegia jedem Raum sofort einen Hauch von Gr\u00fcn.Vorzugsweise an einem Ort mit Halbschatten platziert, gedeiht diese Ceropegia in Umgebungen mit indirektem Sonnenlicht.Die Pflege von Ceropegia ist ein Kinderspiel und macht sie zur idealen Wahl f\u00fcr begeisterte Pflanzenanf\u00e4nger.Mit einzigartigen h\u00e4ngenden Trieben und lebendig gr\u00fcnen Bl\u00e4ttern zieht diese Ceropegia mit Sicherheit alle Blicke auf sich.","protected":false},"excerpt":{"rendered":"<p>Diese Ceropegia wird in einem 14 cm Topf geliefert, perfekt f\u00fcr eine einfache Platzierung.Mit einer aktuellen H\u00f6he von etwa 30 cm verleiht diese Ceropegia jedem Raum sofort einen Hauch von Gr\u00fcn.Vorzugsweise an einem Ort mit Halbschatten platziert, gedeiht diese Ceropegia in Umgebungen mit indirektem Sonnenlicht.Die Pflege von Ceropegia ist ein Kinderspiel und macht sie zur [&hellip;]<\/p>\n","protected":false},"author":3,"featured_media":25727,"comment_status":"closed","ping_status":"closed","template":"","meta":{"inline_featured_image":false},"pwb-brand":[4041],"product_cat":[4000,5096,4036],"product_tag":[],"class_list":{"0":"post-25726","1":"product","2":"type-product","3":"status-publish","4":"has-post-thumbnail","6":"pwb-brand-meergroothandel","7":"product_cat-cat-pflanzen","8":"product_cat-cat-sukkulenten","9":"product_cat-cat-zimmerpflanzen","11":"first","12":"outofstock","13":"sale","14":"taxable","15":"shipping-taxable","16":"purchasable","17":"product-type-simple"},"acf":[],"gtin":"8720985403567","brands":[{"id":4041,"name":"MEERGroothandel","slug":"meergroothandel"}],"_links":{"self":[{"href":"https:\/\/oragarden.de\/en\/wp-json\/wp\/v2\/product\/25726","targetHints":{"allow":["GET"]}}],"collection":[{"href":"https:\/\/oragarden.de\/en\/wp-json\/wp\/v2\/product"}],"about":[{"href":"https:\/\/oragarden.de\/en\/wp-json\/wp\/v2\/types\/product"}],"author":[{"embeddable":true,"href":"https:\/\/oragarden.de\/en\/wp-json\/wp\/v2\/users\/3"}],"replies":[{"embeddable":true,"href":"https:\/\/oragarden.de\/en\/wp-json\/wp\/v2\/comments?post=25726"}],"wp:featuredmedia":[{"embeddable":true,"href":"https:\/\/oragarden.de\/en\/wp-json\/wp\/v2\/media\/25727"}],"wp:attachment":[{"href":"https:\/\/oragarden.de\/en\/wp-json\/wp\/v2\/media?parent=25726"}],"wp:term":[{"taxonomy":"pwb-brand","embeddable":true,"href":"https:\/\/oragarden.de\/en\/wp-json\/wp\/v2\/pwb-brand?post=25726"},{"taxonomy":"product_cat","embeddable":true,"href":"https:\/\/oragarden.de\/en\/wp-json\/wp\/v2\/product_cat?post=25726"},{"taxonomy":"product_tag","embeddable":true,"href":"https:\/\/oragarden.de\/en\/wp-json\/wp\/v2\/product_tag?post=25726"}],"curies":[{"name":"wp","href":"https:\/\/api.w.org\/{rel}","templated":true}]}}