{"id":25717,"date":"2023-07-02T09:11:15","date_gmt":"2023-07-02T10:11:15","guid":{"rendered":"https:\/\/oragarden.de\/product\/meergroothandel-maranta-fascinator-pfeilwurz-2er-set-20-cm-o12-cm\/"},"modified":"2025-10-24T13:16:08","modified_gmt":"2025-10-24T14:16:08","slug":"meergroothandel-maranta-fascinator-pfeilwurz-2er-set-20-cm-o12-cm","status":"publish","type":"product","link":"https:\/\/oragarden.de\/en\/product\/meergroothandel-maranta-fascinator-pfeilwurz-2er-set-20-cm-o12-cm\/","title":{"rendered":"Meergroothandel Maranta Fascinator (Pfeilwurz) 2er Set &#8211; 20 cm, \u00d812 cm"},"content":{"rendered":"Der Maranta Fascinator ist eine tropische Zimmerpflanze. Diese Zimmerpflanze stammt aus dem Dschungel Brasiliens. Die Pflanze ist an den charakteristischen Zeichnungen auf den Bl\u00c3\u00a4ttern zu erkennen. \n\nIn der Natur w\u00c3\u00a4chst diese Pflanze unter gro\u00c3\u0178en B\u00c3\u00a4umen im Dschungel. Die Pflanze ist daher nicht an direktes Sonnenlicht gew\u00c3\u00b6hnt. Stellen Sie die Maranta in den Halbschatten. Ein etwas dunklerer Fleck kann auch nicht schaden. \n\nGie\u00c3\u0178en Sie diese Zimmerpflanze zweimal pro Woche in kleinen Mengen. Im Winter verbraucht die Pflanze weniger Wasser. Passen Sie die Bew\u00c3\u00a4sserung entsprechend an, damit die Wurzeln nicht verfaulen. \n\nHinweis: Die Pflanzen sind ein lebendes Produkt und k\u00c3\u00b6nnen von den Fotos und der Beschreibung abweichen. Unsere Pflanzen werden in einem Kunststofftopf geliefert. Alle Pflanzen werden direkt von der G\u00c3\u00a4rtnerei verpackt und verschickt.","protected":false},"excerpt":{"rendered":"<p>Der Maranta Fascinator ist eine tropische Zimmerpflanze. Diese Zimmerpflanze stammt aus dem Dschungel Brasiliens. Die Pflanze ist an den charakteristischen Zeichnungen auf den Bl\u00c3\u00a4ttern zu erkennen. In der Natur w\u00c3\u00a4chst diese Pflanze unter gro\u00c3\u0178en B\u00c3\u00a4umen im Dschungel. Die Pflanze ist daher nicht an direktes Sonnenlicht gew\u00c3\u00b6hnt. Stellen Sie die Maranta in den Halbschatten. Ein etwas [&hellip;]<\/p>\n","protected":false},"author":3,"featured_media":25718,"comment_status":"closed","ping_status":"closed","template":"","meta":{"inline_featured_image":false},"pwb-brand":[4041],"product_cat":[4000,5180,4770,4036],"product_tag":[],"class_list":{"0":"post-25717","1":"product","2":"type-product","3":"status-publish","4":"has-post-thumbnail","6":"pwb-brand-meergroothandel","7":"product_cat-cat-pflanzen","8":"product_cat-cat-marante","9":"product_cat-cat-pflanzen-sets","10":"product_cat-cat-zimmerpflanzen","12":"first","13":"outofstock","14":"sale","15":"taxable","16":"shipping-taxable","17":"purchasable","18":"product-type-simple"},"acf":[],"gtin":"8720634284851","brands":[{"id":4041,"name":"MEERGroothandel","slug":"meergroothandel"}],"_links":{"self":[{"href":"https:\/\/oragarden.de\/en\/wp-json\/wp\/v2\/product\/25717","targetHints":{"allow":["GET"]}}],"collection":[{"href":"https:\/\/oragarden.de\/en\/wp-json\/wp\/v2\/product"}],"about":[{"href":"https:\/\/oragarden.de\/en\/wp-json\/wp\/v2\/types\/product"}],"author":[{"embeddable":true,"href":"https:\/\/oragarden.de\/en\/wp-json\/wp\/v2\/users\/3"}],"replies":[{"embeddable":true,"href":"https:\/\/oragarden.de\/en\/wp-json\/wp\/v2\/comments?post=25717"}],"wp:featuredmedia":[{"embeddable":true,"href":"https:\/\/oragarden.de\/en\/wp-json\/wp\/v2\/media\/25718"}],"wp:attachment":[{"href":"https:\/\/oragarden.de\/en\/wp-json\/wp\/v2\/media?parent=25717"}],"wp:term":[{"taxonomy":"pwb-brand","embeddable":true,"href":"https:\/\/oragarden.de\/en\/wp-json\/wp\/v2\/pwb-brand?post=25717"},{"taxonomy":"product_cat","embeddable":true,"href":"https:\/\/oragarden.de\/en\/wp-json\/wp\/v2\/product_cat?post=25717"},{"taxonomy":"product_tag","embeddable":true,"href":"https:\/\/oragarden.de\/en\/wp-json\/wp\/v2\/product_tag?post=25717"}],"curies":[{"name":"wp","href":"https:\/\/api.w.org\/{rel}","templated":true}]}}