{"id":25708,"date":"2023-07-02T09:10:50","date_gmt":"2023-07-02T10:10:50","guid":{"rendered":"https:\/\/oragarden.de\/product\/meergroothandel-maranta-fascinator-pfeilwurz-20-cm-o12-cm\/"},"modified":"2025-10-24T13:16:08","modified_gmt":"2025-10-24T14:16:08","slug":"meergroothandel-maranta-fascinator-pfeilwurz-20-cm-o12-cm","status":"publish","type":"product","link":"https:\/\/oragarden.de\/en\/product\/meergroothandel-maranta-fascinator-pfeilwurz-20-cm-o12-cm\/","title":{"rendered":"Meergroothandel Maranta Fascinator (Pfeilwurz) &#8211; 20 cm, \u00d812 cm"},"content":{"rendered":"Diese Zimmerpflanze wird in einem 12 cm Topf geliefert.Die aktuelle H\u00f6he dieser Zimmerpflanze betr\u00e4gt etwa 30 cm.Die Zimmerpflanze gedeiht an einem Ort mit Halbschatten.Die Pflege der Zimmerpflanze ist einfach und erfordert minimalen Aufwand.Ihr einzigartiges Aussehen zeichnet sich durch lebendige, gemusterte Bl\u00e4tter aus, die sich nachts zusammenklappen.","protected":false},"excerpt":{"rendered":"<p>Diese Zimmerpflanze wird in einem 12 cm Topf geliefert.Die aktuelle H\u00f6he dieser Zimmerpflanze betr\u00e4gt etwa 30 cm.Die Zimmerpflanze gedeiht an einem Ort mit Halbschatten.Die Pflege der Zimmerpflanze ist einfach und erfordert minimalen Aufwand.Ihr einzigartiges Aussehen zeichnet sich durch lebendige, gemusterte Bl\u00e4tter aus, die sich nachts zusammenklappen.<\/p>\n","protected":false},"author":3,"featured_media":25709,"comment_status":"closed","ping_status":"closed","template":"","meta":{"inline_featured_image":false},"pwb-brand":[4041],"product_cat":[4000,5180,4036],"product_tag":[],"class_list":{"0":"post-25708","1":"product","2":"type-product","3":"status-publish","4":"has-post-thumbnail","6":"pwb-brand-meergroothandel","7":"product_cat-cat-pflanzen","8":"product_cat-cat-marante","9":"product_cat-cat-zimmerpflanzen","11":"first","12":"outofstock","13":"sale","14":"taxable","15":"shipping-taxable","16":"purchasable","17":"product-type-simple"},"acf":[],"gtin":"8720634284844","brands":[{"id":4041,"name":"MEERGroothandel","slug":"meergroothandel"}],"_links":{"self":[{"href":"https:\/\/oragarden.de\/en\/wp-json\/wp\/v2\/product\/25708","targetHints":{"allow":["GET"]}}],"collection":[{"href":"https:\/\/oragarden.de\/en\/wp-json\/wp\/v2\/product"}],"about":[{"href":"https:\/\/oragarden.de\/en\/wp-json\/wp\/v2\/types\/product"}],"author":[{"embeddable":true,"href":"https:\/\/oragarden.de\/en\/wp-json\/wp\/v2\/users\/3"}],"replies":[{"embeddable":true,"href":"https:\/\/oragarden.de\/en\/wp-json\/wp\/v2\/comments?post=25708"}],"wp:featuredmedia":[{"embeddable":true,"href":"https:\/\/oragarden.de\/en\/wp-json\/wp\/v2\/media\/25709"}],"wp:attachment":[{"href":"https:\/\/oragarden.de\/en\/wp-json\/wp\/v2\/media?parent=25708"}],"wp:term":[{"taxonomy":"pwb-brand","embeddable":true,"href":"https:\/\/oragarden.de\/en\/wp-json\/wp\/v2\/pwb-brand?post=25708"},{"taxonomy":"product_cat","embeddable":true,"href":"https:\/\/oragarden.de\/en\/wp-json\/wp\/v2\/product_cat?post=25708"},{"taxonomy":"product_tag","embeddable":true,"href":"https:\/\/oragarden.de\/en\/wp-json\/wp\/v2\/product_tag?post=25708"}],"curies":[{"name":"wp","href":"https:\/\/api.w.org\/{rel}","templated":true}]}}