{"id":25696,"date":"2023-07-02T09:09:48","date_gmt":"2023-07-02T10:09:48","guid":{"rendered":"https:\/\/oragarden.de\/product\/house-of-cactus-echeveria-mischung-3er-set-10-5-cm\/"},"modified":"2025-10-24T13:16:07","modified_gmt":"2025-10-24T14:16:07","slug":"house-of-cactus-echeveria-mischung-3er-set-10-5-cm","status":"publish","type":"product","link":"https:\/\/oragarden.de\/en\/product\/house-of-cactus-echeveria-mischung-3er-set-10-5-cm\/","title":{"rendered":"House Of Cactus Echeveria-Mischung 3er Set 10.5 cm"},"content":{"rendered":"Dies ist eine Mischung voller blumenf\u00f6rmiger Perlen! Diese Echeveria-Mischung besteht aus 3 Echeverien, die sich in der Farbe unterscheiden. Die Echeverien kommen direkt vom Erzeuger und sind daher von h\u00f6chster Qualit\u00e4t.","protected":false},"excerpt":{"rendered":"<p>Dies ist eine Mischung voller blumenf\u00f6rmiger Perlen! Diese Echeveria-Mischung besteht aus 3 Echeverien, die sich in der Farbe unterscheiden. Die Echeverien kommen direkt vom Erzeuger und sind daher von h\u00f6chster Qualit\u00e4t.<\/p>\n","protected":false},"author":3,"featured_media":25697,"comment_status":"closed","ping_status":"closed","template":"","meta":{"inline_featured_image":false},"pwb-brand":[5101],"product_cat":[4000,5977,4770,5096,4036],"product_tag":[],"class_list":{"0":"post-25696","1":"product","2":"type-product","3":"status-publish","4":"has-post-thumbnail","6":"pwb-brand-house-of-cactus","7":"product_cat-cat-pflanzen","8":"product_cat-cat-geschenke-fur-pflanzenliebhaber-und-innen","9":"product_cat-cat-pflanzen-sets","10":"product_cat-cat-sukkulenten","11":"product_cat-cat-zimmerpflanzen","13":"first","14":"outofstock","15":"sale","16":"taxable","17":"shipping-taxable","18":"purchasable","19":"product-type-simple"},"acf":[],"gtin":"8720387961498","brands":[{"id":5101,"name":"House Of Cactus","slug":"house-of-cactus"}],"_links":{"self":[{"href":"https:\/\/oragarden.de\/en\/wp-json\/wp\/v2\/product\/25696","targetHints":{"allow":["GET"]}}],"collection":[{"href":"https:\/\/oragarden.de\/en\/wp-json\/wp\/v2\/product"}],"about":[{"href":"https:\/\/oragarden.de\/en\/wp-json\/wp\/v2\/types\/product"}],"author":[{"embeddable":true,"href":"https:\/\/oragarden.de\/en\/wp-json\/wp\/v2\/users\/3"}],"replies":[{"embeddable":true,"href":"https:\/\/oragarden.de\/en\/wp-json\/wp\/v2\/comments?post=25696"}],"wp:featuredmedia":[{"embeddable":true,"href":"https:\/\/oragarden.de\/en\/wp-json\/wp\/v2\/media\/25697"}],"wp:attachment":[{"href":"https:\/\/oragarden.de\/en\/wp-json\/wp\/v2\/media?parent=25696"}],"wp:term":[{"taxonomy":"pwb-brand","embeddable":true,"href":"https:\/\/oragarden.de\/en\/wp-json\/wp\/v2\/pwb-brand?post=25696"},{"taxonomy":"product_cat","embeddable":true,"href":"https:\/\/oragarden.de\/en\/wp-json\/wp\/v2\/product_cat?post=25696"},{"taxonomy":"product_tag","embeddable":true,"href":"https:\/\/oragarden.de\/en\/wp-json\/wp\/v2\/product_tag?post=25696"}],"curies":[{"name":"wp","href":"https:\/\/api.w.org\/{rel}","templated":true}]}}