{"id":25662,"date":"2023-07-02T09:04:39","date_gmt":"2023-07-02T10:04:39","guid":{"rendered":"https:\/\/oragarden.de\/product\/meergroothandel-euphorbia-ingens-saeulenkaktus-60-cm-o-21-cm\/"},"modified":"2025-10-24T13:16:05","modified_gmt":"2025-10-24T14:16:05","slug":"meergroothandel-euphorbia-ingens-saeulenkaktus-60-cm-o-21-cm","status":"publish","type":"product","link":"https:\/\/oragarden.de\/en\/product\/meergroothandel-euphorbia-ingens-saeulenkaktus-60-cm-o-21-cm\/","title":{"rendered":"Meergroothandel Euphorbia Ingens (S\u00e4ulenkaktus) &#8211; 60 cm, \u00d8 21 cm"},"content":{"rendered":"Die Euphorbia Ingens ist eine der beliebtesten Kakteen. Urspr\u00fcnglich stammt dieser Kaktus aus S\u00fcdafrika. \r\n\r\nDieser Kaktus mag einen hellen, sonnigen Standort. Dieser Kaktus f\u00fchlt sich auch im Schatten wohl. Im Sommer k\u00f6nnen Sie ihn sogar drau\u00dfen aufstellen. \r\n\r\nGie\u00dfen Sie die Euphorbia Ingens in w\u00e4rmeren Perioden alle zwei Wochen. Im Herbst und Winter gen\u00fcgt ein Mal pro Monat. \r\n\r\nBitte beachten Sie, dass es sich bei den Pflanzen um ein lebendes Produkt handelt, das von den Fotos und der Beschreibung abweichen kann. Unsere Pflanzen werden in einem Kunststofftopf geliefert. Alle Pflanzen werden direkt von der G\u00e4rtnerei verpackt und versandt.","protected":false},"excerpt":{"rendered":"<p>Die Euphorbia Ingens ist eine der beliebtesten Kakteen. Urspr\u00fcnglich stammt dieser Kaktus aus S\u00fcdafrika. Dieser Kaktus mag einen hellen, sonnigen Standort. Dieser Kaktus f\u00fchlt sich auch im Schatten wohl. Im Sommer k\u00f6nnen Sie ihn sogar drau\u00dfen aufstellen. Gie\u00dfen Sie die Euphorbia Ingens in w\u00e4rmeren Perioden alle zwei Wochen. Im Herbst und Winter gen\u00fcgt ein Mal [&hellip;]<\/p>\n","protected":false},"author":3,"featured_media":25663,"comment_status":"closed","ping_status":"closed","template":"","meta":{"inline_featured_image":false},"pwb-brand":[4041],"product_cat":[4000,5099,4036],"product_tag":[],"class_list":{"0":"post-25662","1":"product","2":"type-product","3":"status-publish","4":"has-post-thumbnail","6":"pwb-brand-meergroothandel","7":"product_cat-cat-pflanzen","8":"product_cat-cat-kakteen","9":"product_cat-cat-zimmerpflanzen","11":"first","12":"outofstock","13":"sale","14":"taxable","15":"shipping-taxable","16":"purchasable","17":"product-type-simple"},"acf":[],"gtin":"8720634285315","brands":[{"id":4041,"name":"MEERGroothandel","slug":"meergroothandel"}],"_links":{"self":[{"href":"https:\/\/oragarden.de\/en\/wp-json\/wp\/v2\/product\/25662","targetHints":{"allow":["GET"]}}],"collection":[{"href":"https:\/\/oragarden.de\/en\/wp-json\/wp\/v2\/product"}],"about":[{"href":"https:\/\/oragarden.de\/en\/wp-json\/wp\/v2\/types\/product"}],"author":[{"embeddable":true,"href":"https:\/\/oragarden.de\/en\/wp-json\/wp\/v2\/users\/3"}],"replies":[{"embeddable":true,"href":"https:\/\/oragarden.de\/en\/wp-json\/wp\/v2\/comments?post=25662"}],"wp:featuredmedia":[{"embeddable":true,"href":"https:\/\/oragarden.de\/en\/wp-json\/wp\/v2\/media\/25663"}],"wp:attachment":[{"href":"https:\/\/oragarden.de\/en\/wp-json\/wp\/v2\/media?parent=25662"}],"wp:term":[{"taxonomy":"pwb-brand","embeddable":true,"href":"https:\/\/oragarden.de\/en\/wp-json\/wp\/v2\/pwb-brand?post=25662"},{"taxonomy":"product_cat","embeddable":true,"href":"https:\/\/oragarden.de\/en\/wp-json\/wp\/v2\/product_cat?post=25662"},{"taxonomy":"product_tag","embeddable":true,"href":"https:\/\/oragarden.de\/en\/wp-json\/wp\/v2\/product_tag?post=25662"}],"curies":[{"name":"wp","href":"https:\/\/api.w.org\/{rel}","templated":true}]}}